{"id":7467,"date":"2023-02-09T13:41:32","date_gmt":"2023-02-09T13:41:32","guid":{"rendered":"https:\/\/www.kdriu.hu\/?page_id=7467"},"modified":"2023-02-09T13:51:59","modified_gmt":"2023-02-09T13:51:59","slug":"hypro4st","status":"publish","type":"page","link":"https:\/\/www.kdriu.hu\/en\/hypro4st\/","title":{"rendered":"HyPro4ST | Erasmus+"},"content":{"rendered":"<div data-elementor-type=\"wp-page\" data-elementor-id=\"7467\" class=\"elementor elementor-7467\" data-elementor-post-type=\"page\">\n\t\t\t\t\t\t<section class=\"elementor-section elementor-top-section elementor-element elementor-element-205af3ef elementor-section-stretched elementor-section-height-min-height elementor-section-boxed elementor-section-height-default elementor-section-items-middle elementor-invisible\" data-id=\"205af3ef\" data-element_type=\"section\" data-e-type=\"section\" data-settings=\"{&quot;background_background&quot;:&quot;classic&quot;,&quot;stretch_section&quot;:&quot;section-stretched&quot;,&quot;animation&quot;:&quot;fadeIn&quot;}\">\n\t\t\t\t\t\t\t<div class=\"elementor-background-overlay\"><\/div>\n\t\t\t\t\t\t\t<div class=\"elementor-container elementor-column-gap-no\">\n\t\t\t\t\t<div class=\"elementor-column elementor-col-100 elementor-top-column elementor-element elementor-element-75983425\" data-id=\"75983425\" data-element_type=\"column\" data-e-type=\"column\">\n\t\t\t<div class=\"elementor-widget-wrap elementor-element-populated\">\n\t\t\t\t\t\t<div class=\"elementor-element elementor-element-336ad4d elementor-widget elementor-widget-spacer\" data-id=\"336ad4d\" data-element_type=\"widget\" data-e-type=\"widget\" data-widget_type=\"spacer.default\">\n\t\t\t\t<div class=\"elementor-widget-container\">\n\t\t\t\t\t\t\t<div class=\"elementor-spacer\">\n\t\t\t<div class=\"elementor-spacer-inner\"><\/div>\n\t\t<\/div>\n\t\t\t\t\t\t<\/div>\n\t\t\t\t<\/div>\n\t\t\t\t<div class=\"elementor-element elementor-element-72ab1c40 elementor-widget elementor-widget-heading\" data-id=\"72ab1c40\" data-element_type=\"widget\" data-e-type=\"widget\" data-widget_type=\"heading.default\">\n\t\t\t\t<div class=\"elementor-widget-container\">\n\t\t\t\t\t<h2 class=\"elementor-heading-title elementor-size-default\">HyPro4ST | Erasmus+<\/h2>\t\t\t\t<\/div>\n\t\t\t\t<\/div>\n\t\t\t\t\t<\/div>\n\t\t<\/div>\n\t\t\t\t\t<\/div>\n\t\t<\/section>\n\t\t\t\t<section class=\"elementor-section elementor-top-section elementor-element elementor-element-5517aaa2 elementor-section-stretched elementor-section-boxed elementor-section-height-default elementor-section-height-default\" data-id=\"5517aaa2\" data-element_type=\"section\" data-e-type=\"section\" data-settings=\"{&quot;stretch_section&quot;:&quot;section-stretched&quot;,&quot;background_background&quot;:&quot;classic&quot;}\">\n\t\t\t\t\t\t<div class=\"elementor-container elementor-column-gap-no\">\n\t\t\t\t\t<div class=\"elementor-column elementor-col-100 elementor-top-column elementor-element elementor-element-430ccc20\" data-id=\"430ccc20\" data-element_type=\"column\" data-e-type=\"column\">\n\t\t\t<div class=\"elementor-widget-wrap elementor-element-populated\">\n\t\t\t\t\t\t<section class=\"elementor-section elementor-inner-section elementor-element elementor-element-185b23bb elementor-section-boxed elementor-section-height-default elementor-section-height-default\" data-id=\"185b23bb\" data-element_type=\"section\" data-e-type=\"section\">\n\t\t\t\t\t\t<div class=\"elementor-container elementor-column-gap-default\">\n\t\t\t\t\t<div class=\"elementor-column elementor-col-100 elementor-inner-column elementor-element elementor-element-2158d2fd\" data-id=\"2158d2fd\" data-element_type=\"column\" data-e-type=\"column\" data-settings=\"{&quot;background_background&quot;:&quot;classic&quot;}\">\n\t\t\t<div class=\"elementor-widget-wrap elementor-element-populated\">\n\t\t\t\t\t\t<div class=\"elementor-element elementor-element-46539282 elementor-widget elementor-widget-image\" data-id=\"46539282\" data-element_type=\"widget\" data-e-type=\"widget\" data-widget_type=\"image.default\">\n\t\t\t\t<div class=\"elementor-widget-container\">\n\t\t\t\t\t\t\t\t\t\t\t\t\t\t\t<img fetchpriority=\"high\" decoding=\"async\" width=\"1024\" height=\"341\" src=\"https:\/\/www.kdriu.hu\/wp-content\/uploads\/2023\/02\/linkdin-coverpage-2-1024x341.jpg\" class=\"attachment-large size-large wp-image-7471\" alt=\"\" srcset=\"https:\/\/www.kdriu.hu\/wp-content\/uploads\/2023\/02\/linkdin-coverpage-2-1024x341.jpg 1024w, https:\/\/www.kdriu.hu\/wp-content\/uploads\/2023\/02\/linkdin-coverpage-2-300x100.jpg 300w, https:\/\/www.kdriu.hu\/wp-content\/uploads\/2023\/02\/linkdin-coverpage-2-768x256.jpg 768w, https:\/\/www.kdriu.hu\/wp-content\/uploads\/2023\/02\/linkdin-coverpage-2-18x6.jpg 18w, https:\/\/www.kdriu.hu\/wp-content\/uploads\/2023\/02\/linkdin-coverpage-2.jpg 1128w\" sizes=\"(max-width: 1024px) 100vw, 1024px\" \/>\t\t\t\t\t\t\t\t\t\t\t\t\t\t\t<\/div>\n\t\t\t\t<\/div>\n\t\t\t\t<div class=\"elementor-element elementor-element-6112b7c0 elementor-widget elementor-widget-text-editor\" data-id=\"6112b7c0\" data-element_type=\"widget\" data-e-type=\"widget\" data-widget_type=\"text-editor.default\">\n\t\t\t\t<div class=\"elementor-widget-container\">\n\t\t\t\t\t\t\t\t\t<p>The tourism sector across Europe is undergoing profound changes as we live in an era of project, digital, creative, entrepreneurial and green economy, so a holistic approach to sustainable tourism development is key.<\/p><p>A HyPro4ST \u00f6sszefog\u00e1s c\u00e9lja, hogy pozit\u00edv t\u00e1rsadalmi \u00e9s fenntarthat\u00f3 hat\u00e1st gyakoroljon a turisztikai \u00e1gazatra. Ennek \u00e9rdek\u00e9ben a projektben r\u00e9sztvev\u0151 partnerek a fenntarthat\u00f3 turisztikai \u00e1gazat sz\u00e1m\u00e1ra \u00faj, &#8222;fenntarthat\u00f3 \u00e9s hibrid projektmenedzser&#8221; munkak\u00f6rt k\u00edv\u00e1nnak kialak\u00edtani, akik a fenntarthat\u00f3, hibrid, digit\u00e1lis, kreat\u00edv \u00e9s v\u00e1llalkoz\u00f3i projektmenedzsment ter\u00fclet\u00e9n szerezhetnek rendk\u00edv\u00fcl hasznos tud\u00e1st.\u00a0 A projekt szeretn\u00e9 el\u00e9rni tov\u00e1bb\u00e1 a szakk\u00e9pz\u00e9si \u00e9s fels\u0151oktat\u00e1si oktat\u00f3k k\u00e9szs\u00e9geinek b\u0151v\u00edt\u00e9s\u00e9t, hogy alkalmazkodni tudjanak a turisztikai munkaer\u0151piac ig\u00e9nyeihez.<\/p><p>The project will develop a training programme that will be in line with the ECVET\/EQF\/EQAVET and micro-credit approaches. During the implementation period, 6 seminars, 6 online courses and 2 international training activities will be organised, developing the competences of 700 professionals.<\/p><p><strong>Project ID: <\/strong>01056300 &#8211; HyPro4ST &#8211; ERASMUS-EDU-2021-PI-ALLINNO<\/p><p class=\"MsoNormal\" style=\"margin-bottom: 19.2pt; line-height: normal; background-image: initial; background-position: initial; background-size: initial; background-repeat: initial; background-attachment: initial; background-origin: initial; background-clip: initial;\"><strong>Duration of the project:<\/strong> 2022. j\u00falius 1. \u2013 2025. j\u00fanius 30.<\/p><p class=\"MsoNormal\" style=\"margin-bottom: 19.2pt; line-height: normal; background-image: initial; background-position: initial; background-size: initial; background-repeat: initial; background-attachment: initial; background-origin: initial; background-clip: initial;\"><strong>Total project budget:<\/strong> 1.718.287,5 EUR<\/p>\t\t\t\t\t\t\t\t<\/div>\n\t\t\t\t<\/div>\n\t\t\t\t<div class=\"elementor-element elementor-element-5ca98b57 elementor-widget elementor-widget-heading\" data-id=\"5ca98b57\" data-element_type=\"widget\" data-e-type=\"widget\" data-widget_type=\"heading.default\">\n\t\t\t\t<div class=\"elementor-widget-container\">\n\t\t\t\t\t<h4 class=\"elementor-heading-title elementor-size-default\">Project partners:<\/h4>\t\t\t\t<\/div>\n\t\t\t\t<\/div>\n\t\t\t\t<div class=\"elementor-element elementor-element-744f82d7 elementor-widget elementor-widget-text-editor\" data-id=\"744f82d7\" data-element_type=\"widget\" data-e-type=\"widget\" data-widget_type=\"text-editor.default\">\n\t\t\t\t<div class=\"elementor-widget-container\">\n\t\t\t\t\t\t\t\t\t<p align=\"justify\">Diktyo Poleon Gia Ti Viosimi Anaptyxi Kai Kykliki Oikonomia \u2013 Greece<\/p><p align=\"justify\"><span style=\"color: var(--ast-global-color-3); font-style: inherit; font-weight: inherit;\">Razvojni Center Srca Slovenije Doo \u2013 Slovenia<\/span><\/p><p align=\"justify\">Univerza V Ljubljani \u2013 Slovenia<\/p><p align=\"justify\">Institut Za Poljoprivredu I Turizam Ustanova \u2013 Croatia<\/p><p align=\"justify\">University Of Rijeka, Faculty Of Tourism And Hospitality Management \u2013 Croatia<\/p><p align=\"justify\">Cesie \u2013 Italy<\/p><p align=\"justify\">Corinthia Hotels Association \u2013 Greece<\/p><p align=\"justify\">Olympiaki Epaideftiki Kai Symvouleftiki Epe \u2013 Greece<\/p><p align=\"justify\">Research Innovation And Development Lab Private Company \u2013 Greece<\/p><p align=\"justify\">Post-innovation For Sustainable Development \u2013 Greece<\/p><p align=\"justify\">CTRIA - Central Transdanubian Regional Innovation Agency Nonprofit Ltd. - Hungary<\/p><p align=\"justify\">Biosphere \u2013 Portugal<\/p><p align=\"justify\">Universidade De Aveiro \u2013 Portugal<\/p><p align=\"justify\">Confesercenti Provinciale Di Palermo \u2013 Italy<\/p><p align=\"justify\">Minerva 90 Kft. \u2013 Hungary<\/p><p align=\"justify\">T\u00fcv Austria Servis D.o.o. \u2013 Slovenia<\/p>\t\t\t\t\t\t\t\t<\/div>\n\t\t\t\t<\/div>\n\t\t\t\t<div class=\"elementor-element elementor-element-397f376e elementor-widget elementor-widget-heading\" data-id=\"397f376e\" data-element_type=\"widget\" data-e-type=\"widget\" data-widget_type=\"heading.default\">\n\t\t\t\t<div class=\"elementor-widget-container\">\n\t\t\t\t\t<h4 class=\"elementor-heading-title elementor-size-default\">Official website of the programme:<\/h4>\t\t\t\t<\/div>\n\t\t\t\t<\/div>\n\t\t\t\t<div class=\"elementor-element elementor-element-4b6f1600 elementor-widget elementor-widget-text-editor\" data-id=\"4b6f1600\" data-element_type=\"widget\" data-e-type=\"widget\" data-widget_type=\"text-editor.default\">\n\t\t\t\t<div class=\"elementor-widget-container\">\n\t\t\t\t\t\t\t\t\t<p><a href=\"https:\/\/hypro4st-project.eu\/\" target=\"_blank\" rel=\"noopener\">hypro4st-project.eu<\/a><\/p>\t\t\t\t\t\t\t\t<\/div>\n\t\t\t\t<\/div>\n\t\t\t\t<div class=\"elementor-element elementor-element-23018459 elementor-widget elementor-widget-toggle\" data-id=\"23018459\" data-element_type=\"widget\" data-e-type=\"widget\" data-widget_type=\"toggle.default\">\n\t\t\t\t<div class=\"elementor-widget-container\">\n\t\t\t\t\t\t\t<div class=\"elementor-toggle\">\n\t\t\t\t\t\t\t<div class=\"elementor-toggle-item\">\n\t\t\t\t\t<div id=\"elementor-tab-title-5871\" class=\"elementor-tab-title\" data-tab=\"1\" role=\"button\" aria-controls=\"elementor-tab-content-5871\" aria-expanded=\"false\">\n\t\t\t\t\t\t\t\t\t\t\t\t<span class=\"elementor-toggle-icon elementor-toggle-icon-left\" aria-hidden=\"true\">\n\t\t\t\t\t\t\t\t\t\t\t\t\t\t\t<span class=\"elementor-toggle-icon-closed\"><i class=\"fas fa-caret-right\"><\/i><\/span>\n\t\t\t\t\t\t\t\t<span class=\"elementor-toggle-icon-opened\"><i class=\"elementor-toggle-icon-opened fas fa-caret-up\"><\/i><\/span>\n\t\t\t\t\t\t\t\t\t\t\t\t\t<\/span>\n\t\t\t\t\t\t\t\t\t\t\t\t<a class=\"elementor-toggle-title\" tabindex=\"0\">More news and posts about the project:<\/a>\n\t\t\t\t\t<\/div>\n\n\t\t\t\t\t<div id=\"elementor-tab-content-5871\" class=\"elementor-tab-content elementor-clearfix\" data-tab=\"1\" role=\"region\" aria-labelledby=\"elementor-tab-title-5871\"><\/div>\n\t\t\t\t<\/div>\n\t\t\t\t\t\t\t\t<\/div>\n\t\t\t\t\t\t<\/div>\n\t\t\t\t<\/div>\n\t\t\t\t\t<\/div>\n\t\t<\/div>\n\t\t\t\t\t<\/div>\n\t\t<\/section>\n\t\t\t\t\t<\/div>\n\t\t<\/div>\n\t\t\t\t\t<\/div>\n\t\t<\/section>\n\t\t\t\t<\/div>","protected":false},"excerpt":{"rendered":"<p>HyPro4ST | Erasmus+ A turisztikai \u00e1gazat Eur\u00f3pa eg\u00e9sz ter\u00fclet\u00e9n m\u00e9lyrehat\u00f3 v\u00e1ltoz\u00e1sokon megy kereszt\u00fcl, mivel a projekt-, digit\u00e1lis, kreat\u00edv, v\u00e1llalkoz\u00f3i \u00e9s z\u00f6ld gazdas\u00e1g korszak\u00e1ban \u00e9l\u00fcnk, ez\u00e9rt a fenntarthat\u00f3 turizmusfejleszt\u00e9s \u00e1tfog\u00f3 megk\u00f6zel\u00edt\u00e9s\u00e9nek alkalmaz\u00e1sa kulcsfontoss\u00e1g\u00fa. A HyPro4ST \u00f6sszefog\u00e1s c\u00e9lja, hogy pozit\u00edv t\u00e1rsadalmi \u00e9s fenntarthat\u00f3 hat\u00e1st gyakoroljon a turisztikai \u00e1gazatra. Ennek \u00e9rdek\u00e9ben a projektben r\u00e9sztvev\u0151 partnerek a fenntarthat\u00f3 turisztikai [&hellip;]<\/p>\n","protected":false},"author":1,"featured_media":0,"parent":0,"menu_order":0,"comment_status":"closed","ping_status":"closed","template":"","meta":{"site-sidebar-layout":"no-sidebar","site-content-layout":"page-builder","ast-site-content-layout":"default","site-content-style":"default","site-sidebar-style":"default","ast-global-header-display":"","ast-banner-title-visibility":"","ast-main-header-display":"","ast-hfb-above-header-display":"","ast-hfb-below-header-display":"","ast-hfb-mobile-header-display":"","site-post-title":"disabled","ast-breadcrumbs-content":"","ast-featured-img":"disabled","footer-sml-layout":"","ast-disable-related-posts":"","theme-transparent-header-meta":"","adv-header-id-meta":"","stick-header-meta":"","header-above-stick-meta":"","header-main-stick-meta":"","header-below-stick-meta":"","astra-migrate-meta-layouts":"default","ast-page-background-enabled":"default","ast-page-background-meta":{"desktop":{"background-color":"","background-image":"","background-repeat":"repeat","background-position":"center center","background-size":"auto","background-attachment":"scroll","background-type":"","background-media":"","overlay-type":"","overlay-color":"","overlay-opacity":"","overlay-gradient":""},"tablet":{"background-color":"","background-image":"","background-repeat":"repeat","background-position":"center center","background-size":"auto","background-attachment":"scroll","background-type":"","background-media":"","overlay-type":"","overlay-color":"","overlay-opacity":"","overlay-gradient":""},"mobile":{"background-color":"","background-image":"","background-repeat":"repeat","background-position":"center center","background-size":"auto","background-attachment":"scroll","background-type":"","background-media":"","overlay-type":"","overlay-color":"","overlay-opacity":"","overlay-gradient":""}},"ast-content-background-meta":{"desktop":{"background-color":"var(--ast-global-color-5)","background-image":"","background-repeat":"repeat","background-position":"center center","background-size":"auto","background-attachment":"scroll","background-type":"","background-media":"","overlay-type":"","overlay-color":"","overlay-opacity":"","overlay-gradient":""},"tablet":{"background-color":"var(--ast-global-color-5)","background-image":"","background-repeat":"repeat","background-position":"center center","background-size":"auto","background-attachment":"scroll","background-type":"","background-media":"","overlay-type":"","overlay-color":"","overlay-opacity":"","overlay-gradient":""},"mobile":{"background-color":"var(--ast-global-color-5)","background-image":"","background-repeat":"repeat","background-position":"center center","background-size":"auto","background-attachment":"scroll","background-type":"","background-media":"","overlay-type":"","overlay-color":"","overlay-opacity":"","overlay-gradient":""}},"footnotes":""},"class_list":["post-7467","page","type-page","status-publish","hentry"],"_links":{"self":[{"href":"https:\/\/www.kdriu.hu\/en\/wp-json\/wp\/v2\/pages\/7467","targetHints":{"allow":["GET"]}}],"collection":[{"href":"https:\/\/www.kdriu.hu\/en\/wp-json\/wp\/v2\/pages"}],"about":[{"href":"https:\/\/www.kdriu.hu\/en\/wp-json\/wp\/v2\/types\/page"}],"author":[{"embeddable":true,"href":"https:\/\/www.kdriu.hu\/en\/wp-json\/wp\/v2\/users\/1"}],"replies":[{"embeddable":true,"href":"https:\/\/www.kdriu.hu\/en\/wp-json\/wp\/v2\/comments?post=7467"}],"version-history":[{"count":16,"href":"https:\/\/www.kdriu.hu\/en\/wp-json\/wp\/v2\/pages\/7467\/revisions"}],"predecessor-version":[{"id":7486,"href":"https:\/\/www.kdriu.hu\/en\/wp-json\/wp\/v2\/pages\/7467\/revisions\/7486"}],"wp:attachment":[{"href":"https:\/\/www.kdriu.hu\/en\/wp-json\/wp\/v2\/media?parent=7467"}],"curies":[{"name":"wp","href":"https:\/\/api.w.org\/{rel}","templated":true}]}}