{"id":7538,"date":"2023-04-02T15:37:58","date_gmt":"2023-04-02T15:37:58","guid":{"rendered":"https:\/\/www.kdriu.hu\/?page_id=7538"},"modified":"2023-07-13T09:23:42","modified_gmt":"2023-07-13T09:23:42","slug":"highfive","status":"publish","type":"page","link":"https:\/\/www.kdriu.hu\/en\/highfive\/","title":{"rendered":"HIGHFIVE | HORIZON"},"content":{"rendered":"<div data-elementor-type=\"wp-page\" data-elementor-id=\"7538\" class=\"elementor elementor-7538\" data-elementor-post-type=\"page\">\n\t\t\t\t\t\t<section class=\"elementor-section elementor-top-section elementor-element elementor-element-3d23af1c elementor-section-stretched elementor-section-height-min-height elementor-section-boxed elementor-section-height-default elementor-section-items-middle elementor-invisible\" data-id=\"3d23af1c\" data-element_type=\"section\" data-e-type=\"section\" data-settings=\"{&quot;background_background&quot;:&quot;classic&quot;,&quot;stretch_section&quot;:&quot;section-stretched&quot;,&quot;animation&quot;:&quot;fadeIn&quot;}\">\n\t\t\t\t\t\t\t<div class=\"elementor-background-overlay\"><\/div>\n\t\t\t\t\t\t\t<div class=\"elementor-container elementor-column-gap-no\">\n\t\t\t\t\t<div class=\"elementor-column elementor-col-100 elementor-top-column elementor-element elementor-element-62d9ff08\" data-id=\"62d9ff08\" data-element_type=\"column\" data-e-type=\"column\">\n\t\t\t<div class=\"elementor-widget-wrap elementor-element-populated\">\n\t\t\t\t\t\t<div class=\"elementor-element elementor-element-50d203bb elementor-widget elementor-widget-spacer\" data-id=\"50d203bb\" data-element_type=\"widget\" data-e-type=\"widget\" data-widget_type=\"spacer.default\">\n\t\t\t\t<div class=\"elementor-widget-container\">\n\t\t\t\t\t\t\t<div class=\"elementor-spacer\">\n\t\t\t<div class=\"elementor-spacer-inner\"><\/div>\n\t\t<\/div>\n\t\t\t\t\t\t<\/div>\n\t\t\t\t<\/div>\n\t\t\t\t<div class=\"elementor-element elementor-element-503ca86a elementor-widget elementor-widget-heading\" data-id=\"503ca86a\" data-element_type=\"widget\" data-e-type=\"widget\" data-widget_type=\"heading.default\">\n\t\t\t\t<div class=\"elementor-widget-container\">\n\t\t\t\t\t<h2 class=\"elementor-heading-title elementor-size-default\">HIGHFIVE | HORIZON<\/h2>\t\t\t\t<\/div>\n\t\t\t\t<\/div>\n\t\t\t\t\t<\/div>\n\t\t<\/div>\n\t\t\t\t\t<\/div>\n\t\t<\/section>\n\t\t\t\t<section class=\"elementor-section elementor-top-section elementor-element elementor-element-3a7afea6 elementor-section-stretched elementor-section-boxed elementor-section-height-default elementor-section-height-default\" data-id=\"3a7afea6\" data-element_type=\"section\" data-e-type=\"section\" data-settings=\"{&quot;stretch_section&quot;:&quot;section-stretched&quot;,&quot;background_background&quot;:&quot;classic&quot;}\">\n\t\t\t\t\t\t<div class=\"elementor-container elementor-column-gap-no\">\n\t\t\t\t\t<div class=\"elementor-column elementor-col-100 elementor-top-column elementor-element elementor-element-5faf29ca\" data-id=\"5faf29ca\" data-element_type=\"column\" data-e-type=\"column\">\n\t\t\t<div class=\"elementor-widget-wrap elementor-element-populated\">\n\t\t\t\t\t\t<section class=\"elementor-section elementor-inner-section elementor-element elementor-element-41e7c527 elementor-section-boxed elementor-section-height-default elementor-section-height-default\" data-id=\"41e7c527\" data-element_type=\"section\" data-e-type=\"section\">\n\t\t\t\t\t\t<div class=\"elementor-container elementor-column-gap-default\">\n\t\t\t\t\t<div class=\"elementor-column elementor-col-100 elementor-inner-column elementor-element elementor-element-7252d9c4\" data-id=\"7252d9c4\" data-element_type=\"column\" data-e-type=\"column\" data-settings=\"{&quot;background_background&quot;:&quot;classic&quot;}\">\n\t\t\t<div class=\"elementor-widget-wrap elementor-element-populated\">\n\t\t\t\t\t\t<div class=\"elementor-element elementor-element-fde5ab6 elementor-widget elementor-widget-image\" data-id=\"fde5ab6\" data-element_type=\"widget\" data-e-type=\"widget\" data-widget_type=\"image.default\">\n\t\t\t\t<div class=\"elementor-widget-container\">\n\t\t\t\t\t\t\t\t\t\t\t\t\t\t\t<img decoding=\"async\" width=\"300\" height=\"63\" src=\"https:\/\/www.kdriu.hu\/wp-content\/uploads\/2022\/08\/EN-Co-Funded-by-the-EU_POS-300x63.png\" class=\"attachment-medium size-medium wp-image-6950\" alt=\"\" srcset=\"https:\/\/www.kdriu.hu\/wp-content\/uploads\/2022\/08\/EN-Co-Funded-by-the-EU_POS-300x63.png 300w, https:\/\/www.kdriu.hu\/wp-content\/uploads\/2022\/08\/EN-Co-Funded-by-the-EU_POS-1024x215.png 1024w, https:\/\/www.kdriu.hu\/wp-content\/uploads\/2022\/08\/EN-Co-Funded-by-the-EU_POS-768x161.png 768w, https:\/\/www.kdriu.hu\/wp-content\/uploads\/2022\/08\/EN-Co-Funded-by-the-EU_POS-1536x322.png 1536w, https:\/\/www.kdriu.hu\/wp-content\/uploads\/2022\/08\/EN-Co-Funded-by-the-EU_POS-2048x430.png 2048w, https:\/\/www.kdriu.hu\/wp-content\/uploads\/2022\/08\/EN-Co-Funded-by-the-EU_POS-18x4.png 18w\" sizes=\"(max-width: 300px) 100vw, 300px\" \/>\t\t\t\t\t\t\t\t\t\t\t\t\t\t\t<\/div>\n\t\t\t\t<\/div>\n\t\t\t\t<div class=\"elementor-element elementor-element-6b5b079 elementor-widget elementor-widget-image\" data-id=\"6b5b079\" data-element_type=\"widget\" data-e-type=\"widget\" data-widget_type=\"image.default\">\n\t\t\t\t<div class=\"elementor-widget-container\">\n\t\t\t\t\t\t\t\t\t\t\t\t\t\t\t<img decoding=\"async\" width=\"150\" height=\"150\" src=\"https:\/\/www.kdriu.hu\/wp-content\/uploads\/2023\/04\/highfive_logo-150x150.png\" class=\"attachment-thumbnail size-thumbnail wp-image-7545\" alt=\"\" srcset=\"https:\/\/www.kdriu.hu\/wp-content\/uploads\/2023\/04\/highfive_logo-150x150.png 150w, https:\/\/www.kdriu.hu\/wp-content\/uploads\/2023\/04\/highfive_logo-300x300.png 300w, https:\/\/www.kdriu.hu\/wp-content\/uploads\/2023\/04\/highfive_logo-1024x1024.png 1024w, https:\/\/www.kdriu.hu\/wp-content\/uploads\/2023\/04\/highfive_logo-768x768.png 768w, https:\/\/www.kdriu.hu\/wp-content\/uploads\/2023\/04\/highfive_logo-1536x1536.png 1536w, https:\/\/www.kdriu.hu\/wp-content\/uploads\/2023\/04\/highfive_logo-12x12.png 12w, https:\/\/www.kdriu.hu\/wp-content\/uploads\/2023\/04\/highfive_logo.png 1772w\" sizes=\"(max-width: 150px) 100vw, 150px\" \/>\t\t\t\t\t\t\t\t\t\t\t\t\t\t\t<\/div>\n\t\t\t\t<\/div>\n\t\t\t\t<div class=\"elementor-element elementor-element-e00294 elementor-widget elementor-widget-text-editor\" data-id=\"e00294\" data-element_type=\"widget\" data-e-type=\"widget\" data-widget_type=\"text-editor.default\">\n\t\t\t\t<div class=\"elementor-widget-container\">\n\t\t\t\t\t\t\t\t\t<p>The overall goal of \u201cenHancing dIgital and Green growtH in the Food processing industry via Interregional innoVation invEstments\u201d (HIGHFIVE) is to foster, enable and facilitate SME targeted and interregional investment actions to implement or bring to the market innovative digital solutions to concrete challenges of the food processing companies and thus contributing to the Farm to Fork strategy.<\/p><p>Therefore, HIGHFIVE builds upon and contributes to strategy and implementation roadmap of the S3 partnership SS4AF, with all cluster partners of the HIGHFIVE project being SS4AF members.<\/p>\t\t\t\t\t\t\t\t<\/div>\n\t\t\t\t<\/div>\n\t\t\t\t<div class=\"elementor-element elementor-element-389c9023 elementor-widget elementor-widget-text-editor\" data-id=\"389c9023\" data-element_type=\"widget\" data-e-type=\"widget\" data-widget_type=\"text-editor.default\">\n\t\t\t\t<div class=\"elementor-widget-container\">\n\t\t\t\t\t\t\t\t\t<p align=\"justify\">More concretely, HIGHFIVE will<\/p><ul><li>deploy a portfolio of three industry driven implementation projects that will serve as demo-cases and provide valuable lessons learnt for both the cluster partners as for other SMEs,<\/li><li>implement a voucher scheme to fund SME innovation investment projects across Europe,<\/li><li>provide customized individual and collective support actions to enable SMEs to overcome the hurdles connected to implementing innovative digital technologies, and<\/li><li>extract the results and lessons learnt throughout the project activities and to valorise them within the SS4AF network and transfer them to additional European stakeholders.<\/li><\/ul>\t\t\t\t\t\t\t\t<\/div>\n\t\t\t\t<\/div>\n\t\t\t\t<div class=\"elementor-element elementor-element-5115ed13 elementor-widget elementor-widget-text-editor\" data-id=\"5115ed13\" data-element_type=\"widget\" data-e-type=\"widget\" data-widget_type=\"text-editor.default\">\n\t\t\t\t<div class=\"elementor-widget-container\">\n\t\t\t\t\t\t\t\t\t<p>The HIGHFIVE consortium covers 39 NUTS2 regions from 9 EU countries, ranging from more developed, over transition to developing regions, that will benefit from the project\u2019s actions and outcomes. The HIGHFIVE actions aim to strengthen these regions via collaboration and sharing of success stories and guidelines. In doing so, HIGHFIVE will contribute to strengthening the European agri-food value chain and contributing to a more digital, sustainable and resilient agri-food sector in Europe.<\/p>\t\t\t\t\t\t\t\t<\/div>\n\t\t\t\t<\/div>\n\t\t\t\t<div class=\"elementor-element elementor-element-67353ff5 elementor-widget elementor-widget-text-editor\" data-id=\"67353ff5\" data-element_type=\"widget\" data-e-type=\"widget\" data-widget_type=\"text-editor.default\">\n\t\t\t\t<div class=\"elementor-widget-container\">\n\t\t\t\t\t\t\t\t\t<p><strong>Duration of the project:<\/strong> 2022.12.01. &#8211; 2025.11.30.<\/p><p><strong>Project ID:<\/strong> I3-2021-INV1<\/p>\t\t\t\t\t\t\t\t<\/div>\n\t\t\t\t<\/div>\n\t\t\t\t<div class=\"elementor-element elementor-element-382b1a20 elementor-widget elementor-widget-heading\" data-id=\"382b1a20\" data-element_type=\"widget\" data-e-type=\"widget\" data-widget_type=\"heading.default\">\n\t\t\t\t<div class=\"elementor-widget-container\">\n\t\t\t\t\t<h4 class=\"elementor-heading-title elementor-size-default\">Project partners:<\/h4>\t\t\t\t<\/div>\n\t\t\t\t<\/div>\n\t\t\t\t<div class=\"elementor-element elementor-element-3e97cfc8 elementor-widget elementor-widget-text-editor\" data-id=\"3e97cfc8\" data-element_type=\"widget\" data-e-type=\"widget\" data-widget_type=\"text-editor.default\">\n\t\t\t\t<div class=\"elementor-widget-container\">\n\t\t\t\t\t\t\t\t\t<ul><li>Flanders\u2019 FOOD \u2013 Belgium (coordinator)<\/li><li>AgriFood Capital \u2013 The Netherlands<\/li><li>Asociacion Cluster Alimentario de Galicia (CLUSAGA) \u2013 Spain<\/li><li>Asociacion de la Industria Navarra (AIN) \u2013 Spain<\/li><li>Bretagne D\u00e9veloppement Innovation (BDI) \u2013 France<\/li><li>CIMES \u2013 France<\/li><li>Innov\u2019Alliance \u2013 France<\/li><li>Food-Processing Initiative \u2013 Germany<\/li><li>Wagralim \u2013 Belgium<\/li><li>AgriFood Lithuania \u2013 Lithuania<\/li><li>CCIS-CAFE \u2013 Slovenia<\/li><li>Instituto technologico de Galicia (ITG) \u2013 Spain<\/li><li>Agri Sud Ouest innovation (ASOI) \u2013 France<\/li><li>SeAMK \u2013 Finland<\/li><li>CTRIA - Central Transdanubian Regional Innovation Agency Nonprofit Ltd. \u2013 Hungary<\/li><\/ul>\t\t\t\t\t\t\t\t<\/div>\n\t\t\t\t<\/div>\n\t\t\t\t<div class=\"elementor-element elementor-element-100eb67b elementor-widget elementor-widget-heading\" data-id=\"100eb67b\" data-element_type=\"widget\" data-e-type=\"widget\" data-widget_type=\"heading.default\">\n\t\t\t\t<div class=\"elementor-widget-container\">\n\t\t\t\t\t<h4 class=\"elementor-heading-title elementor-size-default\">Official website of the programme:<\/h4>\t\t\t\t<\/div>\n\t\t\t\t<\/div>\n\t\t\t\t<div class=\"elementor-element elementor-element-26fabc1e elementor-widget elementor-widget-text-editor\" data-id=\"26fabc1e\" data-element_type=\"widget\" data-e-type=\"widget\" data-widget_type=\"text-editor.default\">\n\t\t\t\t<div class=\"elementor-widget-container\">\n\t\t\t\t\t\t\t\t\t<p><a href=\"https:\/\/www.ss4af.com\/projects\/highfive\" target=\"_blank\" rel=\"noopener\">https:\/\/www.ss4af.com\/projects\/highfive<\/a><\/p>\t\t\t\t\t\t\t\t<\/div>\n\t\t\t\t<\/div>\n\t\t\t\t<div class=\"elementor-element elementor-element-00764dc elementor-widget elementor-widget-heading\" data-id=\"00764dc\" data-element_type=\"widget\" data-e-type=\"widget\" data-widget_type=\"heading.default\">\n\t\t\t\t<div class=\"elementor-widget-container\">\n\t\t\t\t\t<h4 class=\"elementor-heading-title elementor-size-default\">1. Ny\u00edlt Felh\u00edv\u00e1s:<\/h4>\t\t\t\t<\/div>\n\t\t\t\t<\/div>\n\t\t\t\t<div class=\"elementor-element elementor-element-c54b893 elementor-widget elementor-widget-text-editor\" data-id=\"c54b893\" data-element_type=\"widget\" data-e-type=\"widget\" data-widget_type=\"text-editor.default\">\n\t\t\t\t<div class=\"elementor-widget-container\">\n\t\t\t\t\t\t\t\t\t<p>R\u00e9szletek:<a href=\"https:\/\/highfive.ss4af.com\/open-calls\/first-open-call\" target=\"_blank\" rel=\"noopener\"> https:\/\/highfive.ss4af.com\/open-calls\/first-open-call<\/a><\/p><p><a href=\"https:\/\/ss4af.com\/uploads\/downloads\/230615-HIGHFIVE-Open-Call-Terms-and-Conditions-FINAL-v1.0.pdf\" target=\"_blank\" rel=\"noopener\">Terms and Conditions<\/a><\/p><p><a href=\"https:\/\/ss4af.com\/uploads\/downloads\/HIGHFIVE-Template-Innovation-Project-v1.0.pdf\" target=\"_blank\" rel=\"noopener\">Proposal form<\/a><\/p>\t\t\t\t\t\t\t\t<\/div>\n\t\t\t\t<\/div>\n\t\t\t\t<div class=\"elementor-element elementor-element-1b5aad2 elementor-widget elementor-widget-image\" data-id=\"1b5aad2\" data-element_type=\"widget\" data-e-type=\"widget\" data-widget_type=\"image.default\">\n\t\t\t\t<div class=\"elementor-widget-container\">\n\t\t\t\t\t\t\t\t\t\t\t\t\t\t\t<img fetchpriority=\"high\" decoding=\"async\" width=\"768\" height=\"1089\" src=\"https:\/\/www.kdriu.hu\/wp-content\/uploads\/2023\/07\/HIGHFIVE_felhivas_reszletes-A4-768x1089.png\" class=\"attachment-medium_large size-medium_large wp-image-7801\" alt=\"\" srcset=\"https:\/\/www.kdriu.hu\/wp-content\/uploads\/2023\/07\/HIGHFIVE_felhivas_reszletes-A4-768x1089.png 768w, https:\/\/www.kdriu.hu\/wp-content\/uploads\/2023\/07\/HIGHFIVE_felhivas_reszletes-A4-211x300.png 211w, https:\/\/www.kdriu.hu\/wp-content\/uploads\/2023\/07\/HIGHFIVE_felhivas_reszletes-A4-722x1024.png 722w, https:\/\/www.kdriu.hu\/wp-content\/uploads\/2023\/07\/HIGHFIVE_felhivas_reszletes-A4-1083x1536.png 1083w, https:\/\/www.kdriu.hu\/wp-content\/uploads\/2023\/07\/HIGHFIVE_felhivas_reszletes-A4-8x12.png 8w, https:\/\/www.kdriu.hu\/wp-content\/uploads\/2023\/07\/HIGHFIVE_felhivas_reszletes-A4.png 1166w\" sizes=\"(max-width: 768px) 100vw, 768px\" \/>\t\t\t\t\t\t\t\t\t\t\t\t\t\t\t<\/div>\n\t\t\t\t<\/div>\n\t\t\t\t<div class=\"elementor-element elementor-element-5d41147e elementor-widget elementor-widget-toggle\" data-id=\"5d41147e\" data-element_type=\"widget\" data-e-type=\"widget\" data-widget_type=\"toggle.default\">\n\t\t\t\t<div class=\"elementor-widget-container\">\n\t\t\t\t\t\t\t<div class=\"elementor-toggle\">\n\t\t\t\t\t\t\t<div class=\"elementor-toggle-item\">\n\t\t\t\t\t<div id=\"elementor-tab-title-1561\" class=\"elementor-tab-title\" data-tab=\"1\" role=\"button\" aria-controls=\"elementor-tab-content-1561\" aria-expanded=\"false\">\n\t\t\t\t\t\t\t\t\t\t\t\t<span class=\"elementor-toggle-icon elementor-toggle-icon-left\" aria-hidden=\"true\">\n\t\t\t\t\t\t\t\t\t\t\t\t\t\t\t<span class=\"elementor-toggle-icon-closed\"><i class=\"fas fa-caret-right\"><\/i><\/span>\n\t\t\t\t\t\t\t\t<span class=\"elementor-toggle-icon-opened\"><i class=\"elementor-toggle-icon-opened fas fa-caret-up\"><\/i><\/span>\n\t\t\t\t\t\t\t\t\t\t\t\t\t<\/span>\n\t\t\t\t\t\t\t\t\t\t\t\t<a class=\"elementor-toggle-title\" tabindex=\"0\">More news and posts about the project:<\/a>\n\t\t\t\t\t<\/div>\n\n\t\t\t\t\t<div id=\"elementor-tab-content-1561\" class=\"elementor-tab-content elementor-clearfix\" data-tab=\"1\" role=\"region\" aria-labelledby=\"elementor-tab-title-1561\"><\/div>\n\t\t\t\t<\/div>\n\t\t\t\t\t\t\t\t<\/div>\n\t\t\t\t\t\t<\/div>\n\t\t\t\t<\/div>\n\t\t\t\t\t<\/div>\n\t\t<\/div>\n\t\t\t\t\t<\/div>\n\t\t<\/section>\n\t\t\t\t\t<\/div>\n\t\t<\/div>\n\t\t\t\t\t<\/div>\n\t\t<\/section>\n\t\t\t\t<\/div>","protected":false},"excerpt":{"rendered":"<p>HIGHFIVE | HORIZON A &#8222;digit\u00e1lis \u00e9s z\u00f6ld n\u00f6veked\u00e9s \u00f6szt\u00f6nz\u00e9se az \u00e9lelmiszer-feldolgoz\u00f3 iparban interregion\u00e1lis innov\u00e1ci\u00f3s beruh\u00e1z\u00e1sok r\u00e9v\u00e9n&#8221; (HIGHFIVE) projekt \u00e1ltal\u00e1nos c\u00e9lja, hogy el\u0151seg\u00edtse, lehet\u0151v\u00e9 tegye \u00e9s megk\u00f6nny\u00edtse a kkv-k sz\u00e1m\u00e1ra a c\u00e9lzott \u00e9s interregion\u00e1lis beruh\u00e1z\u00e1si int\u00e9zked\u00e9seket, amelyek c\u00e9lja az \u00e9lelmiszer-feldolgoz\u00f3 v\u00e1llalatok konkr\u00e9t kih\u00edv\u00e1saira innovat\u00edv digit\u00e1lis megold\u00e1sok bevezet\u00e9se vagy piacra vitele, \u00e9s ez\u00e1ltal hozz\u00e1j\u00e1ruljon a &#8222;termel\u0151t\u0151l a [&hellip;]<\/p>\n","protected":false},"author":1,"featured_media":0,"parent":0,"menu_order":0,"comment_status":"closed","ping_status":"closed","template":"","meta":{"site-sidebar-layout":"no-sidebar","site-content-layout":"page-builder","ast-site-content-layout":"default","site-content-style":"default","site-sidebar-style":"default","ast-global-header-display":"","ast-banner-title-visibility":"","ast-main-header-display":"","ast-hfb-above-header-display":"","ast-hfb-below-header-display":"","ast-hfb-mobile-header-display":"","site-post-title":"disabled","ast-breadcrumbs-content":"","ast-featured-img":"disabled","footer-sml-layout":"","ast-disable-related-posts":"","theme-transparent-header-meta":"","adv-header-id-meta":"","stick-header-meta":"","header-above-stick-meta":"","header-main-stick-meta":"","header-below-stick-meta":"","astra-migrate-meta-layouts":"default","ast-page-background-enabled":"default","ast-page-background-meta":{"desktop":{"background-color":"","background-image":"","background-repeat":"repeat","background-position":"center center","background-size":"auto","background-attachment":"scroll","background-type":"","background-media":"","overlay-type":"","overlay-color":"","overlay-opacity":"","overlay-gradient":""},"tablet":{"background-color":"","background-image":"","background-repeat":"repeat","background-position":"center center","background-size":"auto","background-attachment":"scroll","background-type":"","background-media":"","overlay-type":"","overlay-color":"","overlay-opacity":"","overlay-gradient":""},"mobile":{"background-color":"","background-image":"","background-repeat":"repeat","background-position":"center center","background-size":"auto","background-attachment":"scroll","background-type":"","background-media":"","overlay-type":"","overlay-color":"","overlay-opacity":"","overlay-gradient":""}},"ast-content-background-meta":{"desktop":{"background-color":"var(--ast-global-color-5)","background-image":"","background-repeat":"repeat","background-position":"center center","background-size":"auto","background-attachment":"scroll","background-type":"","background-media":"","overlay-type":"","overlay-color":"","overlay-opacity":"","overlay-gradient":""},"tablet":{"background-color":"var(--ast-global-color-5)","background-image":"","background-repeat":"repeat","background-position":"center center","background-size":"auto","background-attachment":"scroll","background-type":"","background-media":"","overlay-type":"","overlay-color":"","overlay-opacity":"","overlay-gradient":""},"mobile":{"background-color":"var(--ast-global-color-5)","background-image":"","background-repeat":"repeat","background-position":"center center","background-size":"auto","background-attachment":"scroll","background-type":"","background-media":"","overlay-type":"","overlay-color":"","overlay-opacity":"","overlay-gradient":""}},"footnotes":""},"class_list":["post-7538","page","type-page","status-publish","hentry"],"_links":{"self":[{"href":"https:\/\/www.kdriu.hu\/en\/wp-json\/wp\/v2\/pages\/7538","targetHints":{"allow":["GET"]}}],"collection":[{"href":"https:\/\/www.kdriu.hu\/en\/wp-json\/wp\/v2\/pages"}],"about":[{"href":"https:\/\/www.kdriu.hu\/en\/wp-json\/wp\/v2\/types\/page"}],"author":[{"embeddable":true,"href":"https:\/\/www.kdriu.hu\/en\/wp-json\/wp\/v2\/users\/1"}],"replies":[{"embeddable":true,"href":"https:\/\/www.kdriu.hu\/en\/wp-json\/wp\/v2\/comments?post=7538"}],"version-history":[{"count":58,"href":"https:\/\/www.kdriu.hu\/en\/wp-json\/wp\/v2\/pages\/7538\/revisions"}],"predecessor-version":[{"id":7833,"href":"https:\/\/www.kdriu.hu\/en\/wp-json\/wp\/v2\/pages\/7538\/revisions\/7833"}],"wp:attachment":[{"href":"https:\/\/www.kdriu.hu\/en\/wp-json\/wp\/v2\/media?parent=7538"}],"curies":[{"name":"wp","href":"https:\/\/api.w.org\/{rel}","templated":true}]}}