{"id":7589,"date":"2023-04-02T18:18:22","date_gmt":"2023-04-02T18:18:22","guid":{"rendered":"https:\/\/www.kdriu.hu\/?page_id=7589"},"modified":"2023-12-12T12:47:36","modified_gmt":"2023-12-12T12:47:36","slug":"agro4sdgs-erasmus","status":"publish","type":"page","link":"https:\/\/www.kdriu.hu\/en\/agro4sdgs-erasmus\/","title":{"rendered":"Agro4SDGs | Erasmus+"},"content":{"rendered":"<div data-elementor-type=\"wp-page\" data-elementor-id=\"7589\" class=\"elementor elementor-7589\" data-elementor-post-type=\"page\">\n\t\t\t\t\t\t<section class=\"elementor-section elementor-top-section elementor-element elementor-element-78d9cbf0 elementor-section-stretched elementor-section-height-min-height elementor-section-boxed elementor-section-height-default elementor-section-items-middle elementor-invisible\" data-id=\"78d9cbf0\" data-element_type=\"section\" data-e-type=\"section\" data-settings=\"{&quot;background_background&quot;:&quot;classic&quot;,&quot;stretch_section&quot;:&quot;section-stretched&quot;,&quot;animation&quot;:&quot;fadeIn&quot;}\">\n\t\t\t\t\t\t\t<div class=\"elementor-background-overlay\"><\/div>\n\t\t\t\t\t\t\t<div class=\"elementor-container elementor-column-gap-no\">\n\t\t\t\t\t<div class=\"elementor-column elementor-col-100 elementor-top-column elementor-element elementor-element-38b1d47f\" data-id=\"38b1d47f\" data-element_type=\"column\" data-e-type=\"column\">\n\t\t\t<div class=\"elementor-widget-wrap elementor-element-populated\">\n\t\t\t\t\t\t<div class=\"elementor-element elementor-element-5cb73421 elementor-widget elementor-widget-spacer\" data-id=\"5cb73421\" data-element_type=\"widget\" data-e-type=\"widget\" data-widget_type=\"spacer.default\">\n\t\t\t\t<div class=\"elementor-widget-container\">\n\t\t\t\t\t\t\t<div class=\"elementor-spacer\">\n\t\t\t<div class=\"elementor-spacer-inner\"><\/div>\n\t\t<\/div>\n\t\t\t\t\t\t<\/div>\n\t\t\t\t<\/div>\n\t\t\t\t<div class=\"elementor-element elementor-element-51cc656a elementor-widget elementor-widget-heading\" data-id=\"51cc656a\" data-element_type=\"widget\" data-e-type=\"widget\" data-widget_type=\"heading.default\">\n\t\t\t\t<div class=\"elementor-widget-container\">\n\t\t\t\t\t<h2 class=\"elementor-heading-title elementor-size-default\">Agro4SDGs | Erasmus+<\/h2>\t\t\t\t<\/div>\n\t\t\t\t<\/div>\n\t\t\t\t\t<\/div>\n\t\t<\/div>\n\t\t\t\t\t<\/div>\n\t\t<\/section>\n\t\t\t\t<section class=\"elementor-section elementor-top-section elementor-element elementor-element-692cc729 elementor-section-stretched elementor-section-boxed elementor-section-height-default elementor-section-height-default\" data-id=\"692cc729\" data-element_type=\"section\" data-e-type=\"section\" data-settings=\"{&quot;stretch_section&quot;:&quot;section-stretched&quot;,&quot;background_background&quot;:&quot;classic&quot;}\">\n\t\t\t\t\t\t<div class=\"elementor-container elementor-column-gap-no\">\n\t\t\t\t\t<div class=\"elementor-column elementor-col-100 elementor-top-column elementor-element elementor-element-38b47266\" data-id=\"38b47266\" data-element_type=\"column\" data-e-type=\"column\">\n\t\t\t<div class=\"elementor-widget-wrap elementor-element-populated\">\n\t\t\t\t\t\t<section class=\"elementor-section elementor-inner-section elementor-element elementor-element-3b3040a0 elementor-section-boxed elementor-section-height-default elementor-section-height-default\" data-id=\"3b3040a0\" data-element_type=\"section\" data-e-type=\"section\">\n\t\t\t\t\t\t<div class=\"elementor-container elementor-column-gap-default\">\n\t\t\t\t\t<div class=\"elementor-column elementor-col-100 elementor-inner-column elementor-element elementor-element-5b5b0048\" data-id=\"5b5b0048\" data-element_type=\"column\" data-e-type=\"column\" data-settings=\"{&quot;background_background&quot;:&quot;classic&quot;}\">\n\t\t\t<div class=\"elementor-widget-wrap elementor-element-populated\">\n\t\t\t\t\t\t<div class=\"elementor-element elementor-element-11d8817e elementor-widget elementor-widget-image\" data-id=\"11d8817e\" data-element_type=\"widget\" data-e-type=\"widget\" data-widget_type=\"image.default\">\n\t\t\t\t<div class=\"elementor-widget-container\">\n\t\t\t\t\t\t\t\t\t\t\t\t\t\t\t<img decoding=\"async\" width=\"300\" height=\"63\" src=\"https:\/\/www.kdriu.hu\/wp-content\/uploads\/2022\/08\/EN-Co-Funded-by-the-EU_POS-300x63.png\" class=\"attachment-medium size-medium wp-image-6950\" alt=\"\" srcset=\"https:\/\/www.kdriu.hu\/wp-content\/uploads\/2022\/08\/EN-Co-Funded-by-the-EU_POS-300x63.png 300w, https:\/\/www.kdriu.hu\/wp-content\/uploads\/2022\/08\/EN-Co-Funded-by-the-EU_POS-1024x215.png 1024w, https:\/\/www.kdriu.hu\/wp-content\/uploads\/2022\/08\/EN-Co-Funded-by-the-EU_POS-768x161.png 768w, https:\/\/www.kdriu.hu\/wp-content\/uploads\/2022\/08\/EN-Co-Funded-by-the-EU_POS-1536x322.png 1536w, https:\/\/www.kdriu.hu\/wp-content\/uploads\/2022\/08\/EN-Co-Funded-by-the-EU_POS-2048x430.png 2048w, https:\/\/www.kdriu.hu\/wp-content\/uploads\/2022\/08\/EN-Co-Funded-by-the-EU_POS-18x4.png 18w\" sizes=\"(max-width: 300px) 100vw, 300px\" \/>\t\t\t\t\t\t\t\t\t\t\t\t\t\t\t<\/div>\n\t\t\t\t<\/div>\n\t\t\t\t<div class=\"elementor-element elementor-element-50a49d3 elementor-widget elementor-widget-image\" data-id=\"50a49d3\" data-element_type=\"widget\" data-e-type=\"widget\" data-widget_type=\"image.default\">\n\t\t\t\t<div class=\"elementor-widget-container\">\n\t\t\t\t\t\t\t\t\t\t\t\t\t\t\t<img decoding=\"async\" width=\"189\" height=\"220\" src=\"https:\/\/www.kdriu.hu\/wp-content\/uploads\/2023\/04\/AGRO4SDGs-logo.jpg\" class=\"attachment-medium size-medium wp-image-7596\" alt=\"\" srcset=\"https:\/\/www.kdriu.hu\/wp-content\/uploads\/2023\/04\/AGRO4SDGs-logo.jpg 189w, https:\/\/www.kdriu.hu\/wp-content\/uploads\/2023\/04\/AGRO4SDGs-logo-10x12.jpg 10w\" sizes=\"(max-width: 189px) 100vw, 189px\" \/>\t\t\t\t\t\t\t\t\t\t\t\t\t\t\t<\/div>\n\t\t\t\t<\/div>\n\t\t\t\t<div class=\"elementor-element elementor-element-10abe9e1 elementor-widget elementor-widget-text-editor\" data-id=\"10abe9e1\" data-element_type=\"widget\" data-e-type=\"widget\" data-widget_type=\"text-editor.default\">\n\t\t\t\t<div class=\"elementor-widget-container\">\n\t\t\t\t\t\t\t\t\t<p>Predominantly rural areas make up half of Europe and represent around 20% of the population. However, most of the rural areas are also among the least favored regions.<br \/>The idea of Agro4SDGs arises from the realization of the importance of women in strengthening the wealth of rural communities.<span style=\"font-style: inherit; font-weight: inherit; color: var(--ast-global-color-3);\"><br \/><\/span><\/p><p class=\"translation-block\">It is an innovative and relevant project, which implementation will contribute to the long-term vision for the EU\u2019s rural areas and to the EU Green Deal strategy. Through its actions and results, Agro4SDGs also reinforces EU\u2019s commitment to gender mainstreaming in farming and agriculture, empowering women interested in these fields and preventing a further gender gap in the generations to come.<\/p>\t\t\t\t\t\t\t\t<\/div>\n\t\t\t\t<\/div>\n\t\t\t\t<div class=\"elementor-element elementor-element-7cf9f558 elementor-widget elementor-widget-text-editor\" data-id=\"7cf9f558\" data-element_type=\"widget\" data-e-type=\"widget\" data-widget_type=\"text-editor.default\">\n\t\t\t\t<div class=\"elementor-widget-container\">\n\t\t\t\t\t\t\t\t\t<p align=\"justify\">The main objectives of the project are:<\/p><ul><li>To support a participatory and inclusive green\ntransition in Europe's rural areas.<\/li><li>To raise awareness and foster green competence\nbuilding among Europe's rural citizens.<\/li><li>To increase work in the agroecology sector to\nachieve Green Deal+Paris Agreement.<\/li><li>To contribute to closing the gap between men and\nwomen in terms of their level of participation in\neconomic activities.<\/li><\/ul>\t\t\t\t\t\t\t\t<\/div>\n\t\t\t\t<\/div>\n\t\t\t\t<div class=\"elementor-element elementor-element-ed5ccf3 elementor-widget elementor-widget-text-editor\" data-id=\"ed5ccf3\" data-element_type=\"widget\" data-e-type=\"widget\" data-widget_type=\"text-editor.default\">\n\t\t\t\t<div class=\"elementor-widget-container\">\n\t\t\t\t\t\t\t\t\t<p align=\"justify\">Expected results:<\/p><ul><li>Awareness campaign for stakeholders' and\ncommunities' mobilization.<\/li><li>Blended entrepreneurship learning path for rural\nwomen in agroecology.<\/li><li>Socialization and active participation strategy towards supporting agroecological businesses led by women in Europe.<\/li><\/ul>\t\t\t\t\t\t\t\t<\/div>\n\t\t\t\t<\/div>\n\t\t\t\t<div class=\"elementor-element elementor-element-3afe97f1 elementor-widget elementor-widget-text-editor\" data-id=\"3afe97f1\" data-element_type=\"widget\" data-e-type=\"widget\" data-widget_type=\"text-editor.default\">\n\t\t\t\t<div class=\"elementor-widget-container\">\n\t\t\t\t\t\t\t\t\t<p><strong>Project ID: <\/strong>2022-1-ES01-KA220-ADU-00008930<\/p><p><strong>Duration of the project:<\/strong> 01\/12\/2022 - 30\/11\/2024<\/p>\t\t\t\t\t\t\t\t<\/div>\n\t\t\t\t<\/div>\n\t\t\t\t<div class=\"elementor-element elementor-element-3465d14d elementor-widget elementor-widget-heading\" data-id=\"3465d14d\" data-element_type=\"widget\" data-e-type=\"widget\" data-widget_type=\"heading.default\">\n\t\t\t\t<div class=\"elementor-widget-container\">\n\t\t\t\t\t<h4 class=\"elementor-heading-title elementor-size-default\">Project partners:<\/h4>\t\t\t\t<\/div>\n\t\t\t\t<\/div>\n\t\t\t\t<div class=\"elementor-element elementor-element-7bca82ec elementor-widget elementor-widget-text-editor\" data-id=\"7bca82ec\" data-element_type=\"widget\" data-e-type=\"widget\" data-widget_type=\"text-editor.default\">\n\t\t\t\t<div class=\"elementor-widget-container\">\n\t\t\t\t\t\t\t\t\t<ul><li>Fundacion Acci\u00f3n contra el Hambre \u2013 Spain (coordinator)<\/li><li>Biotehniski center Naklo \u2013 Slovenia<\/li><li>CTRIA - Central Transdanubian Regional Innovation Agency Nonprofit Ltd. \u2013 Hungary<\/li><li>Terra Institute S.R.L. \u2013 Italy<\/li><li>The Polish Farm Advisory and Training Centre not-for-profit Sp. z o. o. \u2013 Poland<\/li><\/ul>\t\t\t\t\t\t\t\t<\/div>\n\t\t\t\t<\/div>\n\t\t\t\t<div class=\"elementor-element elementor-element-9be2ddd elementor-widget elementor-widget-heading\" data-id=\"9be2ddd\" data-element_type=\"widget\" data-e-type=\"widget\" data-widget_type=\"heading.default\">\n\t\t\t\t<div class=\"elementor-widget-container\">\n\t\t\t\t\t<h4 class=\"elementor-heading-title elementor-size-default\">Official website of the programme:<\/h4>\t\t\t\t<\/div>\n\t\t\t\t<\/div>\n\t\t\t\t<div class=\"elementor-element elementor-element-42f9fcb4 elementor-widget elementor-widget-text-editor\" data-id=\"42f9fcb4\" data-element_type=\"widget\" data-e-type=\"widget\" data-widget_type=\"text-editor.default\">\n\t\t\t\t<div class=\"elementor-widget-container\">\n\t\t\t\t\t\t\t\t\t<p><a href=\"https:\/\/agro4sdgs.eu\/\" target=\"_blank\" rel=\"noopener\">agro4sdgs.eu<\/a><\/p>\t\t\t\t\t\t\t\t<\/div>\n\t\t\t\t<\/div>\n\t\t\t\t<div class=\"elementor-element elementor-element-5841f951 elementor-widget elementor-widget-toggle\" data-id=\"5841f951\" data-element_type=\"widget\" data-e-type=\"widget\" data-widget_type=\"toggle.default\">\n\t\t\t\t<div class=\"elementor-widget-container\">\n\t\t\t\t\t\t\t<div class=\"elementor-toggle\">\n\t\t\t\t\t\t\t<div class=\"elementor-toggle-item\">\n\t\t\t\t\t<div id=\"elementor-tab-title-1481\" class=\"elementor-tab-title\" data-tab=\"1\" role=\"button\" aria-controls=\"elementor-tab-content-1481\" aria-expanded=\"false\">\n\t\t\t\t\t\t\t\t\t\t\t\t<span class=\"elementor-toggle-icon elementor-toggle-icon-left\" aria-hidden=\"true\">\n\t\t\t\t\t\t\t\t\t\t\t\t\t\t\t<span class=\"elementor-toggle-icon-closed\"><i class=\"fas fa-caret-right\"><\/i><\/span>\n\t\t\t\t\t\t\t\t<span class=\"elementor-toggle-icon-opened\"><i class=\"elementor-toggle-icon-opened fas fa-caret-up\"><\/i><\/span>\n\t\t\t\t\t\t\t\t\t\t\t\t\t<\/span>\n\t\t\t\t\t\t\t\t\t\t\t\t<a class=\"elementor-toggle-title\" tabindex=\"0\">More news and posts about the project:<\/a>\n\t\t\t\t\t<\/div>\n\n\t\t\t\t\t<div id=\"elementor-tab-content-1481\" class=\"elementor-tab-content elementor-clearfix\" data-tab=\"1\" role=\"region\" aria-labelledby=\"elementor-tab-title-1481\"><\/div>\n\t\t\t\t<\/div>\n\t\t\t\t\t\t\t\t<\/div>\n\t\t\t\t\t\t<\/div>\n\t\t\t\t<\/div>\n\t\t\t\t\t<\/div>\n\t\t<\/div>\n\t\t\t\t\t<\/div>\n\t\t<\/section>\n\t\t\t\t\t<\/div>\n\t\t<\/div>\n\t\t\t\t\t<\/div>\n\t\t<\/section>\n\t\t\t\t<\/div>","protected":false},"excerpt":{"rendered":"<p>Agro4SDGs | Erasmus+ Eur\u00f3pa fel\u00e9t f\u0151k\u00e9nt vid\u00e9ki ter\u00fcletek alkotj\u00e1k \u00e9s k\u00f6r\u00fclbel\u00fcl a lakoss\u00e1g 20%-\u00e1t k\u00e9pviselik. Ugyanakkor a vid\u00e9ki ter\u00fcletek t\u00f6bbs\u00e9ge a legkev\u00e9sb\u00e9kedvezm\u00e9nyezett r\u00e9gi\u00f3k k\u00f6z\u00e9 tartozik. Az Agro4SDGs projekt \u00f6tlete abb\u00f3l a felismer\u00e9sb\u0151l ered, hogy mennyire fontosak a n\u0151k a vid\u00e9ki k\u00f6z\u00f6ss\u00e9gek gazdags\u00e1g\u00e1nak meger\u0151s\u00edt\u00e9s\u00e9ben. Ez egy innovat\u00edv \u00e9s relev\u00e1ns projekt, amelynek megval\u00f3s\u00edt\u00e1sa\u00a0hozz\u00e1j\u00e1rul az EU vid\u00e9ki t\u00e9rs\u00e9geinek [&hellip;]<\/p>\n","protected":false},"author":1,"featured_media":0,"parent":0,"menu_order":0,"comment_status":"closed","ping_status":"closed","template":"","meta":{"site-sidebar-layout":"no-sidebar","site-content-layout":"page-builder","ast-site-content-layout":"full-width-container","site-content-style":"unboxed","site-sidebar-style":"unboxed","ast-global-header-display":"","ast-banner-title-visibility":"","ast-main-header-display":"","ast-hfb-above-header-display":"","ast-hfb-below-header-display":"","ast-hfb-mobile-header-display":"","site-post-title":"disabled","ast-breadcrumbs-content":"","ast-featured-img":"disabled","footer-sml-layout":"","ast-disable-related-posts":"","theme-transparent-header-meta":"","adv-header-id-meta":"","stick-header-meta":"","header-above-stick-meta":"","header-main-stick-meta":"","header-below-stick-meta":"","astra-migrate-meta-layouts":"set","ast-page-background-enabled":"default","ast-page-background-meta":{"desktop":{"background-color":"","background-image":"","background-repeat":"repeat","background-position":"center center","background-size":"auto","background-attachment":"scroll","background-type":"","background-media":"","overlay-type":"","overlay-color":"","overlay-opacity":"","overlay-gradient":""},"tablet":{"background-color":"","background-image":"","background-repeat":"repeat","background-position":"center center","background-size":"auto","background-attachment":"scroll","background-type":"","background-media":"","overlay-type":"","overlay-color":"","overlay-opacity":"","overlay-gradient":""},"mobile":{"background-color":"","background-image":"","background-repeat":"repeat","background-position":"center center","background-size":"auto","background-attachment":"scroll","background-type":"","background-media":"","overlay-type":"","overlay-color":"","overlay-opacity":"","overlay-gradient":""}},"ast-content-background-meta":{"desktop":{"background-color":"var(--ast-global-color-5)","background-image":"","background-repeat":"repeat","background-position":"center center","background-size":"auto","background-attachment":"scroll","background-type":"","background-media":"","overlay-type":"","overlay-color":"","overlay-opacity":"","overlay-gradient":""},"tablet":{"background-color":"var(--ast-global-color-5)","background-image":"","background-repeat":"repeat","background-position":"center center","background-size":"auto","background-attachment":"scroll","background-type":"","background-media":"","overlay-type":"","overlay-color":"","overlay-opacity":"","overlay-gradient":""},"mobile":{"background-color":"var(--ast-global-color-5)","background-image":"","background-repeat":"repeat","background-position":"center center","background-size":"auto","background-attachment":"scroll","background-type":"","background-media":"","overlay-type":"","overlay-color":"","overlay-opacity":"","overlay-gradient":""}},"footnotes":""},"class_list":["post-7589","page","type-page","status-publish","hentry"],"_links":{"self":[{"href":"https:\/\/www.kdriu.hu\/en\/wp-json\/wp\/v2\/pages\/7589","targetHints":{"allow":["GET"]}}],"collection":[{"href":"https:\/\/www.kdriu.hu\/en\/wp-json\/wp\/v2\/pages"}],"about":[{"href":"https:\/\/www.kdriu.hu\/en\/wp-json\/wp\/v2\/types\/page"}],"author":[{"embeddable":true,"href":"https:\/\/www.kdriu.hu\/en\/wp-json\/wp\/v2\/users\/1"}],"replies":[{"embeddable":true,"href":"https:\/\/www.kdriu.hu\/en\/wp-json\/wp\/v2\/comments?post=7589"}],"version-history":[{"count":41,"href":"https:\/\/www.kdriu.hu\/en\/wp-json\/wp\/v2\/pages\/7589\/revisions"}],"predecessor-version":[{"id":8467,"href":"https:\/\/www.kdriu.hu\/en\/wp-json\/wp\/v2\/pages\/7589\/revisions\/8467"}],"wp:attachment":[{"href":"https:\/\/www.kdriu.hu\/en\/wp-json\/wp\/v2\/media?parent=7589"}],"curies":[{"name":"wp","href":"https:\/\/api.w.org\/{rel}","templated":true}]}}