{"id":7927,"date":"2023-08-15T11:39:55","date_gmt":"2023-08-15T11:39:55","guid":{"rendered":"https:\/\/www.kdriu.hu\/?page_id=7927"},"modified":"2026-02-09T11:07:04","modified_gmt":"2026-02-09T11:07:04","slug":"core","status":"publish","type":"page","link":"https:\/\/www.kdriu.hu\/en\/core\/","title":{"rendered":"CORE &#8211; Composting in Rural Environments"},"content":{"rendered":"<div data-elementor-type=\"wp-page\" data-elementor-id=\"7927\" class=\"elementor elementor-7927\" data-elementor-post-type=\"page\">\n\t\t\t\t\t\t<section class=\"elementor-section elementor-top-section elementor-element elementor-element-3fb37c55 elementor-section-stretched elementor-section-height-min-height elementor-section-boxed elementor-section-height-default elementor-section-items-middle elementor-invisible\" data-id=\"3fb37c55\" data-element_type=\"section\" data-e-type=\"section\" data-settings=\"{&quot;background_background&quot;:&quot;classic&quot;,&quot;stretch_section&quot;:&quot;section-stretched&quot;,&quot;animation&quot;:&quot;fadeIn&quot;}\">\n\t\t\t\t\t\t\t<div class=\"elementor-background-overlay\"><\/div>\n\t\t\t\t\t\t\t<div class=\"elementor-container elementor-column-gap-no\">\n\t\t\t\t\t<div class=\"elementor-column elementor-col-100 elementor-top-column elementor-element elementor-element-4e9c907\" data-id=\"4e9c907\" data-element_type=\"column\" data-e-type=\"column\">\n\t\t\t<div class=\"elementor-widget-wrap elementor-element-populated\">\n\t\t\t\t\t\t<div class=\"elementor-element elementor-element-2c397370 elementor-widget elementor-widget-spacer\" data-id=\"2c397370\" data-element_type=\"widget\" data-e-type=\"widget\" data-widget_type=\"spacer.default\">\n\t\t\t\t<div class=\"elementor-widget-container\">\n\t\t\t\t\t\t\t<div class=\"elementor-spacer\">\n\t\t\t<div class=\"elementor-spacer-inner\"><\/div>\n\t\t<\/div>\n\t\t\t\t\t\t<\/div>\n\t\t\t\t<\/div>\n\t\t\t\t<div class=\"elementor-element elementor-element-27447235 elementor-widget elementor-widget-heading\" data-id=\"27447235\" data-element_type=\"widget\" data-e-type=\"widget\" data-widget_type=\"heading.default\">\n\t\t\t\t<div class=\"elementor-widget-container\">\n\t\t\t\t\t<h2 class=\"elementor-heading-title elementor-size-default\">CORE - Cpmposting in Rural Environments<\/h2>\t\t\t\t<\/div>\n\t\t\t\t<\/div>\n\t\t\t\t\t<\/div>\n\t\t<\/div>\n\t\t\t\t\t<\/div>\n\t\t<\/section>\n\t\t\t\t<section class=\"elementor-section elementor-top-section elementor-element elementor-element-65b1998b elementor-section-stretched elementor-section-boxed elementor-section-height-default elementor-section-height-default\" data-id=\"65b1998b\" data-element_type=\"section\" data-e-type=\"section\" data-settings=\"{&quot;stretch_section&quot;:&quot;section-stretched&quot;,&quot;background_background&quot;:&quot;classic&quot;}\">\n\t\t\t\t\t\t<div class=\"elementor-container elementor-column-gap-no\">\n\t\t\t\t\t<div class=\"elementor-column elementor-col-100 elementor-top-column elementor-element elementor-element-61e2375c\" data-id=\"61e2375c\" data-element_type=\"column\" data-e-type=\"column\">\n\t\t\t<div class=\"elementor-widget-wrap elementor-element-populated\">\n\t\t\t\t\t\t<section class=\"elementor-section elementor-inner-section elementor-element elementor-element-51449444 elementor-section-boxed elementor-section-height-default elementor-section-height-default\" data-id=\"51449444\" data-element_type=\"section\" data-e-type=\"section\">\n\t\t\t\t\t\t<div class=\"elementor-container elementor-column-gap-default\">\n\t\t\t\t\t<div class=\"elementor-column elementor-col-100 elementor-inner-column elementor-element elementor-element-2048f2f5\" data-id=\"2048f2f5\" data-element_type=\"column\" data-e-type=\"column\" data-settings=\"{&quot;background_background&quot;:&quot;classic&quot;}\">\n\t\t\t<div class=\"elementor-widget-wrap elementor-element-populated\">\n\t\t\t\t\t\t<div class=\"elementor-element elementor-element-6ff5f0cb elementor-widget elementor-widget-image\" data-id=\"6ff5f0cb\" data-element_type=\"widget\" data-e-type=\"widget\" data-widget_type=\"image.default\">\n\t\t\t\t<div class=\"elementor-widget-container\">\n\t\t\t\t\t\t\t\t\t\t\t\t\t\t\t<img fetchpriority=\"high\" decoding=\"async\" width=\"1024\" height=\"368\" src=\"https:\/\/www.kdriu.hu\/wp-content\/uploads\/2023\/08\/CORE_Logo-1024x368.jpg\" class=\"attachment-large size-large wp-image-7936\" alt=\"\" srcset=\"https:\/\/www.kdriu.hu\/wp-content\/uploads\/2023\/08\/CORE_Logo-1024x368.jpg 1024w, https:\/\/www.kdriu.hu\/wp-content\/uploads\/2023\/08\/CORE_Logo-300x108.jpg 300w, https:\/\/www.kdriu.hu\/wp-content\/uploads\/2023\/08\/CORE_Logo-768x276.jpg 768w, https:\/\/www.kdriu.hu\/wp-content\/uploads\/2023\/08\/CORE_Logo-1536x551.jpg 1536w, https:\/\/www.kdriu.hu\/wp-content\/uploads\/2023\/08\/CORE_Logo-2048x735.jpg 2048w, https:\/\/www.kdriu.hu\/wp-content\/uploads\/2023\/08\/CORE_Logo-18x6.jpg 18w\" sizes=\"(max-width: 1024px) 100vw, 1024px\" \/>\t\t\t\t\t\t\t\t\t\t\t\t\t\t\t<\/div>\n\t\t\t\t<\/div>\n\t\t\t\t<div class=\"elementor-element elementor-element-63363c44 elementor-widget elementor-widget-text-editor\" data-id=\"63363c44\" data-element_type=\"widget\" data-e-type=\"widget\" data-widget_type=\"text-editor.default\">\n\t\t\t\t<div class=\"elementor-widget-container\">\n\t\t\t\t\t\t\t\t\t<p><span style=\"font-style: inherit; font-weight: inherit; color: var(--ast-global-color-3);\">The management of the organic fraction in rural areas with low-density population is environmentally and economically impactful. A contaminating and expensive process is required to collect, transport and treat small amounts of organic waste dispersed in distant and sparsely populated villages.<\/span><span style=\"font-style: inherit; font-weight: inherit; color: var(--ast-global-color-3);\">\u00a0<\/span><\/p><p>Prevention of biowaste and the normalization of quality composting could contribute to the drastic reduction of this fraction and of the effects derived from its management. The compost produced can be used as soil-improving material and fertilizer in local and regional parks and gardens or in the form of biogas, while further uses could be promoted.Despite the fact that regional and local policies observe all the transition to circular economy and guide the transitioning of the waste management sector towards it, composting is often not suffi ciently developed, notwithstanding its potential to comply not only with circular economy but also with the mitigation of climate change.<span style=\"font-style: inherit; font-weight: inherit; color: var(--ast-global-color-3);\">\u00a0<\/span><\/p><p>CORE intends to be an accelerator for rural territories to develop composting a lot more so that in the mid-term the organic fraction and the effects associated to it could drastically decrease.The project brings together regional and local administrations with competences on biowaste management from 8 rural regions from all over Europe, with the aim of exchanging their experiences on composting. The European Compost Network (ECN) accompanies them in the role of advisory partner.Contrary to previous projects that focused on the prevention of food waste and some composting experiences, CORE focuses specifi cally on composting in rural environments, paying particular attention to the particularities of the topic in these scenarios. Given that rural territories are regarded as visible fl agships for environmental values, it is hoped their leadership in fostering composting through CORE will be inspirational for other territories that might look at them attracted by those values.<\/p>\t\t\t\t\t\t\t\t<\/div>\n\t\t\t\t<\/div>\n\t\t\t\t<div class=\"elementor-element elementor-element-622ed177 elementor-widget elementor-widget-text-editor\" data-id=\"622ed177\" data-element_type=\"widget\" data-e-type=\"widget\" data-widget_type=\"text-editor.default\">\n\t\t\t\t<div class=\"elementor-widget-container\">\n\t\t\t\t\t\t\t\t\t<p><strong>Project ID:<\/strong> 01C0121<\/p><p><strong>Duration of the project:<\/strong> 02\/03\/2023 - 18\/02\/2026<\/p>\t\t\t\t\t\t\t\t<\/div>\n\t\t\t\t<\/div>\n\t\t\t\t<div class=\"elementor-element elementor-element-636ee9c4 elementor-widget elementor-widget-heading\" data-id=\"636ee9c4\" data-element_type=\"widget\" data-e-type=\"widget\" data-widget_type=\"heading.default\">\n\t\t\t\t<div class=\"elementor-widget-container\">\n\t\t\t\t\t<h4 class=\"elementor-heading-title elementor-size-default\">Project partners:<\/h4>\t\t\t\t<\/div>\n\t\t\t\t<\/div>\n\t\t\t\t<div class=\"elementor-element elementor-element-36c04543 elementor-widget elementor-widget-text-editor\" data-id=\"36c04543\" data-element_type=\"widget\" data-e-type=\"widget\" data-widget_type=\"text-editor.default\">\n\t\t\t\t<div class=\"elementor-widget-container\">\n\t\t\t\t\t\t\t\t\t<ul><li>Municipal Solid Waste of Castilla La Mancha Ltd. RSUSA (lead partner \u2013 Spain)<\/li><li>LfU State Office of Environment Brandenburg (Germany)<\/li><li>VLACO npo (Belgium)<\/li><li>\u015awi\u0119tokrzyskie Region \u2013 Marshal Offi ce of \u015awi\u0119tokrzyskie Voivodeship (Poland)<\/li><li>CTRIA - Central Transdanubian Regional Innovation Agency Nonprofit Ltd. (Hungary)<\/li><li>Autonomous Province of Bolzano \u2013 Alto Adige. Environmental and Climate Protection Agency. WasteManagement Office. (Italy)<\/li><li>Municipality of S\u00f6derhamn (Sweden)<\/li><li>Region of Western Macedonia. Directorate of Development Planning (Grecce)<\/li><li>European Compost Network ECN e.V. (Germany)<\/li><\/ul>\t\t\t\t\t\t\t\t<\/div>\n\t\t\t\t<\/div>\n\t\t\t\t<div class=\"elementor-element elementor-element-dfcda3d elementor-widget elementor-widget-heading\" data-id=\"dfcda3d\" data-element_type=\"widget\" data-e-type=\"widget\" data-widget_type=\"heading.default\">\n\t\t\t\t<div class=\"elementor-widget-container\">\n\t\t\t\t\t<h4 class=\"elementor-heading-title elementor-size-default\">Official website of the programme:<\/h4>\t\t\t\t<\/div>\n\t\t\t\t<\/div>\n\t\t\t\t<div class=\"elementor-element elementor-element-57946df2 elementor-widget elementor-widget-text-editor\" data-id=\"57946df2\" data-element_type=\"widget\" data-e-type=\"widget\" data-widget_type=\"text-editor.default\">\n\t\t\t\t<div class=\"elementor-widget-container\">\n\t\t\t\t\t\t\t\t\t<p><a href=\"https:\/\/www.interregeurope.eu\/core-0\" target=\"_blank\" rel=\"noopener\">https:\/\/www.interregeurope.eu\/core-0<\/a><\/p>\t\t\t\t\t\t\t\t<\/div>\n\t\t\t\t<\/div>\n\t\t\t\t<div class=\"elementor-element elementor-element-f0ce3e2 elementor-widget elementor-widget-heading\" data-id=\"f0ce3e2\" data-element_type=\"widget\" data-e-type=\"widget\" data-widget_type=\"heading.default\">\n\t\t\t\t<div class=\"elementor-widget-container\">\n\t\t\t\t\t<h4 class=\"elementor-heading-title elementor-size-default\"><a href=\"http:\/\/www.kdriu.hu\/wp-content\/uploads\/2023\/08\/CORE_Poster.pdf\" target=\"_blank\">Projekt poszter<\/a><\/h4>\t\t\t\t<\/div>\n\t\t\t\t<\/div>\n\t\t\t\t<div class=\"elementor-element elementor-element-deb947c elementor-widget elementor-widget-heading\" data-id=\"deb947c\" data-element_type=\"widget\" data-e-type=\"widget\" data-widget_type=\"heading.default\">\n\t\t\t\t<div class=\"elementor-widget-container\">\n\t\t\t\t\t<h4 class=\"elementor-heading-title elementor-size-default\"><a href=\"http:\/\/www.kdriu.hu\/wp-content\/uploads\/2023\/09\/Stakeholder_Meeting_1_Meghivo_Agenda.pdf\" target=\"_blank\">Megh\u00edv\u00f3 - Els\u0151 stakeholder tal\u00e1lkoz\u00f3 | 2023.08.15.<\/a><\/h4>\t\t\t\t<\/div>\n\t\t\t\t<\/div>\n\t\t\t\t<div class=\"elementor-element elementor-element-0f27761 elementor-widget elementor-widget-heading\" data-id=\"0f27761\" data-element_type=\"widget\" data-e-type=\"widget\" data-widget_type=\"heading.default\">\n\t\t\t\t<div class=\"elementor-widget-container\">\n\t\t\t\t\t<h4 class=\"elementor-heading-title elementor-size-default\"><a href=\"http:\/\/www.kdriu.hu\/wp-content\/uploads\/2023\/09\/Stakeholder_Meeting_1_Meghivo_Agenda.pdf\" target=\"_blank\">Feljegyz\u00e9s - Szakmai tal\u00e1lkoz\u00f3, t\u00e9ma: Komposzt\u00e1l\u00e1s: \u00faj trend vagy elfeledett tud\u00e1s?  | 2026.01.21.<\/a><\/h4>\t\t\t\t<\/div>\n\t\t\t\t<\/div>\n\t\t\t\t<div class=\"elementor-element elementor-element-40cb9f9f elementor-widget elementor-widget-toggle\" data-id=\"40cb9f9f\" data-element_type=\"widget\" data-e-type=\"widget\" data-widget_type=\"toggle.default\">\n\t\t\t\t<div class=\"elementor-widget-container\">\n\t\t\t\t\t\t\t<div class=\"elementor-toggle\">\n\t\t\t\t\t\t\t<div class=\"elementor-toggle-item\">\n\t\t\t\t\t<div id=\"elementor-tab-title-1081\" class=\"elementor-tab-title\" data-tab=\"1\" role=\"button\" aria-controls=\"elementor-tab-content-1081\" aria-expanded=\"false\">\n\t\t\t\t\t\t\t\t\t\t\t\t<span class=\"elementor-toggle-icon elementor-toggle-icon-left\" aria-hidden=\"true\">\n\t\t\t\t\t\t\t\t\t\t\t\t\t\t\t<span class=\"elementor-toggle-icon-closed\"><i class=\"fas fa-caret-right\"><\/i><\/span>\n\t\t\t\t\t\t\t\t<span class=\"elementor-toggle-icon-opened\"><i class=\"elementor-toggle-icon-opened fas fa-caret-up\"><\/i><\/span>\n\t\t\t\t\t\t\t\t\t\t\t\t\t<\/span>\n\t\t\t\t\t\t\t\t\t\t\t\t<a class=\"elementor-toggle-title\" tabindex=\"0\">More news and posts about the project:<\/a>\n\t\t\t\t\t<\/div>\n\n\t\t\t\t\t<div id=\"elementor-tab-content-1081\" class=\"elementor-tab-content elementor-clearfix\" data-tab=\"1\" role=\"region\" aria-labelledby=\"elementor-tab-title-1081\"><\/div>\n\t\t\t\t<\/div>\n\t\t\t\t\t\t\t\t<\/div>\n\t\t\t\t\t\t<\/div>\n\t\t\t\t<\/div>\n\t\t\t\t\t<\/div>\n\t\t<\/div>\n\t\t\t\t\t<\/div>\n\t\t<\/section>\n\t\t\t\t\t<\/div>\n\t\t<\/div>\n\t\t\t\t\t<\/div>\n\t\t<\/section>\n\t\t\t\t<\/div>","protected":false},"excerpt":{"rendered":"<p>CORE &#8211; Komposzt\u00e1l\u00e1s vid\u00e9ki k\u00f6rnyezetekben A szerves frakci\u00f3 kezel\u00e9se az alacsony n\u00e9ps\u0171r\u0171s\u00e9g\u0171 vid\u00e9ki ter\u00fcleteken k\u00f6rnyezeti \u00e9s gazdas\u00e1gi szempontb\u00f3l egyar\u00e1nt jelent\u0151s. A t\u00e1voli \u00e9s ritk\u00e1n lakott falvakban elsz\u00f3rtan tal\u00e1lhat\u00f3 kis mennyis\u00e9g\u0171 szerves hullad\u00e9k \u00f6sszegy\u0171jt\u00e9s\u00e9hez, sz\u00e1ll\u00edt\u00e1s\u00e1hoz \u00e9s kezel\u00e9s\u00e9hez szennyez\u0151 \u00e9s k\u00f6lts\u00e9ges elj\u00e1r\u00e1sra van sz\u00fcks\u00e9g.\u00a0 A biohullad\u00e9kok megel\u0151z\u00e9se \u00e9s a min\u0151s\u00e9gi komposzt\u00e1l\u00e1s normaliz\u00e1l\u00e1sa hozz\u00e1j\u00e1rulhatna e frakci\u00f3 \u00e9s a [&hellip;]<\/p>\n","protected":false},"author":1,"featured_media":0,"parent":0,"menu_order":0,"comment_status":"closed","ping_status":"closed","template":"","meta":{"site-sidebar-layout":"no-sidebar","site-content-layout":"page-builder","ast-site-content-layout":"default","site-content-style":"default","site-sidebar-style":"default","ast-global-header-display":"","ast-banner-title-visibility":"","ast-main-header-display":"","ast-hfb-above-header-display":"","ast-hfb-below-header-display":"","ast-hfb-mobile-header-display":"","site-post-title":"disabled","ast-breadcrumbs-content":"","ast-featured-img":"disabled","footer-sml-layout":"","ast-disable-related-posts":"","theme-transparent-header-meta":"","adv-header-id-meta":"","stick-header-meta":"","header-above-stick-meta":"","header-main-stick-meta":"","header-below-stick-meta":"","astra-migrate-meta-layouts":"default","ast-page-background-enabled":"default","ast-page-background-meta":{"desktop":{"background-color":"","background-image":"","background-repeat":"repeat","background-position":"center center","background-size":"auto","background-attachment":"scroll","background-type":"","background-media":"","overlay-type":"","overlay-color":"","overlay-opacity":"","overlay-gradient":""},"tablet":{"background-color":"","background-image":"","background-repeat":"repeat","background-position":"center center","background-size":"auto","background-attachment":"scroll","background-type":"","background-media":"","overlay-type":"","overlay-color":"","overlay-opacity":"","overlay-gradient":""},"mobile":{"background-color":"","background-image":"","background-repeat":"repeat","background-position":"center center","background-size":"auto","background-attachment":"scroll","background-type":"","background-media":"","overlay-type":"","overlay-color":"","overlay-opacity":"","overlay-gradient":""}},"ast-content-background-meta":{"desktop":{"background-color":"var(--ast-global-color-5)","background-image":"","background-repeat":"repeat","background-position":"center center","background-size":"auto","background-attachment":"scroll","background-type":"","background-media":"","overlay-type":"","overlay-color":"","overlay-opacity":"","overlay-gradient":""},"tablet":{"background-color":"var(--ast-global-color-5)","background-image":"","background-repeat":"repeat","background-position":"center center","background-size":"auto","background-attachment":"scroll","background-type":"","background-media":"","overlay-type":"","overlay-color":"","overlay-opacity":"","overlay-gradient":""},"mobile":{"background-color":"var(--ast-global-color-5)","background-image":"","background-repeat":"repeat","background-position":"center center","background-size":"auto","background-attachment":"scroll","background-type":"","background-media":"","overlay-type":"","overlay-color":"","overlay-opacity":"","overlay-gradient":""}},"footnotes":""},"class_list":["post-7927","page","type-page","status-publish","hentry"],"_links":{"self":[{"href":"https:\/\/www.kdriu.hu\/en\/wp-json\/wp\/v2\/pages\/7927","targetHints":{"allow":["GET"]}}],"collection":[{"href":"https:\/\/www.kdriu.hu\/en\/wp-json\/wp\/v2\/pages"}],"about":[{"href":"https:\/\/www.kdriu.hu\/en\/wp-json\/wp\/v2\/types\/page"}],"author":[{"embeddable":true,"href":"https:\/\/www.kdriu.hu\/en\/wp-json\/wp\/v2\/users\/1"}],"replies":[{"embeddable":true,"href":"https:\/\/www.kdriu.hu\/en\/wp-json\/wp\/v2\/comments?post=7927"}],"version-history":[{"count":40,"href":"https:\/\/www.kdriu.hu\/en\/wp-json\/wp\/v2\/pages\/7927\/revisions"}],"predecessor-version":[{"id":10047,"href":"https:\/\/www.kdriu.hu\/en\/wp-json\/wp\/v2\/pages\/7927\/revisions\/10047"}],"wp:attachment":[{"href":"https:\/\/www.kdriu.hu\/en\/wp-json\/wp\/v2\/media?parent=7927"}],"curies":[{"name":"wp","href":"https:\/\/api.w.org\/{rel}","templated":true}]}}