{"id":8023,"date":"2023-09-15T09:06:01","date_gmt":"2023-09-15T09:06:01","guid":{"rendered":"https:\/\/www.kdriu.hu\/?page_id=8023"},"modified":"2023-09-18T12:31:03","modified_gmt":"2023-09-18T12:31:03","slug":"capacity2transform","status":"publish","type":"page","link":"https:\/\/www.kdriu.hu\/en\/capacity2transform\/","title":{"rendered":"Capacity2Transform"},"content":{"rendered":"<div data-elementor-type=\"wp-page\" data-elementor-id=\"8023\" class=\"elementor elementor-8023\" data-elementor-post-type=\"page\">\n\t\t\t\t\t\t<section class=\"elementor-section elementor-top-section elementor-element elementor-element-783622a8 elementor-section-stretched elementor-section-height-min-height elementor-section-boxed elementor-section-height-default elementor-section-items-middle elementor-invisible\" data-id=\"783622a8\" data-element_type=\"section\" data-e-type=\"section\" data-settings=\"{&quot;background_background&quot;:&quot;classic&quot;,&quot;stretch_section&quot;:&quot;section-stretched&quot;,&quot;animation&quot;:&quot;fadeIn&quot;}\">\n\t\t\t\t\t\t\t<div class=\"elementor-background-overlay\"><\/div>\n\t\t\t\t\t\t\t<div class=\"elementor-container elementor-column-gap-no\">\n\t\t\t\t\t<div class=\"elementor-column elementor-col-100 elementor-top-column elementor-element elementor-element-72b65db1\" data-id=\"72b65db1\" data-element_type=\"column\" data-e-type=\"column\">\n\t\t\t<div class=\"elementor-widget-wrap elementor-element-populated\">\n\t\t\t\t\t\t<div class=\"elementor-element elementor-element-16e9fedf elementor-widget elementor-widget-spacer\" data-id=\"16e9fedf\" data-element_type=\"widget\" data-e-type=\"widget\" data-widget_type=\"spacer.default\">\n\t\t\t\t<div class=\"elementor-widget-container\">\n\t\t\t\t\t\t\t<div class=\"elementor-spacer\">\n\t\t\t<div class=\"elementor-spacer-inner\"><\/div>\n\t\t<\/div>\n\t\t\t\t\t\t<\/div>\n\t\t\t\t<\/div>\n\t\t\t\t<div class=\"elementor-element elementor-element-4690015c elementor-widget elementor-widget-heading\" data-id=\"4690015c\" data-element_type=\"widget\" data-e-type=\"widget\" data-widget_type=\"heading.default\">\n\t\t\t\t<div class=\"elementor-widget-container\">\n\t\t\t\t\t<h2 class=\"elementor-heading-title elementor-size-default\">Capacity2Transform<\/h2>\t\t\t\t<\/div>\n\t\t\t\t<\/div>\n\t\t\t\t\t<\/div>\n\t\t<\/div>\n\t\t\t\t\t<\/div>\n\t\t<\/section>\n\t\t\t\t<section class=\"elementor-section elementor-top-section elementor-element elementor-element-2d802454 elementor-section-stretched elementor-section-boxed elementor-section-height-default elementor-section-height-default\" data-id=\"2d802454\" data-element_type=\"section\" data-e-type=\"section\" data-settings=\"{&quot;stretch_section&quot;:&quot;section-stretched&quot;,&quot;background_background&quot;:&quot;classic&quot;}\">\n\t\t\t\t\t\t<div class=\"elementor-container elementor-column-gap-no\">\n\t\t\t\t\t<div class=\"elementor-column elementor-col-100 elementor-top-column elementor-element elementor-element-42a92132\" data-id=\"42a92132\" data-element_type=\"column\" data-e-type=\"column\">\n\t\t\t<div class=\"elementor-widget-wrap elementor-element-populated\">\n\t\t\t\t\t\t<section class=\"elementor-section elementor-inner-section elementor-element elementor-element-29149061 elementor-section-boxed elementor-section-height-default elementor-section-height-default\" data-id=\"29149061\" data-element_type=\"section\" data-e-type=\"section\">\n\t\t\t\t\t\t<div class=\"elementor-container elementor-column-gap-default\">\n\t\t\t\t\t<div class=\"elementor-column elementor-col-100 elementor-inner-column elementor-element elementor-element-585fd2d6\" data-id=\"585fd2d6\" data-element_type=\"column\" data-e-type=\"column\" data-settings=\"{&quot;background_background&quot;:&quot;classic&quot;}\">\n\t\t\t<div class=\"elementor-widget-wrap elementor-element-populated\">\n\t\t\t\t\t\t<div class=\"elementor-element elementor-element-2d5d45f1 elementor-widget elementor-widget-image\" data-id=\"2d5d45f1\" data-element_type=\"widget\" data-e-type=\"widget\" data-widget_type=\"image.default\">\n\t\t\t\t<div class=\"elementor-widget-container\">\n\t\t\t\t\t\t\t\t\t\t\t\t\t\t\t<img fetchpriority=\"high\" decoding=\"async\" width=\"1024\" height=\"434\" src=\"https:\/\/www.kdriu.hu\/wp-content\/uploads\/2023\/09\/Capacity2Transform_Logo_Standard_large-1024x434.png\" class=\"attachment-large size-large wp-image-8027\" alt=\"\" srcset=\"https:\/\/www.kdriu.hu\/wp-content\/uploads\/2023\/09\/Capacity2Transform_Logo_Standard_large-1024x434.png 1024w, https:\/\/www.kdriu.hu\/wp-content\/uploads\/2023\/09\/Capacity2Transform_Logo_Standard_large-300x127.png 300w, https:\/\/www.kdriu.hu\/wp-content\/uploads\/2023\/09\/Capacity2Transform_Logo_Standard_large-768x326.png 768w, https:\/\/www.kdriu.hu\/wp-content\/uploads\/2023\/09\/Capacity2Transform_Logo_Standard_large-1536x651.png 1536w, https:\/\/www.kdriu.hu\/wp-content\/uploads\/2023\/09\/Capacity2Transform_Logo_Standard_large-18x8.png 18w, https:\/\/www.kdriu.hu\/wp-content\/uploads\/2023\/09\/Capacity2Transform_Logo_Standard_large.png 1884w\" sizes=\"(max-width: 1024px) 100vw, 1024px\" \/>\t\t\t\t\t\t\t\t\t\t\t\t\t\t\t<\/div>\n\t\t\t\t<\/div>\n\t\t\t\t<div class=\"elementor-element elementor-element-506b7b1a elementor-widget elementor-widget-text-editor\" data-id=\"506b7b1a\" data-element_type=\"widget\" data-e-type=\"widget\" data-widget_type=\"text-editor.default\">\n\t\t\t\t<div class=\"elementor-widget-container\">\n\t\t\t\t\t\t\t\t\t<p>Capacity2Transform (C2T) is a capacity-building project that addresses the lack of skills of the CCIs and sustainable tourism SMEs (ST_SMEs) to act upon and become part of digital and green\ntransition actions (DG) in Central Europe.<\/p><p>Faced with the challenge of twin DG transition, job insecurity caused by the COVID-19, and the talent scarcity in the targeted industry sectors and regions, the transnational cooperation (TNC) for delivering systematic support in strengthening the skills and the capacities seems like the only possible solution. Project targets all 9 countries of the CE Region, connecting BSOs, education and research\norganizations, innovation agencies, thematic clusters, and representatives of local and regional government into addressing the lack of opportunities of the CCIs and ST_SMEs to connect with DG transition actions, that is directly linked to the lack of technical and management skills of the target groups and lack of the access to the relevant business structures.<\/p><p>The main objective is to adopt a business supporting environment to act as a capacity-building flywheel for the targeted groups and link those sectors where digital and green actions are not yet including the CCIs and ST_SMEs neither in the development process nor in the delivery chain of the sustainable digital and green products\/solutions to the market. Project results in a transnational capacity building program, long-term supporting networks, implementation and transferability framework, and deeper understanding of synergies that are achieved by extending the DG actions to be more inclusive of culturally based and creativity driven innovation.<\/p><p>Ultimately the project aims at upskilling of 1000+ representatives of the target group, inducing transnational cooperation of more than 200 SMEs from the CE region resulting in developing 90 Digital-green-creative action concepts, transferring the knowledge to other areas, and supporting the implementation of 9 Digial-Green-Creative transformative actions.<\/p>\t\t\t\t\t\t\t\t<\/div>\n\t\t\t\t<\/div>\n\t\t\t\t<div class=\"elementor-element elementor-element-3092e0d6 elementor-widget elementor-widget-text-editor\" data-id=\"3092e0d6\" data-element_type=\"widget\" data-e-type=\"widget\" data-widget_type=\"text-editor.default\">\n\t\t\t\t<div class=\"elementor-widget-container\">\n\t\t\t\t\t\t\t\t\t<p><strong>Project ID: <\/strong>CE0100048<\/p><p><strong>Duration of the project:<\/strong>\u00a003\/2023 - 05\/2027<\/p>\t\t\t\t\t\t\t\t<\/div>\n\t\t\t\t<\/div>\n\t\t\t\t<div class=\"elementor-element elementor-element-2c5286bd elementor-widget elementor-widget-heading\" data-id=\"2c5286bd\" data-element_type=\"widget\" data-e-type=\"widget\" data-widget_type=\"heading.default\">\n\t\t\t\t<div class=\"elementor-widget-container\">\n\t\t\t\t\t<h4 class=\"elementor-heading-title elementor-size-default\">Project partners:<\/h4>\t\t\t\t<\/div>\n\t\t\t\t<\/div>\n\t\t\t\t<div class=\"elementor-element elementor-element-4f0a4e22 elementor-widget elementor-widget-text-editor\" data-id=\"4f0a4e22\" data-element_type=\"widget\" data-e-type=\"widget\" data-widget_type=\"text-editor.default\">\n\t\t\t\t<div class=\"elementor-widget-container\">\n\t\t\t\t\t\t\t\t\t<ul><li>Primorska Technology Park (lead partner \u2013 Slovenia)<\/li><li>Friuli Innovation limited liability consortium company (Italy)<\/li><li>CTRIA - Central Transdanubian Regional Innovation Agency Nonprofit Ltd. (Hungary)<\/li><li>build! Gr\u00fcnderzentrum K\u00e4rnten GmbH (Austria)<\/li><li>IUAV University of Venice (Italy)<\/li><li>Museum of Architecture and Design (Slovenia)<\/li><li>University of Split, Faculty of Economics, Business and Tourism (Croatia)<\/li><li>Steinbeis Europa Zentrum (Germany)<\/li><li>IRI Centar d.o.o. (Croatia)<\/li><li>BizGarden Ltd. (Czech Republic)<\/li><li>Technical University of Kosice (Slovakia)<\/li><\/ul>\t\t\t\t\t\t\t\t<\/div>\n\t\t\t\t<\/div>\n\t\t\t\t<div class=\"elementor-element elementor-element-2af6833 elementor-widget elementor-widget-heading\" data-id=\"2af6833\" data-element_type=\"widget\" data-e-type=\"widget\" data-widget_type=\"heading.default\">\n\t\t\t\t<div class=\"elementor-widget-container\">\n\t\t\t\t\t<h4 class=\"elementor-heading-title elementor-size-default\">The official project website:<\/h4>\t\t\t\t<\/div>\n\t\t\t\t<\/div>\n\t\t\t\t<div class=\"elementor-element elementor-element-2ce1b04a elementor-widget elementor-widget-text-editor\" data-id=\"2ce1b04a\" data-element_type=\"widget\" data-e-type=\"widget\" data-widget_type=\"text-editor.default\">\n\t\t\t\t<div class=\"elementor-widget-container\">\n\t\t\t\t\t\t\t\t\t<p><blockquote class=\"wp-embedded-content\" data-secret=\"dmXk7jYp0A\"><a href=\"https:\/\/www.interreg-central.eu\/projects\/capacity2transform\/\" target=\"_blank\" rel=\"noopener\">Building capacity for digital, green and creative business transformation<\/a><\/blockquote><iframe class=\"wp-embedded-content\" sandbox=\"allow-scripts\" security=\"restricted\" style=\"position: absolute; clip: rect(1px, 1px, 1px, 1px);\" title=\"&#8220;Building capacity for digital, green and creative business transformation&#8221; &#8212; Interreg Central Europe\" src=\"https:\/\/www.interreg-central.eu\/projects\/capacity2transform\/embed\/#?secret=13eK54Gl4n#?secret=dmXk7jYp0A\" data-secret=\"dmXk7jYp0A\" width=\"500\" height=\"282\" frameborder=\"0\" marginwidth=\"0\" marginheight=\"0\" scrolling=\"no\"><\/iframe><\/p>\t\t\t\t\t\t\t\t<\/div>\n\t\t\t\t<\/div>\n\t\t\t\t<div class=\"elementor-element elementor-element-1c5711a5 elementor-widget elementor-widget-toggle\" data-id=\"1c5711a5\" data-element_type=\"widget\" data-e-type=\"widget\" data-widget_type=\"toggle.default\">\n\t\t\t\t<div class=\"elementor-widget-container\">\n\t\t\t\t\t\t\t<div class=\"elementor-toggle\">\n\t\t\t\t\t\t\t<div class=\"elementor-toggle-item\">\n\t\t\t\t\t<div id=\"elementor-tab-title-4751\" class=\"elementor-tab-title\" data-tab=\"1\" role=\"button\" aria-controls=\"elementor-tab-content-4751\" aria-expanded=\"false\">\n\t\t\t\t\t\t\t\t\t\t\t\t<span class=\"elementor-toggle-icon elementor-toggle-icon-left\" aria-hidden=\"true\">\n\t\t\t\t\t\t\t\t\t\t\t\t\t\t\t<span class=\"elementor-toggle-icon-closed\"><i class=\"fas fa-caret-right\"><\/i><\/span>\n\t\t\t\t\t\t\t\t<span class=\"elementor-toggle-icon-opened\"><i class=\"elementor-toggle-icon-opened fas fa-caret-up\"><\/i><\/span>\n\t\t\t\t\t\t\t\t\t\t\t\t\t<\/span>\n\t\t\t\t\t\t\t\t\t\t\t\t<a class=\"elementor-toggle-title\" tabindex=\"0\">More news and posts about the project:<\/a>\n\t\t\t\t\t<\/div>\n\n\t\t\t\t\t<div id=\"elementor-tab-content-4751\" class=\"elementor-tab-content elementor-clearfix\" data-tab=\"1\" role=\"region\" aria-labelledby=\"elementor-tab-title-4751\"><\/div>\n\t\t\t\t<\/div>\n\t\t\t\t\t\t\t\t<\/div>\n\t\t\t\t\t\t<\/div>\n\t\t\t\t<\/div>\n\t\t\t\t\t<\/div>\n\t\t<\/div>\n\t\t\t\t\t<\/div>\n\t\t<\/section>\n\t\t\t\t\t<\/div>\n\t\t<\/div>\n\t\t\t\t\t<\/div>\n\t\t<\/section>\n\t\t\t\t<\/div>","protected":false},"excerpt":{"rendered":"<p>Capacity2Transform A Capacity2Transform (C2T) egy kapacit\u00e1s\u00e9p\u00edt\u00e9si projekt, amely a KKI-k k\u00e9szs\u00e9ghi\u00e1ny\u00e1t orvosolja \u00e9s a fenntarthat\u00f3 turizmussal foglalkoz\u00f3 kkv-kat (ST_SME-k) seg\u00edti, hogy a turizmusban digit\u00e1lis \u00e9s z\u00f6ld \u00e1t\u00e1ll\u00e1si int\u00e9zked\u00e9sek r\u00e9sz\u00e9v\u00e9 v\u00e1ljanak K\u00f6z\u00e9p-Eur\u00f3p\u00e1ban. A kett\u0151s digit\u00e1lis-z\u00f6ld \u00e1tmenet kih\u00edv\u00e1s\u00e1val, a COVID-19 \u00e1ltal okozott munkahelyi bizonytalans\u00e1ggal, valamint a c\u00e9lzott ipar\u00e1gakban \u00e9s r\u00e9gi\u00f3kban tapasztalhat\u00f3 tehets\u00e9ghi\u00e1nnyal szemben a k\u00e9szs\u00e9gek \u00e9s kapacit\u00e1sok [&hellip;]<\/p>\n","protected":false},"author":1,"featured_media":0,"parent":0,"menu_order":0,"comment_status":"closed","ping_status":"closed","template":"","meta":{"site-sidebar-layout":"no-sidebar","site-content-layout":"page-builder","ast-site-content-layout":"full-width-container","site-content-style":"default","site-sidebar-style":"default","ast-global-header-display":"","ast-banner-title-visibility":"","ast-main-header-display":"","ast-hfb-above-header-display":"","ast-hfb-below-header-display":"","ast-hfb-mobile-header-display":"","site-post-title":"disabled","ast-breadcrumbs-content":"","ast-featured-img":"disabled","footer-sml-layout":"","ast-disable-related-posts":"","theme-transparent-header-meta":"","adv-header-id-meta":"","stick-header-meta":"","header-above-stick-meta":"","header-main-stick-meta":"","header-below-stick-meta":"","astra-migrate-meta-layouts":"set","ast-page-background-enabled":"default","ast-page-background-meta":{"desktop":{"background-color":"","background-image":"","background-repeat":"repeat","background-position":"center center","background-size":"auto","background-attachment":"scroll","background-type":"","background-media":"","overlay-type":"","overlay-color":"","overlay-opacity":"","overlay-gradient":""},"tablet":{"background-color":"","background-image":"","background-repeat":"repeat","background-position":"center center","background-size":"auto","background-attachment":"scroll","background-type":"","background-media":"","overlay-type":"","overlay-color":"","overlay-opacity":"","overlay-gradient":""},"mobile":{"background-color":"","background-image":"","background-repeat":"repeat","background-position":"center center","background-size":"auto","background-attachment":"scroll","background-type":"","background-media":"","overlay-type":"","overlay-color":"","overlay-opacity":"","overlay-gradient":""}},"ast-content-background-meta":{"desktop":{"background-color":"var(--ast-global-color-5)","background-image":"","background-repeat":"repeat","background-position":"center center","background-size":"auto","background-attachment":"scroll","background-type":"","background-media":"","overlay-type":"","overlay-color":"","overlay-opacity":"","overlay-gradient":""},"tablet":{"background-color":"var(--ast-global-color-5)","background-image":"","background-repeat":"repeat","background-position":"center center","background-size":"auto","background-attachment":"scroll","background-type":"","background-media":"","overlay-type":"","overlay-color":"","overlay-opacity":"","overlay-gradient":""},"mobile":{"background-color":"var(--ast-global-color-5)","background-image":"","background-repeat":"repeat","background-position":"center center","background-size":"auto","background-attachment":"scroll","background-type":"","background-media":"","overlay-type":"","overlay-color":"","overlay-opacity":"","overlay-gradient":""}},"footnotes":""},"class_list":["post-8023","page","type-page","status-publish","hentry"],"_links":{"self":[{"href":"https:\/\/www.kdriu.hu\/en\/wp-json\/wp\/v2\/pages\/8023","targetHints":{"allow":["GET"]}}],"collection":[{"href":"https:\/\/www.kdriu.hu\/en\/wp-json\/wp\/v2\/pages"}],"about":[{"href":"https:\/\/www.kdriu.hu\/en\/wp-json\/wp\/v2\/types\/page"}],"author":[{"embeddable":true,"href":"https:\/\/www.kdriu.hu\/en\/wp-json\/wp\/v2\/users\/1"}],"replies":[{"embeddable":true,"href":"https:\/\/www.kdriu.hu\/en\/wp-json\/wp\/v2\/comments?post=8023"}],"version-history":[{"count":34,"href":"https:\/\/www.kdriu.hu\/en\/wp-json\/wp\/v2\/pages\/8023\/revisions"}],"predecessor-version":[{"id":8121,"href":"https:\/\/www.kdriu.hu\/en\/wp-json\/wp\/v2\/pages\/8023\/revisions\/8121"}],"wp:attachment":[{"href":"https:\/\/www.kdriu.hu\/en\/wp-json\/wp\/v2\/media?parent=8023"}],"curies":[{"name":"wp","href":"https:\/\/api.w.org\/{rel}","templated":true}]}}