{"id":8103,"date":"2023-09-18T12:02:57","date_gmt":"2023-09-18T12:02:57","guid":{"rendered":"https:\/\/www.kdriu.hu\/?page_id=8103"},"modified":"2026-01-22T12:26:47","modified_gmt":"2026-01-22T12:26:47","slug":"hl4v","status":"publish","type":"page","link":"https:\/\/www.kdriu.hu\/en\/hl4v\/","title":{"rendered":"Health Labs4Value | Interreg Central Europe"},"content":{"rendered":"<div data-elementor-type=\"wp-page\" data-elementor-id=\"8103\" class=\"elementor elementor-8103\" data-elementor-post-type=\"page\">\n\t\t\t\t\t\t<section class=\"elementor-section elementor-top-section elementor-element elementor-element-7f9c35e8 elementor-section-stretched elementor-section-height-min-height elementor-section-boxed elementor-section-height-default elementor-section-items-middle elementor-invisible\" data-id=\"7f9c35e8\" data-element_type=\"section\" data-e-type=\"section\" data-settings=\"{&quot;background_background&quot;:&quot;classic&quot;,&quot;stretch_section&quot;:&quot;section-stretched&quot;,&quot;animation&quot;:&quot;fadeIn&quot;}\">\n\t\t\t\t\t\t\t<div class=\"elementor-background-overlay\"><\/div>\n\t\t\t\t\t\t\t<div class=\"elementor-container elementor-column-gap-no\">\n\t\t\t\t\t<div class=\"elementor-column elementor-col-100 elementor-top-column elementor-element elementor-element-104e59e8\" data-id=\"104e59e8\" data-element_type=\"column\" data-e-type=\"column\">\n\t\t\t<div class=\"elementor-widget-wrap elementor-element-populated\">\n\t\t\t\t\t\t<div class=\"elementor-element elementor-element-30491f13 elementor-widget elementor-widget-spacer\" data-id=\"30491f13\" data-element_type=\"widget\" data-e-type=\"widget\" data-widget_type=\"spacer.default\">\n\t\t\t\t<div class=\"elementor-widget-container\">\n\t\t\t\t\t\t\t<div class=\"elementor-spacer\">\n\t\t\t<div class=\"elementor-spacer-inner\"><\/div>\n\t\t<\/div>\n\t\t\t\t\t\t<\/div>\n\t\t\t\t<\/div>\n\t\t\t\t<div class=\"elementor-element elementor-element-51e5ce4d elementor-widget elementor-widget-heading\" data-id=\"51e5ce4d\" data-element_type=\"widget\" data-e-type=\"widget\" data-widget_type=\"heading.default\">\n\t\t\t\t<div class=\"elementor-widget-container\">\n\t\t\t\t\t<h2 class=\"elementor-heading-title elementor-size-default\">Health Labs4Value | Interreg Central Europe<\/h2>\t\t\t\t<\/div>\n\t\t\t\t<\/div>\n\t\t\t\t\t<\/div>\n\t\t<\/div>\n\t\t\t\t\t<\/div>\n\t\t<\/section>\n\t\t\t\t<section class=\"elementor-section elementor-top-section elementor-element elementor-element-e8c1bec elementor-section-stretched elementor-section-boxed elementor-section-height-default elementor-section-height-default\" data-id=\"e8c1bec\" data-element_type=\"section\" data-e-type=\"section\" data-settings=\"{&quot;stretch_section&quot;:&quot;section-stretched&quot;,&quot;background_background&quot;:&quot;classic&quot;}\">\n\t\t\t\t\t\t<div class=\"elementor-container elementor-column-gap-no\">\n\t\t\t\t\t<div class=\"elementor-column elementor-col-100 elementor-top-column elementor-element elementor-element-114511f9\" data-id=\"114511f9\" data-element_type=\"column\" data-e-type=\"column\">\n\t\t\t<div class=\"elementor-widget-wrap elementor-element-populated\">\n\t\t\t\t\t\t<section class=\"elementor-section elementor-inner-section elementor-element elementor-element-4fd0b2e7 elementor-section-boxed elementor-section-height-default elementor-section-height-default\" data-id=\"4fd0b2e7\" data-element_type=\"section\" data-e-type=\"section\">\n\t\t\t\t\t\t<div class=\"elementor-container elementor-column-gap-default\">\n\t\t\t\t\t<div class=\"elementor-column elementor-col-100 elementor-inner-column elementor-element elementor-element-5dc8f696\" data-id=\"5dc8f696\" data-element_type=\"column\" data-e-type=\"column\" data-settings=\"{&quot;background_background&quot;:&quot;classic&quot;}\">\n\t\t\t<div class=\"elementor-widget-wrap elementor-element-populated\">\n\t\t\t\t\t\t<div class=\"elementor-element elementor-element-c5fbdfe elementor-widget elementor-widget-image\" data-id=\"c5fbdfe\" data-element_type=\"widget\" data-e-type=\"widget\" data-widget_type=\"image.default\">\n\t\t\t\t<div class=\"elementor-widget-container\">\n\t\t\t\t\t\t\t\t\t\t\t\t\t\t\t<img fetchpriority=\"high\" decoding=\"async\" width=\"680\" height=\"288\" src=\"https:\/\/www.kdriu.hu\/wp-content\/uploads\/2023\/09\/logo_HL4V.png\" class=\"attachment-large size-large wp-image-8110\" alt=\"\" srcset=\"https:\/\/www.kdriu.hu\/wp-content\/uploads\/2023\/09\/logo_HL4V.png 680w, https:\/\/www.kdriu.hu\/wp-content\/uploads\/2023\/09\/logo_HL4V-300x127.png 300w, https:\/\/www.kdriu.hu\/wp-content\/uploads\/2023\/09\/logo_HL4V-18x8.png 18w\" sizes=\"(max-width: 680px) 100vw, 680px\" \/>\t\t\t\t\t\t\t\t\t\t\t\t\t\t\t<\/div>\n\t\t\t\t<\/div>\n\t\t\t\t<div class=\"elementor-element elementor-element-4199ad4 elementor-widget elementor-widget-video\" data-id=\"4199ad4\" data-element_type=\"widget\" data-e-type=\"widget\" data-settings=\"{&quot;youtube_url&quot;:&quot;https:\\\/\\\/youtu.be\\\/cmwFo_RpkCY?si=oQ3fuF4hTg5715Fx&quot;,&quot;cc_load_policy&quot;:&quot;yes&quot;,&quot;video_type&quot;:&quot;youtube&quot;,&quot;controls&quot;:&quot;yes&quot;}\" data-widget_type=\"video.default\">\n\t\t\t\t<div class=\"elementor-widget-container\">\n\t\t\t\t\t\t\t<div class=\"elementor-wrapper elementor-open-inline\">\n\t\t\t<div class=\"elementor-video\"><\/div>\t\t<\/div>\n\t\t\t\t\t\t<\/div>\n\t\t\t\t<\/div>\n\t\t\t\t<div class=\"elementor-element elementor-element-730fac23 elementor-widget elementor-widget-text-editor\" data-id=\"730fac23\" data-element_type=\"widget\" data-e-type=\"widget\" data-widget_type=\"text-editor.default\">\n\t\t\t\t<div class=\"elementor-widget-container\">\n\t\t\t\t\t\t\t\t\t<p>A kr\u00f3nikus betegs\u00e9gek n\u00f6veked\u00e9s\u00e9vel j\u00e1r\u00f3 n\u00e9pess\u00e9g el\u00f6reged\u00e9se t\u00falzott terhet r\u00f3 a k\u00f6z\u00e9p-kelet-eur\u00f3pai eg\u00e9szs\u00e9g\u00fcgyi rendszerekre. Az eg\u00e9szs\u00e9g\u00fcgyi ell\u00e1t\u00f3rendszereket nem lehet a v\u00e9gtelens\u00e9gig felduzzasztani a n\u00f6vekv\u0151 ig\u00e9nyek\/kereslet kiel\u00e9g\u00edt\u00e9s\u00e9re. A kih\u00edv\u00e1st a nem megfelel\u0151 ell\u00e1t\u00e1sra, a korl\u00e1tozott \u00e9s elpazarolt er\u0151forr\u00e1sokra vonatkoz\u00f3 riaszt\u00f3 adatok jelentik, amint azt az OECD &#8222;Pazarl\u00f3 kiad\u00e1sok az eg\u00e9szs\u00e9g\u00fcgyben&#8221; c\u00edm\u0171 jelent\u00e9se (2017) \u00e9s az Eur\u00f3pai Bizttos\u00e1g \u00e1ltal 2019. j\u00fanius 26-\u00e1n szervezett szak\u00e9rt\u0151i panel is le\u00edrja.<\/p><p>A projekt c\u00e9lja, hogy reag\u00e1ljon a k\u00f6z\u00e9p-kelet eur\u00f3pai eg\u00e9szs\u00e9g\u00fcgyi rendszerek fenntarthatatlan, a sz\u0171k\u00f6s er\u0151forr\u00e1sokat pazarl\u00f3 m\u00f3don kezel\u0151 mivolt\u00e1ra, mik\u00f6zben K+F tev\u00e9kenys\u00e9gek, a technol\u00f3gia \u00e9s az innov\u00e1ci\u00f3 \u00e1tad\u00e1sa m\u00e9g mindig jelent\u0151s egyenl\u0151tlens\u00e9geket mutat a keleti \u00e9s nyugati r\u00e9gi\u00f3k k\u00f6z\u00f6tt a t\u00e9rs\u00e9gen bel\u00fcl is.\u00a0<\/p><p>Megold\u00e1sk\u00e9nt a projekt szeretn\u00e9 bevezetni az \u00e9rt\u00e9kalap\u00fa eg\u00e9szs\u00e9g\u00fcgyi ell\u00e1t\u00e1s koncepci\u00f3j\u00e1t, haszn\u00e1lni k\u00edv\u00e1nja \u201eLiving Labs\u201d m\u00f3dszert \u00e9s a fenntarthat\u00f3 strukt\u00far\u00e1kat k\u00edv\u00e1n l\u00e9trehozni partnerr\u00e9gi\u00f3kban az eg\u00e9szs\u00e9g\u00fcgyi innov\u00e1ci\u00f3k megval\u00f3s\u00edt\u00e1s\u00e1ra \u00e9s a technol\u00f3gia\u00e1tad\u00e1sra.<\/p>\t\t\t\t\t\t\t\t<\/div>\n\t\t\t\t<\/div>\n\t\t\t\t<div class=\"elementor-element elementor-element-6a8c02f1 elementor-widget elementor-widget-text-editor\" data-id=\"6a8c02f1\" data-element_type=\"widget\" data-e-type=\"widget\" data-widget_type=\"text-editor.default\">\n\t\t\t\t<div class=\"elementor-widget-container\">\n\t\t\t\t\t\t\t\t\t<p><strong>Project ID: <\/strong>CE0100013<\/p><p><strong>Duration of the project:<\/strong>\u00a001\/03\/2023 - 28\/02\/2026<\/p><p><span style=\"font-weight: bold;\">Total project budget:<\/span>\u00a02.192.750 EUR<\/p>\t\t\t\t\t\t\t\t<\/div>\n\t\t\t\t<\/div>\n\t\t\t\t<div class=\"elementor-element elementor-element-59d8604c elementor-widget elementor-widget-heading\" data-id=\"59d8604c\" data-element_type=\"widget\" data-e-type=\"widget\" data-widget_type=\"heading.default\">\n\t\t\t\t<div class=\"elementor-widget-container\">\n\t\t\t\t\t<h4 class=\"elementor-heading-title elementor-size-default\">Project partners:<\/h4>\t\t\t\t<\/div>\n\t\t\t\t<\/div>\n\t\t\t\t<div class=\"elementor-element elementor-element-2c569b60 elementor-widget elementor-widget-text-editor\" data-id=\"2c569b60\" data-element_type=\"widget\" data-e-type=\"widget\" data-widget_type=\"text-editor.default\">\n\t\t\t\t<div class=\"elementor-widget-container\">\n\t\t\t\t\t\t\t\t\t<ul><li>CTRIA - Central Transdanubian Regional Innovation Agency Nonprofit Ltd. (Hungary)<\/li><li>TritonLife Mag\u00e1nk\u00f3rh\u00e1zak Zrt. (Magyarorsz\u00e1g)<\/li><li>Gospodarska zbornica Slovenije (Szlov\u00e9nia)<\/li><li>Splo\u0161na Bolni\u0161nica Jesenice (Szlov\u00e9nia)<\/li><li>Carus Consilium Sachsen GmbH (N\u00e9metorsz\u00e1g)<\/li><li>Universit\u00e4tsklinikum Carl Gustav Carus Dresden A.\u00f6. (N\u00e9metorsz\u00e1g)<\/li><li>Uniwersytet Medyczny w Lodzi (Lengyelorsz\u00e1g)<\/li><li>Centralny Szpital Kliniczny Uniwersytetu Medycznego w \u0141odzi (Lengyelorsz\u00e1g)<\/li><li>Zentrum f\u00fcr Soziale Innovation GmbH (Ausztria)<\/li><li>Krajska nemocnice Liberec a.s. (Csehorsz\u00e1g)<\/li><li>DEX Innovation Centre, z.s. (Csehorsz\u00e1g)<\/li><\/ul>\t\t\t\t\t\t\t\t<\/div>\n\t\t\t\t<\/div>\n\t\t\t\t<div class=\"elementor-element elementor-element-7b708d14 elementor-widget elementor-widget-heading\" data-id=\"7b708d14\" data-element_type=\"widget\" data-e-type=\"widget\" data-widget_type=\"heading.default\">\n\t\t\t\t<div class=\"elementor-widget-container\">\n\t\t\t\t\t<h4 class=\"elementor-heading-title elementor-size-default\">The official project website:<\/h4>\t\t\t\t<\/div>\n\t\t\t\t<\/div>\n\t\t\t\t<div class=\"elementor-element elementor-element-2764798c elementor-widget elementor-widget-text-editor\" data-id=\"2764798c\" data-element_type=\"widget\" data-e-type=\"widget\" data-widget_type=\"text-editor.default\">\n\t\t\t\t<div class=\"elementor-widget-container\">\n\t\t\t\t\t\t\t\t\t<p><blockquote class=\"wp-embedded-content\" data-secret=\"CVO0TWsmFT\"><a href=\"https:\/\/www.interreg-central.eu\/projects\/health-labs4value\/\" target=\"_blank\" rel=\"noopener\">Digitalising patient-oriented health care<\/a><\/blockquote><iframe class=\"wp-embedded-content\" sandbox=\"allow-scripts\" security=\"restricted\" style=\"position: absolute; clip: rect(1px, 1px, 1px, 1px);\" title=\"&#8220;Digitalising patient-oriented health care&#8221; &#8212; Interreg Central Europe\" src=\"https:\/\/www.interreg-central.eu\/projects\/health-labs4value\/embed\/#?secret=3MC98kUSE2#?secret=CVO0TWsmFT\" data-secret=\"CVO0TWsmFT\" width=\"500\" height=\"282\" frameborder=\"0\" marginwidth=\"0\" marginheight=\"0\" scrolling=\"no\"><\/iframe><\/p>\t\t\t\t\t\t\t\t<\/div>\n\t\t\t\t<\/div>\n\t\t\t\t<div class=\"elementor-element elementor-element-65382b3f elementor-widget elementor-widget-toggle\" data-id=\"65382b3f\" data-element_type=\"widget\" data-e-type=\"widget\" data-widget_type=\"toggle.default\">\n\t\t\t\t<div class=\"elementor-widget-container\">\n\t\t\t\t\t\t\t<div class=\"elementor-toggle\">\n\t\t\t\t\t\t\t<div class=\"elementor-toggle-item\">\n\t\t\t\t\t<div id=\"elementor-tab-title-1691\" class=\"elementor-tab-title\" data-tab=\"1\" role=\"button\" aria-controls=\"elementor-tab-content-1691\" aria-expanded=\"false\">\n\t\t\t\t\t\t\t\t\t\t\t\t<span class=\"elementor-toggle-icon elementor-toggle-icon-left\" aria-hidden=\"true\">\n\t\t\t\t\t\t\t\t\t\t\t\t\t\t\t<span class=\"elementor-toggle-icon-closed\"><i class=\"fas fa-caret-right\"><\/i><\/span>\n\t\t\t\t\t\t\t\t<span class=\"elementor-toggle-icon-opened\"><i class=\"elementor-toggle-icon-opened fas fa-caret-up\"><\/i><\/span>\n\t\t\t\t\t\t\t\t\t\t\t\t\t<\/span>\n\t\t\t\t\t\t\t\t\t\t\t\t<a class=\"elementor-toggle-title\" tabindex=\"0\">Ny\u00edlt aj\u00e1nlatt\u00e9teli felh\u00edv\u00e1s<\/a>\n\t\t\t\t\t<\/div>\n\n\t\t\t\t\t<div id=\"elementor-tab-content-1691\" class=\"elementor-tab-content elementor-clearfix\" data-tab=\"1\" role=\"region\" aria-labelledby=\"elementor-tab-title-1691\"><p><a href=\"https:\/\/www.kdriu.hu\/wp-content\/uploads\/2024\/03\/Nyilt-ajanlatteteli-felhivas_HL4V.pdf\" target=\"_blank\" rel=\"noopener\">Aj\u00e1nlatt\u00e9teli felh\u00edv\u00e1s &#8211; INTERREG Central Europe Program \u00e1ltal finansz\u00edrozott, CE0100013 sz\u00e1m\u00fa, Health Labs4Value projekt 3.2 tev\u00e9kenys\u00e9g\u00e9ben meghat\u00e1rozott protot\u00edpus koncepci\u00f3 kidolgoz\u00e1sa a beny\u00fajtott p\u00e1ly\u00e1zati formanyomtatv\u00e1nyban le\u00edrtakkal \u00f6sszhangban.<\/a><\/p><p><a href=\"https:\/\/www.kdriu.hu\/wp-content\/uploads\/2024\/03\/Ajanlatteteli-lap.docx\" target=\"_blank\" rel=\"noopener\">Aj\u00e1nlat\u00e9teli adatlap<\/a><\/p><p><a href=\"https:\/\/www.kdriu.hu\/wp-content\/uploads\/2024\/03\/Palyazat-CE0100013_Health-Labs4Value.pdf\" target=\"_blank\" rel=\"noopener\">CE0100013 sz\u00e1m\u00fa, Health Labs4Value projekt beny\u00fajtott p\u00e1ly\u00e1zati<br \/>formanyomtatv\u00e1nya<\/a><\/p><\/div>\n\t\t\t\t<\/div>\n\t\t\t\t\t\t\t\t<\/div>\n\t\t\t\t\t\t<\/div>\n\t\t\t\t<\/div>\n\t\t\t\t<div class=\"elementor-element elementor-element-f3d0565 elementor-widget elementor-widget-toggle\" data-id=\"f3d0565\" data-element_type=\"widget\" data-e-type=\"widget\" data-widget_type=\"toggle.default\">\n\t\t\t\t<div class=\"elementor-widget-container\">\n\t\t\t\t\t\t\t<div class=\"elementor-toggle\">\n\t\t\t\t\t\t\t<div class=\"elementor-toggle-item\">\n\t\t\t\t\t<div id=\"elementor-tab-title-2551\" class=\"elementor-tab-title\" data-tab=\"1\" role=\"button\" aria-controls=\"elementor-tab-content-2551\" aria-expanded=\"false\">\n\t\t\t\t\t\t\t\t\t\t\t\t<span class=\"elementor-toggle-icon elementor-toggle-icon-left\" aria-hidden=\"true\">\n\t\t\t\t\t\t\t\t\t\t\t\t\t\t\t<span class=\"elementor-toggle-icon-closed\"><i class=\"fas fa-caret-right\"><\/i><\/span>\n\t\t\t\t\t\t\t\t<span class=\"elementor-toggle-icon-opened\"><i class=\"elementor-toggle-icon-opened fas fa-caret-up\"><\/i><\/span>\n\t\t\t\t\t\t\t\t\t\t\t\t\t<\/span>\n\t\t\t\t\t\t\t\t\t\t\t\t<a class=\"elementor-toggle-title\" tabindex=\"0\">More news and posts about the project:<\/a>\n\t\t\t\t\t<\/div>\n\n\t\t\t\t\t<div id=\"elementor-tab-content-2551\" class=\"elementor-tab-content elementor-clearfix\" data-tab=\"1\" role=\"region\" aria-labelledby=\"elementor-tab-title-2551\"><\/div>\n\t\t\t\t<\/div>\n\t\t\t\t\t\t\t\t<\/div>\n\t\t\t\t\t\t<\/div>\n\t\t\t\t<\/div>\n\t\t\t\t\t<\/div>\n\t\t<\/div>\n\t\t\t\t\t<\/div>\n\t\t<\/section>\n\t\t\t\t\t<\/div>\n\t\t<\/div>\n\t\t\t\t\t<\/div>\n\t\t<\/section>\n\t\t\t\t<\/div>","protected":false},"excerpt":{"rendered":"<p>Health Labs4Value | Interreg Central Europe https:\/\/youtu.be\/cmwFo_RpkCY?si=oQ3fuF4hTg5715Fx A kr\u00f3nikus betegs\u00e9gek n\u00f6veked\u00e9s\u00e9vel j\u00e1r\u00f3 n\u00e9pess\u00e9g el\u00f6reged\u00e9se t\u00falzott terhet r\u00f3 a k\u00f6z\u00e9p-kelet-eur\u00f3pai eg\u00e9szs\u00e9g\u00fcgyi rendszerekre. Az eg\u00e9szs\u00e9g\u00fcgyi ell\u00e1t\u00f3rendszereket nem lehet a v\u00e9gtelens\u00e9gig felduzzasztani a n\u00f6vekv\u0151 ig\u00e9nyek\/kereslet kiel\u00e9g\u00edt\u00e9s\u00e9re. A kih\u00edv\u00e1st a nem megfelel\u0151 ell\u00e1t\u00e1sra, a korl\u00e1tozott \u00e9s elpazarolt er\u0151forr\u00e1sokra vonatkoz\u00f3 riaszt\u00f3 adatok jelentik, amint azt az OECD &#8222;Pazarl\u00f3 kiad\u00e1sok az [&hellip;]<\/p>\n","protected":false},"author":1,"featured_media":0,"parent":0,"menu_order":0,"comment_status":"closed","ping_status":"closed","template":"","meta":{"site-sidebar-layout":"no-sidebar","site-content-layout":"page-builder","ast-site-content-layout":"full-width-container","site-content-style":"default","site-sidebar-style":"default","ast-global-header-display":"","ast-banner-title-visibility":"","ast-main-header-display":"","ast-hfb-above-header-display":"","ast-hfb-below-header-display":"","ast-hfb-mobile-header-display":"","site-post-title":"disabled","ast-breadcrumbs-content":"","ast-featured-img":"disabled","footer-sml-layout":"","ast-disable-related-posts":"","theme-transparent-header-meta":"","adv-header-id-meta":"","stick-header-meta":"","header-above-stick-meta":"","header-main-stick-meta":"","header-below-stick-meta":"","astra-migrate-meta-layouts":"set","ast-page-background-enabled":"default","ast-page-background-meta":{"desktop":{"background-color":"","background-image":"","background-repeat":"repeat","background-position":"center center","background-size":"auto","background-attachment":"scroll","background-type":"","background-media":"","overlay-type":"","overlay-color":"","overlay-opacity":"","overlay-gradient":""},"tablet":{"background-color":"","background-image":"","background-repeat":"repeat","background-position":"center center","background-size":"auto","background-attachment":"scroll","background-type":"","background-media":"","overlay-type":"","overlay-color":"","overlay-opacity":"","overlay-gradient":""},"mobile":{"background-color":"","background-image":"","background-repeat":"repeat","background-position":"center center","background-size":"auto","background-attachment":"scroll","background-type":"","background-media":"","overlay-type":"","overlay-color":"","overlay-opacity":"","overlay-gradient":""}},"ast-content-background-meta":{"desktop":{"background-color":"var(--ast-global-color-5)","background-image":"","background-repeat":"repeat","background-position":"center center","background-size":"auto","background-attachment":"scroll","background-type":"","background-media":"","overlay-type":"","overlay-color":"","overlay-opacity":"","overlay-gradient":""},"tablet":{"background-color":"var(--ast-global-color-5)","background-image":"","background-repeat":"repeat","background-position":"center center","background-size":"auto","background-attachment":"scroll","background-type":"","background-media":"","overlay-type":"","overlay-color":"","overlay-opacity":"","overlay-gradient":""},"mobile":{"background-color":"var(--ast-global-color-5)","background-image":"","background-repeat":"repeat","background-position":"center center","background-size":"auto","background-attachment":"scroll","background-type":"","background-media":"","overlay-type":"","overlay-color":"","overlay-opacity":"","overlay-gradient":""}},"footnotes":""},"class_list":["post-8103","page","type-page","status-publish","hentry"],"_links":{"self":[{"href":"https:\/\/www.kdriu.hu\/en\/wp-json\/wp\/v2\/pages\/8103","targetHints":{"allow":["GET"]}}],"collection":[{"href":"https:\/\/www.kdriu.hu\/en\/wp-json\/wp\/v2\/pages"}],"about":[{"href":"https:\/\/www.kdriu.hu\/en\/wp-json\/wp\/v2\/types\/page"}],"author":[{"embeddable":true,"href":"https:\/\/www.kdriu.hu\/en\/wp-json\/wp\/v2\/users\/1"}],"replies":[{"embeddable":true,"href":"https:\/\/www.kdriu.hu\/en\/wp-json\/wp\/v2\/comments?post=8103"}],"version-history":[{"count":19,"href":"https:\/\/www.kdriu.hu\/en\/wp-json\/wp\/v2\/pages\/8103\/revisions"}],"predecessor-version":[{"id":9976,"href":"https:\/\/www.kdriu.hu\/en\/wp-json\/wp\/v2\/pages\/8103\/revisions\/9976"}],"wp:attachment":[{"href":"https:\/\/www.kdriu.hu\/en\/wp-json\/wp\/v2\/media?parent=8103"}],"curies":[{"name":"wp","href":"https:\/\/api.w.org\/{rel}","templated":true}]}}