{"id":8123,"date":"2023-09-18T12:45:01","date_gmt":"2023-09-18T12:45:01","guid":{"rendered":"https:\/\/www.kdriu.hu\/?page_id=8123"},"modified":"2023-09-18T12:56:11","modified_gmt":"2023-09-18T12:56:11","slug":"cherry","status":"publish","type":"page","link":"https:\/\/www.kdriu.hu\/en\/cherry\/","title":{"rendered":"CHERRY | Interreg Europe"},"content":{"rendered":"<div data-elementor-type=\"wp-page\" data-elementor-id=\"8123\" class=\"elementor elementor-8123\" data-elementor-post-type=\"page\">\n\t\t\t\t\t\t<section class=\"elementor-section elementor-top-section elementor-element elementor-element-15aef1b6 elementor-section-stretched elementor-section-height-min-height elementor-section-boxed elementor-section-height-default elementor-section-items-middle elementor-invisible\" data-id=\"15aef1b6\" data-element_type=\"section\" data-e-type=\"section\" data-settings=\"{&quot;background_background&quot;:&quot;classic&quot;,&quot;stretch_section&quot;:&quot;section-stretched&quot;,&quot;animation&quot;:&quot;fadeIn&quot;}\">\n\t\t\t\t\t\t\t<div class=\"elementor-background-overlay\"><\/div>\n\t\t\t\t\t\t\t<div class=\"elementor-container elementor-column-gap-no\">\n\t\t\t\t\t<div class=\"elementor-column elementor-col-100 elementor-top-column elementor-element elementor-element-686e27bc\" data-id=\"686e27bc\" data-element_type=\"column\" data-e-type=\"column\">\n\t\t\t<div class=\"elementor-widget-wrap elementor-element-populated\">\n\t\t\t\t\t\t<div class=\"elementor-element elementor-element-7f837c36 elementor-widget elementor-widget-spacer\" data-id=\"7f837c36\" data-element_type=\"widget\" data-e-type=\"widget\" data-widget_type=\"spacer.default\">\n\t\t\t\t<div class=\"elementor-widget-container\">\n\t\t\t\t\t\t\t<div class=\"elementor-spacer\">\n\t\t\t<div class=\"elementor-spacer-inner\"><\/div>\n\t\t<\/div>\n\t\t\t\t\t\t<\/div>\n\t\t\t\t<\/div>\n\t\t\t\t<div class=\"elementor-element elementor-element-22157a17 elementor-widget elementor-widget-heading\" data-id=\"22157a17\" data-element_type=\"widget\" data-e-type=\"widget\" data-widget_type=\"heading.default\">\n\t\t\t\t<div class=\"elementor-widget-container\">\n\t\t\t\t\t<h2 class=\"elementor-heading-title elementor-size-default\">CHERRY | Interreg Europe<\/h2>\t\t\t\t<\/div>\n\t\t\t\t<\/div>\n\t\t\t\t\t<\/div>\n\t\t<\/div>\n\t\t\t\t\t<\/div>\n\t\t<\/section>\n\t\t\t\t<section class=\"elementor-section elementor-top-section elementor-element elementor-element-780326bc elementor-section-stretched elementor-section-boxed elementor-section-height-default elementor-section-height-default\" data-id=\"780326bc\" data-element_type=\"section\" data-e-type=\"section\" data-settings=\"{&quot;stretch_section&quot;:&quot;section-stretched&quot;,&quot;background_background&quot;:&quot;classic&quot;}\">\n\t\t\t\t\t\t<div class=\"elementor-container elementor-column-gap-no\">\n\t\t\t\t\t<div class=\"elementor-column elementor-col-100 elementor-top-column elementor-element elementor-element-69561dcf\" data-id=\"69561dcf\" data-element_type=\"column\" data-e-type=\"column\">\n\t\t\t<div class=\"elementor-widget-wrap elementor-element-populated\">\n\t\t\t\t\t\t<section class=\"elementor-section elementor-inner-section elementor-element elementor-element-21ea2304 elementor-section-boxed elementor-section-height-default elementor-section-height-default\" data-id=\"21ea2304\" data-element_type=\"section\" data-e-type=\"section\">\n\t\t\t\t\t\t<div class=\"elementor-container elementor-column-gap-default\">\n\t\t\t\t\t<div class=\"elementor-column elementor-col-100 elementor-inner-column elementor-element elementor-element-11c49dc0\" data-id=\"11c49dc0\" data-element_type=\"column\" data-e-type=\"column\" data-settings=\"{&quot;background_background&quot;:&quot;classic&quot;}\">\n\t\t\t<div class=\"elementor-widget-wrap elementor-element-populated\">\n\t\t\t\t\t\t<div class=\"elementor-element elementor-element-5dfb6dab elementor-widget elementor-widget-image\" data-id=\"5dfb6dab\" data-element_type=\"widget\" data-e-type=\"widget\" data-widget_type=\"image.default\">\n\t\t\t\t<div class=\"elementor-widget-container\">\n\t\t\t\t\t\t\t\t\t\t\t\t\t\t\t<img fetchpriority=\"high\" decoding=\"async\" width=\"1024\" height=\"368\" src=\"https:\/\/www.kdriu.hu\/wp-content\/uploads\/2023\/09\/CHERRY_Logo-1024x368.png\" class=\"attachment-large size-large wp-image-8127\" alt=\"\" srcset=\"https:\/\/www.kdriu.hu\/wp-content\/uploads\/2023\/09\/CHERRY_Logo-1024x368.png 1024w, https:\/\/www.kdriu.hu\/wp-content\/uploads\/2023\/09\/CHERRY_Logo-300x108.png 300w, https:\/\/www.kdriu.hu\/wp-content\/uploads\/2023\/09\/CHERRY_Logo-768x276.png 768w, https:\/\/www.kdriu.hu\/wp-content\/uploads\/2023\/09\/CHERRY_Logo-1536x551.png 1536w, https:\/\/www.kdriu.hu\/wp-content\/uploads\/2023\/09\/CHERRY_Logo-2048x735.png 2048w, https:\/\/www.kdriu.hu\/wp-content\/uploads\/2023\/09\/CHERRY_Logo-18x6.png 18w\" sizes=\"(max-width: 1024px) 100vw, 1024px\" \/>\t\t\t\t\t\t\t\t\t\t\t\t\t\t\t<\/div>\n\t\t\t\t<\/div>\n\t\t\t\t<div class=\"elementor-element elementor-element-686ff5df elementor-widget elementor-widget-text-editor\" data-id=\"686ff5df\" data-element_type=\"widget\" data-e-type=\"widget\" data-widget_type=\"text-editor.default\">\n\t\t\t\t<div class=\"elementor-widget-container\">\n\t\t\t\t\t\t\t\t\t<p>CHERRY - making Culture tHe N\u00b01 ally of European RecoveRY<\/p><p>No corner of our planet has been untouched by the COVID-19 crisis. The virus itself has claimed many lives and the shutdowns experienced in many countries have destroyed jobs and businesses. The medium and long-term social and economic impact of the pandemic is difficult to predict and measure. Cultural and creative industries (CCIs) were among the first to close their doors and will be among the last to reopen. Much of the sector depends on the human community. As a result, activities that are carried out in person in venues such as theatre, live music, festivals, cinemas and museums are particularly hard hit.\u00a0<\/p><p>Around the world, the livelihoods of workers in different sectors have been deeply affected by closures and physical restraint. The creative ecosystem, which brings together a handful of multinational conglomerates with a multitude of freelance creatives and SMEs, employs a significant proportion of these workers. Many people around the world depend on the cultural and creative industries for their livelihoods. However, the often precarious nature of their work has made artists and cultural professionals particularly vulnerable to the economic shocks of the pandemic.\u00a0<\/p><p>The CHERRY project aims to improve policies and local plans for CCIs to respond to the pandemic, and to use innovative communication tools, digital technologies and services to further develop the sector, reach new users and generally improve the relevance of culture for the EU's recovery\u00a0<\/p><p>The project will collaborate with public institutions from Italy, Greece, Hungary, Romania, Belgium, France, Latvia and Finland to support the resilience of cultural and creative industries to the COVID-19 emergency, focusing on the themes of cultural and creative industries and urban transformation, cultural and creative industries and entrepreneurship, and the valorisation of cultural and cultural heritage.<\/p><div>\u00a0<\/div>\t\t\t\t\t\t\t\t<\/div>\n\t\t\t\t<\/div>\n\t\t\t\t<div class=\"elementor-element elementor-element-35e5af73 elementor-widget elementor-widget-text-editor\" data-id=\"35e5af73\" data-element_type=\"widget\" data-e-type=\"widget\" data-widget_type=\"text-editor.default\">\n\t\t\t\t<div class=\"elementor-widget-container\">\n\t\t\t\t\t\t\t\t\t<p><strong>Project ID: <\/strong>01C0065<\/p><p><strong>Duration of the project:<\/strong>\u00a001\/03\/2023 - 28\/02\/2026<\/p>\t\t\t\t\t\t\t\t<\/div>\n\t\t\t\t<\/div>\n\t\t\t\t<div class=\"elementor-element elementor-element-4691c7aa elementor-widget elementor-widget-heading\" data-id=\"4691c7aa\" data-element_type=\"widget\" data-e-type=\"widget\" data-widget_type=\"heading.default\">\n\t\t\t\t<div class=\"elementor-widget-container\">\n\t\t\t\t\t<h4 class=\"elementor-heading-title elementor-size-default\">Project partners:<\/h4>\t\t\t\t<\/div>\n\t\t\t\t<\/div>\n\t\t\t\t<div class=\"elementor-element elementor-element-25f50911 elementor-widget elementor-widget-text-editor\" data-id=\"25f50911\" data-element_type=\"widget\" data-e-type=\"widget\" data-widget_type=\"text-editor.default\">\n\t\t\t\t<div class=\"elementor-widget-container\">\n\t\t\t\t\t\t\t\t\t<ul><li>Friuli Venezia Giulia Autonomous Region, Department for culture and sports (lead partner \u2013 Italy)<\/li><li>Veneto Region (Italy)<\/li><li>CTRIA - Central Transdanubian Regional Innovation Agency Nonprofit Ltd. (Hungary)<\/li><li>Region of Western Greece (Greece)<\/li><li>Kainuu Regional Council (Finland)<\/li><li>Centru Regional Development Agency (Romania)<\/li><li>Zemgale Planning Region (Latvia)<\/li><li>REGION PROVENCE-ALPES-C\u00d4TE D\u2019AZUR (France)<\/li><li>Intercommunal Leiedal (Belgium)<\/li><\/ul>\t\t\t\t\t\t\t\t<\/div>\n\t\t\t\t<\/div>\n\t\t\t\t<div class=\"elementor-element elementor-element-63b00b64 elementor-widget elementor-widget-heading\" data-id=\"63b00b64\" data-element_type=\"widget\" data-e-type=\"widget\" data-widget_type=\"heading.default\">\n\t\t\t\t<div class=\"elementor-widget-container\">\n\t\t\t\t\t<h4 class=\"elementor-heading-title elementor-size-default\">The official project website:<\/h4>\t\t\t\t<\/div>\n\t\t\t\t<\/div>\n\t\t\t\t<div class=\"elementor-element elementor-element-6432d5e8 elementor-widget elementor-widget-text-editor\" data-id=\"6432d5e8\" data-element_type=\"widget\" data-e-type=\"widget\" data-widget_type=\"text-editor.default\">\n\t\t\t\t<div class=\"elementor-widget-container\">\n\t\t\t\t\t\t\t\t\t<p><a href=\"https:\/\/interregeurope.eu\/cherry\" target=\"_blank\" rel=\"noopener\">https:\/\/interregeurope.eu\/cherry<\/a><\/p>\t\t\t\t\t\t\t\t<\/div>\n\t\t\t\t<\/div>\n\t\t\t\t<div class=\"elementor-element elementor-element-31413525 elementor-widget elementor-widget-toggle\" data-id=\"31413525\" data-element_type=\"widget\" data-e-type=\"widget\" data-widget_type=\"toggle.default\">\n\t\t\t\t<div class=\"elementor-widget-container\">\n\t\t\t\t\t\t\t<div class=\"elementor-toggle\">\n\t\t\t\t\t\t\t<div class=\"elementor-toggle-item\">\n\t\t\t\t\t<div id=\"elementor-tab-title-8261\" class=\"elementor-tab-title\" data-tab=\"1\" role=\"button\" aria-controls=\"elementor-tab-content-8261\" aria-expanded=\"false\">\n\t\t\t\t\t\t\t\t\t\t\t\t<span class=\"elementor-toggle-icon elementor-toggle-icon-left\" aria-hidden=\"true\">\n\t\t\t\t\t\t\t\t\t\t\t\t\t\t\t<span class=\"elementor-toggle-icon-closed\"><i class=\"fas fa-caret-right\"><\/i><\/span>\n\t\t\t\t\t\t\t\t<span class=\"elementor-toggle-icon-opened\"><i class=\"elementor-toggle-icon-opened fas fa-caret-up\"><\/i><\/span>\n\t\t\t\t\t\t\t\t\t\t\t\t\t<\/span>\n\t\t\t\t\t\t\t\t\t\t\t\t<a class=\"elementor-toggle-title\" tabindex=\"0\">More news and posts about the project:<\/a>\n\t\t\t\t\t<\/div>\n\n\t\t\t\t\t<div id=\"elementor-tab-content-8261\" class=\"elementor-tab-content elementor-clearfix\" data-tab=\"1\" role=\"region\" aria-labelledby=\"elementor-tab-title-8261\"><\/div>\n\t\t\t\t<\/div>\n\t\t\t\t\t\t\t\t<\/div>\n\t\t\t\t\t\t<\/div>\n\t\t\t\t<\/div>\n\t\t\t\t\t<\/div>\n\t\t<\/div>\n\t\t\t\t\t<\/div>\n\t\t<\/section>\n\t\t\t\t\t<\/div>\n\t\t<\/div>\n\t\t\t\t\t<\/div>\n\t\t<\/section>\n\t\t\t\t<\/div>","protected":false},"excerpt":{"rendered":"<p>CHERRY | Interreg Europe Tegy\u00fck a kult\u00far\u00e1t az eur\u00f3pai felemelked\u00e9s els\u0151 sz\u00e1m\u00fa sz\u00f6vets\u00e9ges\u00e9v\u00e9! Bolyg\u00f3nk egyetlen szeglet\u00e9t sem hagyta \u00e9rintetlen\u00fcl a COVID-19 v\u00e1ls\u00e1g. Maga a v\u00edrus sok ember\u00e9letet k\u00f6vetelt, \u00e9s a sz\u00e1mos orsz\u00e1gban tapasztalt le\u00e1ll\u00e1sok munkahelyeket \u00e9s v\u00e1llalkoz\u00e1sokat tettek t\u00f6nkre. A vil\u00e1gj\u00e1rv\u00e1ny k\u00f6z\u00e9p- \u00e9s hossz\u00fa t\u00e1v\u00fa t\u00e1rsadalmi \u00e9s gazdas\u00e1gi hat\u00e1sait neh\u00e9z el\u0151re l\u00e1tni \u00e9s m\u00e9rni. A [&hellip;]<\/p>\n","protected":false},"author":1,"featured_media":0,"parent":0,"menu_order":0,"comment_status":"closed","ping_status":"closed","template":"","meta":{"site-sidebar-layout":"no-sidebar","site-content-layout":"page-builder","ast-site-content-layout":"full-width-container","site-content-style":"default","site-sidebar-style":"default","ast-global-header-display":"","ast-banner-title-visibility":"","ast-main-header-display":"","ast-hfb-above-header-display":"","ast-hfb-below-header-display":"","ast-hfb-mobile-header-display":"","site-post-title":"disabled","ast-breadcrumbs-content":"","ast-featured-img":"disabled","footer-sml-layout":"","ast-disable-related-posts":"","theme-transparent-header-meta":"","adv-header-id-meta":"","stick-header-meta":"","header-above-stick-meta":"","header-main-stick-meta":"","header-below-stick-meta":"","astra-migrate-meta-layouts":"set","ast-page-background-enabled":"default","ast-page-background-meta":{"desktop":{"background-color":"","background-image":"","background-repeat":"repeat","background-position":"center center","background-size":"auto","background-attachment":"scroll","background-type":"","background-media":"","overlay-type":"","overlay-color":"","overlay-opacity":"","overlay-gradient":""},"tablet":{"background-color":"","background-image":"","background-repeat":"repeat","background-position":"center center","background-size":"auto","background-attachment":"scroll","background-type":"","background-media":"","overlay-type":"","overlay-color":"","overlay-opacity":"","overlay-gradient":""},"mobile":{"background-color":"","background-image":"","background-repeat":"repeat","background-position":"center center","background-size":"auto","background-attachment":"scroll","background-type":"","background-media":"","overlay-type":"","overlay-color":"","overlay-opacity":"","overlay-gradient":""}},"ast-content-background-meta":{"desktop":{"background-color":"var(--ast-global-color-5)","background-image":"","background-repeat":"repeat","background-position":"center center","background-size":"auto","background-attachment":"scroll","background-type":"","background-media":"","overlay-type":"","overlay-color":"","overlay-opacity":"","overlay-gradient":""},"tablet":{"background-color":"var(--ast-global-color-5)","background-image":"","background-repeat":"repeat","background-position":"center center","background-size":"auto","background-attachment":"scroll","background-type":"","background-media":"","overlay-type":"","overlay-color":"","overlay-opacity":"","overlay-gradient":""},"mobile":{"background-color":"var(--ast-global-color-5)","background-image":"","background-repeat":"repeat","background-position":"center center","background-size":"auto","background-attachment":"scroll","background-type":"","background-media":"","overlay-type":"","overlay-color":"","overlay-opacity":"","overlay-gradient":""}},"footnotes":""},"class_list":["post-8123","page","type-page","status-publish","hentry"],"_links":{"self":[{"href":"https:\/\/www.kdriu.hu\/en\/wp-json\/wp\/v2\/pages\/8123","targetHints":{"allow":["GET"]}}],"collection":[{"href":"https:\/\/www.kdriu.hu\/en\/wp-json\/wp\/v2\/pages"}],"about":[{"href":"https:\/\/www.kdriu.hu\/en\/wp-json\/wp\/v2\/types\/page"}],"author":[{"embeddable":true,"href":"https:\/\/www.kdriu.hu\/en\/wp-json\/wp\/v2\/users\/1"}],"replies":[{"embeddable":true,"href":"https:\/\/www.kdriu.hu\/en\/wp-json\/wp\/v2\/comments?post=8123"}],"version-history":[{"count":5,"href":"https:\/\/www.kdriu.hu\/en\/wp-json\/wp\/v2\/pages\/8123\/revisions"}],"predecessor-version":[{"id":8131,"href":"https:\/\/www.kdriu.hu\/en\/wp-json\/wp\/v2\/pages\/8123\/revisions\/8131"}],"wp:attachment":[{"href":"https:\/\/www.kdriu.hu\/en\/wp-json\/wp\/v2\/media?parent=8123"}],"curies":[{"name":"wp","href":"https:\/\/api.w.org\/{rel}","templated":true}]}}