{"id":9412,"date":"2024-12-06T12:28:41","date_gmt":"2024-12-06T12:28:41","guid":{"rendered":"https:\/\/www.kdriu.hu\/?page_id=9412"},"modified":"2025-08-06T11:53:10","modified_gmt":"2025-08-06T11:53:10","slug":"gogreen","status":"publish","type":"page","link":"https:\/\/www.kdriu.hu\/en\/gogreen\/","title":{"rendered":"GoGreen"},"content":{"rendered":"<div data-elementor-type=\"wp-page\" data-elementor-id=\"9412\" class=\"elementor elementor-9412\" data-elementor-post-type=\"page\">\n\t\t\t\t\t\t<section class=\"elementor-section elementor-top-section elementor-element elementor-element-33005cfa elementor-section-stretched elementor-section-height-min-height elementor-section-boxed elementor-section-height-default elementor-section-items-middle elementor-invisible\" data-id=\"33005cfa\" data-element_type=\"section\" data-e-type=\"section\" data-settings=\"{&quot;background_background&quot;:&quot;classic&quot;,&quot;stretch_section&quot;:&quot;section-stretched&quot;,&quot;animation&quot;:&quot;fadeIn&quot;}\">\n\t\t\t\t\t\t\t<div class=\"elementor-background-overlay\"><\/div>\n\t\t\t\t\t\t\t<div class=\"elementor-container elementor-column-gap-no\">\n\t\t\t\t\t<div class=\"elementor-column elementor-col-100 elementor-top-column elementor-element elementor-element-59cc1e0e\" data-id=\"59cc1e0e\" data-element_type=\"column\" data-e-type=\"column\">\n\t\t\t<div class=\"elementor-widget-wrap elementor-element-populated\">\n\t\t\t\t\t\t<div class=\"elementor-element elementor-element-5f98f5c6 elementor-widget elementor-widget-spacer\" data-id=\"5f98f5c6\" data-element_type=\"widget\" data-e-type=\"widget\" data-widget_type=\"spacer.default\">\n\t\t\t\t<div class=\"elementor-widget-container\">\n\t\t\t\t\t\t\t<div class=\"elementor-spacer\">\n\t\t\t<div class=\"elementor-spacer-inner\"><\/div>\n\t\t<\/div>\n\t\t\t\t\t\t<\/div>\n\t\t\t\t<\/div>\n\t\t\t\t<div class=\"elementor-element elementor-element-16fac75a elementor-widget elementor-widget-heading\" data-id=\"16fac75a\" data-element_type=\"widget\" data-e-type=\"widget\" data-widget_type=\"heading.default\">\n\t\t\t\t<div class=\"elementor-widget-container\">\n\t\t\t\t\t<h2 class=\"elementor-heading-title elementor-size-default\">GoGreen - Erasmus+<\/h2>\t\t\t\t<\/div>\n\t\t\t\t<\/div>\n\t\t\t\t\t<\/div>\n\t\t<\/div>\n\t\t\t\t\t<\/div>\n\t\t<\/section>\n\t\t\t\t<section class=\"elementor-section elementor-top-section elementor-element elementor-element-1ef79b7b elementor-section-stretched elementor-section-boxed elementor-section-height-default elementor-section-height-default\" data-id=\"1ef79b7b\" data-element_type=\"section\" data-e-type=\"section\" data-settings=\"{&quot;stretch_section&quot;:&quot;section-stretched&quot;,&quot;background_background&quot;:&quot;classic&quot;}\">\n\t\t\t\t\t\t<div class=\"elementor-container elementor-column-gap-no\">\n\t\t\t\t\t<div class=\"elementor-column elementor-col-100 elementor-top-column elementor-element elementor-element-6942f64d\" data-id=\"6942f64d\" data-element_type=\"column\" data-e-type=\"column\">\n\t\t\t<div class=\"elementor-widget-wrap elementor-element-populated\">\n\t\t\t\t\t\t<section class=\"elementor-section elementor-inner-section elementor-element elementor-element-410fefce elementor-section-boxed elementor-section-height-default elementor-section-height-default\" data-id=\"410fefce\" data-element_type=\"section\" data-e-type=\"section\">\n\t\t\t\t\t\t<div class=\"elementor-container elementor-column-gap-default\">\n\t\t\t\t\t<div class=\"elementor-column elementor-col-100 elementor-inner-column elementor-element elementor-element-7728dc55\" data-id=\"7728dc55\" data-element_type=\"column\" data-e-type=\"column\" data-settings=\"{&quot;background_background&quot;:&quot;classic&quot;}\">\n\t\t\t<div class=\"elementor-widget-wrap elementor-element-populated\">\n\t\t\t\t\t\t<div class=\"elementor-element elementor-element-376c18c2 elementor-widget elementor-widget-image\" data-id=\"376c18c2\" data-element_type=\"widget\" data-e-type=\"widget\" data-widget_type=\"image.default\">\n\t\t\t\t<div class=\"elementor-widget-container\">\n\t\t\t\t\t\t\t\t\t\t\t\t\t\t\t<img fetchpriority=\"high\" decoding=\"async\" width=\"768\" height=\"768\" src=\"https:\/\/www.kdriu.hu\/wp-content\/uploads\/2024\/12\/Transparent-Logo_GO-GREEN-768x768.png\" class=\"attachment-medium_large size-medium_large wp-image-9416\" alt=\"\" srcset=\"https:\/\/www.kdriu.hu\/wp-content\/uploads\/2024\/12\/Transparent-Logo_GO-GREEN-768x768.png 768w, https:\/\/www.kdriu.hu\/wp-content\/uploads\/2024\/12\/Transparent-Logo_GO-GREEN-300x300.png 300w, https:\/\/www.kdriu.hu\/wp-content\/uploads\/2024\/12\/Transparent-Logo_GO-GREEN-1024x1024.png 1024w, https:\/\/www.kdriu.hu\/wp-content\/uploads\/2024\/12\/Transparent-Logo_GO-GREEN-150x150.png 150w, https:\/\/www.kdriu.hu\/wp-content\/uploads\/2024\/12\/Transparent-Logo_GO-GREEN-1536x1536.png 1536w, https:\/\/www.kdriu.hu\/wp-content\/uploads\/2024\/12\/Transparent-Logo_GO-GREEN-12x12.png 12w, https:\/\/www.kdriu.hu\/wp-content\/uploads\/2024\/12\/Transparent-Logo_GO-GREEN.png 1563w\" sizes=\"(max-width: 768px) 100vw, 768px\" \/>\t\t\t\t\t\t\t\t\t\t\t\t\t\t\t<\/div>\n\t\t\t\t<\/div>\n\t\t\t\t<div class=\"elementor-element elementor-element-d81e5ad elementor-widget elementor-widget-image\" data-id=\"d81e5ad\" data-element_type=\"widget\" data-e-type=\"widget\" data-widget_type=\"image.default\">\n\t\t\t\t<div class=\"elementor-widget-container\">\n\t\t\t\t\t\t\t\t\t\t\t\t\t\t\t<img decoding=\"async\" width=\"300\" height=\"63\" src=\"https:\/\/www.kdriu.hu\/wp-content\/uploads\/2022\/08\/EN-Co-Funded-by-the-EU_POS-300x63.png\" class=\"attachment-medium size-medium wp-image-6950\" alt=\"\" srcset=\"https:\/\/www.kdriu.hu\/wp-content\/uploads\/2022\/08\/EN-Co-Funded-by-the-EU_POS-300x63.png 300w, https:\/\/www.kdriu.hu\/wp-content\/uploads\/2022\/08\/EN-Co-Funded-by-the-EU_POS-1024x215.png 1024w, https:\/\/www.kdriu.hu\/wp-content\/uploads\/2022\/08\/EN-Co-Funded-by-the-EU_POS-768x161.png 768w, https:\/\/www.kdriu.hu\/wp-content\/uploads\/2022\/08\/EN-Co-Funded-by-the-EU_POS-1536x322.png 1536w, https:\/\/www.kdriu.hu\/wp-content\/uploads\/2022\/08\/EN-Co-Funded-by-the-EU_POS-2048x430.png 2048w, https:\/\/www.kdriu.hu\/wp-content\/uploads\/2022\/08\/EN-Co-Funded-by-the-EU_POS-18x4.png 18w\" sizes=\"(max-width: 300px) 100vw, 300px\" \/>\t\t\t\t\t\t\t\t\t\t\t\t\t\t\t<\/div>\n\t\t\t\t<\/div>\n\t\t\t\t<div class=\"elementor-element elementor-element-92aaa9a elementor-widget__width-initial elementor-widget elementor-widget-text-editor\" data-id=\"92aaa9a\" data-element_type=\"widget\" data-e-type=\"widget\" data-widget_type=\"text-editor.default\">\n\t\t\t\t<div class=\"elementor-widget-container\">\n\t\t\t\t\t\t\t\t\t<p>The aim of the porject is to develop a complex learning model of Pyramid of Learning (PoL), to offer work-adaptable entrepreneurship related social and green competences for youth, together with offering non formal education toolset for youth workers.<\/p>\n<p>The main result of the project is a full competence development framework, namely the GO_GREEN Pyramid of Learning, including<\/p>\n<ul>\n<li>Fully developed mentorship-based collaborative learning model (PoL).<\/li>\n<li>Developed learning blocks of PoL (hackathon, training, community building).<\/li>\n<li>Implemented training cycle for youth and youth workers.<\/li>\n<li>Summary of lessons learnt and community spread of results in the form of a flip-book.<\/li>\n<\/ul>\n<p><b>Lead partner:<\/b> Donegal YouthService Ltd (Ireland)<\/p>\n<p><b>Partner countries:<\/b> Slovenia, Hungary, Spain, North Macedonia and Bulgaria.<\/p>\n<p><b>Duration of the project:<\/b> 01 October 2024 \u2013 30 October 2026<\/p><p><br><\/p>\t\t\t\t\t\t\t\t<\/div>\n\t\t\t\t<\/div>\n\t\t\t\t<div class=\"elementor-element elementor-element-88499bf elementor-widget elementor-widget-heading\" data-id=\"88499bf\" data-element_type=\"widget\" data-e-type=\"widget\" data-widget_type=\"heading.default\">\n\t\t\t\t<div class=\"elementor-widget-container\">\n\t\t\t\t\t<h2 class=\"elementor-heading-title elementor-size-default\">More news and posts about the project:<\/h2>\t\t\t\t<\/div>\n\t\t\t\t<\/div>\n\t\t\t\t<div class=\"elementor-element elementor-element-e944084 elementor-widget elementor-widget-text-editor\" data-id=\"e944084\" data-element_type=\"widget\" data-e-type=\"widget\" data-widget_type=\"text-editor.default\">\n\t\t\t\t<div class=\"elementor-widget-container\">\n\t\t\t\t\t\t\t\t\t<p><blockquote class=\"wp-embedded-content\" data-secret=\"yh9zUCIoQz\"><a href=\"https:\/\/www.kdriu.hu\/en\/kerdoives-kutatas-keszult-a-fiatalok-zold-vallalkozasi-attitudjeirol\/\">K\u00e9rd\u0151\u00edves kutat\u00e1s k\u00e9sz\u00fclt a fiatalok z\u00f6ld v\u00e1llalkoz\u00e1si attit\u0171djeir\u0151l<\/a><\/blockquote><iframe class=\"wp-embedded-content\" sandbox=\"allow-scripts\" security=\"restricted\" style=\"position: absolute; visibility: hidden;\" title=\"&#8220;K\u00e9rd\u0151\u00edves kutat\u00e1s k\u00e9sz\u00fclt a fiatalok z\u00f6ld v\u00e1llalkoz\u00e1si attit\u0171djeir\u0151l&#8221; &#8212; KDRI\u00dc\" src=\"https:\/\/www.kdriu.hu\/kerdoives-kutatas-keszult-a-fiatalok-zold-vallalkozasi-attitudjeirol\/embed\/#?secret=PSPEuVRQeA#?secret=yh9zUCIoQz\" data-secret=\"yh9zUCIoQz\" width=\"500\" height=\"282\" frameborder=\"0\" marginwidth=\"0\" marginheight=\"0\" scrolling=\"no\"><\/iframe><\/p>\t\t\t\t\t\t\t\t<\/div>\n\t\t\t\t<\/div>\n\t\t\t\t<div class=\"elementor-element elementor-element-938598b elementor-widget elementor-widget-text-editor\" data-id=\"938598b\" data-element_type=\"widget\" data-e-type=\"widget\" data-widget_type=\"text-editor.default\">\n\t\t\t\t<div class=\"elementor-widget-container\">\n\t\t\t\t\t\t\t\t\t<p><blockquote class=\"wp-embedded-content\" data-secret=\"YVVApodENE\"><a href=\"https:\/\/www.kdriu.hu\/en\/a-go_green-projekt-partnerei-madridban-egyeztettek-a-feladatokat\/\">A GO_GREEN projekt partnerei Madridban egyeztett\u00e9k a feladatokat<\/a><\/blockquote><iframe class=\"wp-embedded-content\" sandbox=\"allow-scripts\" security=\"restricted\" style=\"position: absolute; visibility: hidden;\" title=\"&#8220;A GO_GREEN projekt partnerei Madridban egyeztett\u00e9k a feladatokat&#8221; &#8212; KDRI\u00dc\" src=\"https:\/\/www.kdriu.hu\/a-go_green-projekt-partnerei-madridban-egyeztettek-a-feladatokat\/embed\/#?secret=qsDdZVRsqi#?secret=YVVApodENE\" data-secret=\"YVVApodENE\" width=\"500\" height=\"282\" frameborder=\"0\" marginwidth=\"0\" marginheight=\"0\" scrolling=\"no\"><\/iframe><\/p>\t\t\t\t\t\t\t\t<\/div>\n\t\t\t\t<\/div>\n\t\t\t\t\t<\/div>\n\t\t<\/div>\n\t\t\t\t\t<\/div>\n\t\t<\/section>\n\t\t\t\t\t<\/div>\n\t\t<\/div>\n\t\t\t\t\t<\/div>\n\t\t<\/section>\n\t\t\t\t<\/div>","protected":false},"excerpt":{"rendered":"<p>GoGreen &#8211; Erasmus+ A projekt c\u00e9lja egy \u00e1tfog\u00f3 tanul\u00e1si modell, a \u201ePyramid of Learning\u201d (PoL) kifejleszt\u00e9se, amely a fiatalok sz\u00e1m\u00e1ra munk\u00e1hoz igaz\u00edthat\u00f3, v\u00e1llalkoz\u00e1ssal kapcsolatos k\u00f6z\u00f6ss\u00e9gi \u00e9s \u201ez\u00f6ld\u201d kompetenci\u00e1kat k\u00edn\u00e1l, valamint a fiatalokkal foglalkoz\u00f3 szakemberek sz\u00e1m\u00e1ra inform\u00e1lis oktat\u00e1si eszk\u00f6zt\u00e1rat biztos\u00edt. A projekt f\u0151 eredm\u00e9nye egy teljes kompetenciafejleszt\u00e9si keretrendszer, azaz a GO_GREEN Pyramid of Learning, amely mag\u00e1ban [&hellip;]<\/p>\n","protected":false},"author":1,"featured_media":0,"parent":0,"menu_order":0,"comment_status":"closed","ping_status":"closed","template":"","meta":{"site-sidebar-layout":"no-sidebar","site-content-layout":"page-builder","ast-site-content-layout":"full-width-container","site-content-style":"default","site-sidebar-style":"default","ast-global-header-display":"","ast-banner-title-visibility":"","ast-main-header-display":"","ast-hfb-above-header-display":"","ast-hfb-below-header-display":"","ast-hfb-mobile-header-display":"","site-post-title":"disabled","ast-breadcrumbs-content":"","ast-featured-img":"disabled","footer-sml-layout":"","ast-disable-related-posts":"","theme-transparent-header-meta":"","adv-header-id-meta":"","stick-header-meta":"","header-above-stick-meta":"","header-main-stick-meta":"","header-below-stick-meta":"","astra-migrate-meta-layouts":"set","ast-page-background-enabled":"default","ast-page-background-meta":{"desktop":{"background-color":"","background-image":"","background-repeat":"repeat","background-position":"center center","background-size":"auto","background-attachment":"scroll","background-type":"","background-media":"","overlay-type":"","overlay-color":"","overlay-opacity":"","overlay-gradient":""},"tablet":{"background-color":"","background-image":"","background-repeat":"repeat","background-position":"center center","background-size":"auto","background-attachment":"scroll","background-type":"","background-media":"","overlay-type":"","overlay-color":"","overlay-opacity":"","overlay-gradient":""},"mobile":{"background-color":"","background-image":"","background-repeat":"repeat","background-position":"center center","background-size":"auto","background-attachment":"scroll","background-type":"","background-media":"","overlay-type":"","overlay-color":"","overlay-opacity":"","overlay-gradient":""}},"ast-content-background-meta":{"desktop":{"background-color":"var(--ast-global-color-5)","background-image":"","background-repeat":"repeat","background-position":"center center","background-size":"auto","background-attachment":"scroll","background-type":"","background-media":"","overlay-type":"","overlay-color":"","overlay-opacity":"","overlay-gradient":""},"tablet":{"background-color":"var(--ast-global-color-5)","background-image":"","background-repeat":"repeat","background-position":"center center","background-size":"auto","background-attachment":"scroll","background-type":"","background-media":"","overlay-type":"","overlay-color":"","overlay-opacity":"","overlay-gradient":""},"mobile":{"background-color":"var(--ast-global-color-5)","background-image":"","background-repeat":"repeat","background-position":"center center","background-size":"auto","background-attachment":"scroll","background-type":"","background-media":"","overlay-type":"","overlay-color":"","overlay-opacity":"","overlay-gradient":""}},"footnotes":""},"class_list":["post-9412","page","type-page","status-publish","hentry"],"_links":{"self":[{"href":"https:\/\/www.kdriu.hu\/en\/wp-json\/wp\/v2\/pages\/9412","targetHints":{"allow":["GET"]}}],"collection":[{"href":"https:\/\/www.kdriu.hu\/en\/wp-json\/wp\/v2\/pages"}],"about":[{"href":"https:\/\/www.kdriu.hu\/en\/wp-json\/wp\/v2\/types\/page"}],"author":[{"embeddable":true,"href":"https:\/\/www.kdriu.hu\/en\/wp-json\/wp\/v2\/users\/1"}],"replies":[{"embeddable":true,"href":"https:\/\/www.kdriu.hu\/en\/wp-json\/wp\/v2\/comments?post=9412"}],"version-history":[{"count":16,"href":"https:\/\/www.kdriu.hu\/en\/wp-json\/wp\/v2\/pages\/9412\/revisions"}],"predecessor-version":[{"id":9735,"href":"https:\/\/www.kdriu.hu\/en\/wp-json\/wp\/v2\/pages\/9412\/revisions\/9735"}],"wp:attachment":[{"href":"https:\/\/www.kdriu.hu\/en\/wp-json\/wp\/v2\/media?parent=9412"}],"curies":[{"name":"wp","href":"https:\/\/api.w.org\/{rel}","templated":true}]}}