{"id":9691,"date":"2025-06-18T12:19:09","date_gmt":"2025-06-18T12:19:09","guid":{"rendered":"https:\/\/www.kdriu.hu\/?page_id=9691"},"modified":"2026-03-04T10:50:39","modified_gmt":"2026-03-04T10:50:39","slug":"sup4sud","status":"publish","type":"page","link":"https:\/\/www.kdriu.hu\/en\/sup4sud\/","title":{"rendered":"SUP4SUD"},"content":{"rendered":"<div data-elementor-type=\"wp-page\" data-elementor-id=\"9691\" class=\"elementor elementor-9691\" data-elementor-post-type=\"page\">\n\t\t\t\t\t\t<section class=\"elementor-section elementor-top-section elementor-element elementor-element-39a656f3 elementor-section-stretched elementor-section-height-min-height elementor-section-boxed elementor-section-height-default elementor-section-items-middle elementor-invisible\" data-id=\"39a656f3\" data-element_type=\"section\" data-e-type=\"section\" data-settings=\"{&quot;background_background&quot;:&quot;classic&quot;,&quot;stretch_section&quot;:&quot;section-stretched&quot;,&quot;animation&quot;:&quot;fadeIn&quot;}\">\n\t\t\t\t\t\t\t<div class=\"elementor-background-overlay\"><\/div>\n\t\t\t\t\t\t\t<div class=\"elementor-container elementor-column-gap-no\">\n\t\t\t\t\t<div class=\"elementor-column elementor-col-100 elementor-top-column elementor-element elementor-element-3403b43d\" data-id=\"3403b43d\" data-element_type=\"column\" data-e-type=\"column\">\n\t\t\t<div class=\"elementor-widget-wrap elementor-element-populated\">\n\t\t\t\t\t\t<div class=\"elementor-element elementor-element-502ea375 elementor-widget elementor-widget-spacer\" data-id=\"502ea375\" data-element_type=\"widget\" data-e-type=\"widget\" data-widget_type=\"spacer.default\">\n\t\t\t\t<div class=\"elementor-widget-container\">\n\t\t\t\t\t\t\t<div class=\"elementor-spacer\">\n\t\t\t<div class=\"elementor-spacer-inner\"><\/div>\n\t\t<\/div>\n\t\t\t\t\t\t<\/div>\n\t\t\t\t<\/div>\n\t\t\t\t<div class=\"elementor-element elementor-element-773764a0 elementor-widget elementor-widget-heading\" data-id=\"773764a0\" data-element_type=\"widget\" data-e-type=\"widget\" data-widget_type=\"heading.default\">\n\t\t\t\t<div class=\"elementor-widget-container\">\n\t\t\t\t\t<h2 class=\"elementor-heading-title elementor-size-default\">SUP4SUD | Interreg Europe Programme<\/h2>\t\t\t\t<\/div>\n\t\t\t\t<\/div>\n\t\t\t\t\t<\/div>\n\t\t<\/div>\n\t\t\t\t\t<\/div>\n\t\t<\/section>\n\t\t\t\t<section class=\"elementor-section elementor-top-section elementor-element elementor-element-7c20c260 elementor-section-stretched elementor-section-boxed elementor-section-height-default elementor-section-height-default\" data-id=\"7c20c260\" data-element_type=\"section\" data-e-type=\"section\" data-settings=\"{&quot;stretch_section&quot;:&quot;section-stretched&quot;,&quot;background_background&quot;:&quot;classic&quot;}\">\n\t\t\t\t\t\t<div class=\"elementor-container elementor-column-gap-no\">\n\t\t\t\t\t<div class=\"elementor-column elementor-col-100 elementor-top-column elementor-element elementor-element-2222691a\" data-id=\"2222691a\" data-element_type=\"column\" data-e-type=\"column\">\n\t\t\t<div class=\"elementor-widget-wrap elementor-element-populated\">\n\t\t\t\t\t\t<section class=\"elementor-section elementor-inner-section elementor-element elementor-element-343b0553 elementor-section-boxed elementor-section-height-default elementor-section-height-default\" data-id=\"343b0553\" data-element_type=\"section\" data-e-type=\"section\">\n\t\t\t\t\t\t<div class=\"elementor-container elementor-column-gap-default\">\n\t\t\t\t\t<div class=\"elementor-column elementor-col-100 elementor-inner-column elementor-element elementor-element-4827a965\" data-id=\"4827a965\" data-element_type=\"column\" data-e-type=\"column\" data-settings=\"{&quot;background_background&quot;:&quot;classic&quot;}\">\n\t\t\t<div class=\"elementor-widget-wrap elementor-element-populated\">\n\t\t\t\t\t\t<div class=\"elementor-element elementor-element-450f856 elementor-widget elementor-widget-image\" data-id=\"450f856\" data-element_type=\"widget\" data-e-type=\"widget\" data-widget_type=\"image.default\">\n\t\t\t\t<div class=\"elementor-widget-container\">\n\t\t\t\t\t\t\t\t\t\t\t\t\t\t\t<img fetchpriority=\"high\" decoding=\"async\" width=\"728\" height=\"258\" src=\"https:\/\/www.kdriu.hu\/wp-content\/uploads\/2025\/06\/sup4sud_logo_kivagott_kicsi.png\" class=\"attachment-full size-full wp-image-9707\" alt=\"\" srcset=\"https:\/\/www.kdriu.hu\/wp-content\/uploads\/2025\/06\/sup4sud_logo_kivagott_kicsi.png 728w, https:\/\/www.kdriu.hu\/wp-content\/uploads\/2025\/06\/sup4sud_logo_kivagott_kicsi-300x106.png 300w, https:\/\/www.kdriu.hu\/wp-content\/uploads\/2025\/06\/sup4sud_logo_kivagott_kicsi-18x6.png 18w\" sizes=\"(max-width: 728px) 100vw, 728px\" \/>\t\t\t\t\t\t\t\t\t\t\t\t\t\t\t<\/div>\n\t\t\t\t<\/div>\n\t\t\t\t<div class=\"elementor-element elementor-element-e29b162 elementor-widget elementor-widget-text-editor\" data-id=\"e29b162\" data-element_type=\"widget\" data-e-type=\"widget\" data-widget_type=\"text-editor.default\">\n\t\t\t\t<div class=\"elementor-widget-container\">\n\t\t\t\t\t\t\t\t\t<p>The SUP4SUD project aims to promote the strategic integration of socially and environmentally sustainable urban development into the planning processes of European cities. With around 75% of the EU population living in urban areas, cities play a crucial role in addressing challenges such as air pollution, climate change, and social inequality. SUP4SUD offers complex responses to these issues and is closely aligned with the objectives of the European Green Deal, the New European Bauhaus, and the Urban Agenda for the EU.<\/p>\t\t\t\t\t\t\t\t<\/div>\n\t\t\t\t<\/div>\n\t\t\t\t<div class=\"elementor-element elementor-element-687baba9 elementor-widget elementor-widget-text-editor\" data-id=\"687baba9\" data-element_type=\"widget\" data-e-type=\"widget\" data-widget_type=\"text-editor.default\">\n\t\t\t\t<div class=\"elementor-widget-container\">\n\t\t\t\t\t\t\t\t\t<p><strong>Key priorities and activities: <\/strong><\/p><ul><li>Improving local, regional, and national policy instruments to better support sustainable urban development.<\/li><li>Identifying and adapting good practices across different urban contexts.<\/li><li>Enhancing the capacity of project partners and local ecosystems to independently develop and implement sustainable strategies.<\/li><li>Creating a policy guidance document for decision-makers, based on the knowledge and experience gained throughout the project.<\/li><\/ul><p><strong>Duration of the project:<\/strong>\u00a0May 1, 2025 \u2013 July 31, 2029<\/p>\t\t\t\t\t\t\t\t<\/div>\n\t\t\t\t<\/div>\n\t\t\t\t<div class=\"elementor-element elementor-element-4da9fa8d elementor-widget elementor-widget-heading\" data-id=\"4da9fa8d\" data-element_type=\"widget\" data-e-type=\"widget\" data-widget_type=\"heading.default\">\n\t\t\t\t<div class=\"elementor-widget-container\">\n\t\t\t\t\t<h4 class=\"elementor-heading-title elementor-size-default\">Project partners:<\/h4>\t\t\t\t<\/div>\n\t\t\t\t<\/div>\n\t\t\t\t<div class=\"elementor-element elementor-element-6467ac4 elementor-widget elementor-widget-text-editor\" data-id=\"6467ac4\" data-element_type=\"widget\" data-e-type=\"widget\" data-widget_type=\"text-editor.default\">\n\t\t\t\t<div class=\"elementor-widget-container\">\n\t\t\t\t\t\t\t\t\t<p>The project is implemented by 12 urban or regional partners from 11 different countries:<\/p>\t\t\t\t\t\t\t\t<\/div>\n\t\t\t\t<\/div>\n\t\t\t\t<div class=\"elementor-element elementor-element-6a7e2c31 elementor-widget elementor-widget-text-editor\" data-id=\"6a7e2c31\" data-element_type=\"widget\" data-e-type=\"widget\" data-widget_type=\"text-editor.default\">\n\t\t\t\t<div class=\"elementor-widget-container\">\n\t\t\t\t\t\t\t\t\t<ul><li><p>Central Transdanubian Regional Innovation Agency (KDRI\u00dc) \u2013 Lead Partner \u2013 Hungary<\/p><\/li><li><p>Northern and Western Regional Assembly \u2013 Ireland<\/p><\/li><li><p>Stadt Mannheim \u2013 Germany<\/p><\/li><li><p>Oslo Municipality \u2013 Norway<\/p><\/li><li><p>Metropolitan Strategic Plan of Barcelona \u2013 Spain<\/p><\/li><li><p>Chisinau City Hall \u2013 Moldova<\/p><\/li><li><p>Krakow Metropolis Association \u2013 Poland<\/p><\/li><li><p>The Prague Institute of Planning and Development (IPR Prague) \u2013 Czech Republic<\/p><\/li><li><p>Pablo de Olavide University \u2013 Advisory Partner \u2013 Spain<\/p><\/li><li><p>Ialoveni City Hall \u2013 Discovery Partner \u2013 Moldova<\/p><\/li><li><p>City of Tallinn \u2013 Estonia<\/p><\/li><li><p>Avanhard township council of Odesa district \u2013 Discovery Partner \u2013 Ukraine<\/p><\/li><\/ul>\t\t\t\t\t\t\t\t<\/div>\n\t\t\t\t<\/div>\n\t\t\t\t<div class=\"elementor-element elementor-element-7fbce48 elementor-widget elementor-widget-heading\" data-id=\"7fbce48\" data-element_type=\"widget\" data-e-type=\"widget\" data-widget_type=\"heading.default\">\n\t\t\t\t<div class=\"elementor-widget-container\">\n\t\t\t\t\t<h4 class=\"elementor-heading-title elementor-size-default\">Associated Policy Authority:<\/h4>\t\t\t\t<\/div>\n\t\t\t\t<\/div>\n\t\t\t\t<div class=\"elementor-element elementor-element-427d0ee elementor-widget elementor-widget-text-editor\" data-id=\"427d0ee\" data-element_type=\"widget\" data-e-type=\"widget\" data-widget_type=\"text-editor.default\">\n\t\t\t\t<div class=\"elementor-widget-container\">\n\t\t\t\t\t\t\t\t\t<p>Ministry of Housing and Urban Agenda \u2013 Spain<\/p>\t\t\t\t\t\t\t\t<\/div>\n\t\t\t\t<\/div>\n\t\t\t\t<div class=\"elementor-element elementor-element-79c518f0 elementor-widget elementor-widget-heading\" data-id=\"79c518f0\" data-element_type=\"widget\" data-e-type=\"widget\" data-widget_type=\"heading.default\">\n\t\t\t\t<div class=\"elementor-widget-container\">\n\t\t\t\t\t<h4 class=\"elementor-heading-title elementor-size-default\">The official project website:<\/h4>\t\t\t\t<\/div>\n\t\t\t\t<\/div>\n\t\t\t\t<div class=\"elementor-element elementor-element-f89a268 elementor-widget elementor-widget-text-editor\" data-id=\"f89a268\" data-element_type=\"widget\" data-e-type=\"widget\" data-widget_type=\"text-editor.default\">\n\t\t\t\t<div class=\"elementor-widget-container\">\n\t\t\t\t\t\t\t\t\t<p><a href=\"https:\/\/www.interregeurope.eu\/sup4sud\" target=\"_blank\" rel=\"noopener\">https:\/\/www.interregeurope.eu\/sup4sud<\/a><\/p>\t\t\t\t\t\t\t\t<\/div>\n\t\t\t\t<\/div>\n\t\t\t\t<div class=\"elementor-element elementor-element-c1b0b63 elementor-widget elementor-widget-heading\" data-id=\"c1b0b63\" data-element_type=\"widget\" data-e-type=\"widget\" data-widget_type=\"heading.default\">\n\t\t\t\t<div class=\"elementor-widget-container\">\n\t\t\t\t\t<h4 class=\"elementor-heading-title elementor-size-default\">Download project brochure<\/h4>\t\t\t\t<\/div>\n\t\t\t\t<\/div>\n\t\t\t\t<div class=\"elementor-element elementor-element-de8f01a elementor-widget elementor-widget-text-editor\" data-id=\"de8f01a\" data-element_type=\"widget\" data-e-type=\"widget\" data-widget_type=\"text-editor.default\">\n\t\t\t\t<div class=\"elementor-widget-container\">\n\t\t\t\t\t\t\t\t\t<p><a href=\"https:\/\/www.kdriu.hu\/wp-content\/uploads\/2026\/03\/SUP4SUD_project_broschure_trifold_EN.pdf\">SUP4SUD project brochure<\/a><\/p>\t\t\t\t\t\t\t\t<\/div>\n\t\t\t\t<\/div>\n\t\t\t\t<div class=\"elementor-element elementor-element-8854da8 elementor-widget elementor-widget-heading\" data-id=\"8854da8\" data-element_type=\"widget\" data-e-type=\"widget\" data-widget_type=\"heading.default\">\n\t\t\t\t<div class=\"elementor-widget-container\">\n\t\t\t\t\t<h4 class=\"elementor-heading-title elementor-size-default\">Press Releases:<\/h4>\t\t\t\t<\/div>\n\t\t\t\t<\/div>\n\t\t\t\t<div class=\"elementor-element elementor-element-e4cba5c elementor-widget elementor-widget-text-editor\" data-id=\"e4cba5c\" data-element_type=\"widget\" data-e-type=\"widget\" data-widget_type=\"text-editor.default\">\n\t\t\t\t<div class=\"elementor-widget-container\">\n\t\t\t\t\t\t\t\t\t<p><a href=\"https:\/\/www.kdriu.hu\/wp-content\/uploads\/2025\/10\/Press-Release-Szekesferhervar.pdf\" target=\"_blank\" rel=\"noopener\">Kick-Off Meeting &amp; Study Visit in Szekesfehervar, Veszprem - Hungary<\/a><\/p>\t\t\t\t\t\t\t\t<\/div>\n\t\t\t\t<\/div>\n\t\t\t\t<div class=\"elementor-element elementor-element-c91c6b3 elementor-widget elementor-widget-heading\" data-id=\"c91c6b3\" data-element_type=\"widget\" data-e-type=\"widget\" data-widget_type=\"heading.default\">\n\t\t\t\t<div class=\"elementor-widget-container\">\n\t\t\t\t\t<h4 class=\"elementor-heading-title elementor-size-default\">Newsletters:<\/h4>\t\t\t\t<\/div>\n\t\t\t\t<\/div>\n\t\t\t\t<div class=\"elementor-element elementor-element-d5fed66 elementor-widget elementor-widget-text-editor\" data-id=\"d5fed66\" data-element_type=\"widget\" data-e-type=\"widget\" data-widget_type=\"text-editor.default\">\n\t\t\t\t<div class=\"elementor-widget-container\">\n\t\t\t\t\t\t\t\t\t<p><a href=\"https:\/\/www.kdriu.hu\/wp-content\/uploads\/2025\/11\/SUP4SUD-Newsletter-1.pdf\">H\u00edrlev\u00e9l 1# &#8211; 2025 november<\/a><\/p>\t\t\t\t\t\t\t\t<\/div>\n\t\t\t\t<\/div>\n\t\t\t\t<div class=\"elementor-element elementor-element-144ab25 elementor-widget elementor-widget-text-editor\" data-id=\"144ab25\" data-element_type=\"widget\" data-e-type=\"widget\" data-widget_type=\"text-editor.default\">\n\t\t\t\t<div class=\"elementor-widget-container\">\n\t\t\t\t\t\t\t\t\t<p><a href=\"https:\/\/www.kdriu.hu\/wp-content\/uploads\/2025\/12\/SUP4SUD-Newsletter-1-hu.pptx\" target=\"_blank\" rel=\"noopener\">Newsletter 1# (Hungarian) \u2013 NOV 2025<\/a><\/p>\t\t\t\t\t\t\t\t<\/div>\n\t\t\t\t<\/div>\n\t\t\t\t\t<\/div>\n\t\t<\/div>\n\t\t\t\t\t<\/div>\n\t\t<\/section>\n\t\t\t\t\t<\/div>\n\t\t<\/div>\n\t\t\t\t\t<\/div>\n\t\t<\/section>\n\t\t\t\t<\/div>","protected":false},"excerpt":{"rendered":"<p>SUP4SUD | Interreg Europe Programme A projekt \u00e1tfog\u00f3 c\u00e9lja, hogy el\u0151seg\u00edtse a t\u00e1rsadalmilag \u00e9s k\u00f6rnyezeti szempontb\u00f3l fenntarthat\u00f3 v\u00e1rosfejleszt\u00e9s strat\u00e9giai be\u00e9p\u00edt\u00e9s\u00e9t az eur\u00f3pai v\u00e1rosok tervez\u00e9si folyamataiba. A v\u00e1rosok \u2013 ahol az EU lakoss\u00e1g\u00e1nak mintegy 75%-a \u00e9l \u2013 kulcsszerepl\u0151i a l\u00e9gszennyez\u00e9s, kl\u00edmav\u00e1ltoz\u00e1s \u00e9s t\u00e1rsadalmi egyenl\u0151tlens\u00e9gek elleni k\u00fczdelemnek. A SUP4SUD ezekre a kih\u00edv\u00e1sokra komplex v\u00e1laszokat k\u00edn\u00e1l, \u00e9s szorosan [&hellip;]<\/p>\n","protected":false},"author":1,"featured_media":0,"parent":0,"menu_order":0,"comment_status":"closed","ping_status":"closed","template":"","meta":{"site-sidebar-layout":"no-sidebar","site-content-layout":"page-builder","ast-site-content-layout":"full-width-container","site-content-style":"default","site-sidebar-style":"default","ast-global-header-display":"","ast-banner-title-visibility":"","ast-main-header-display":"","ast-hfb-above-header-display":"","ast-hfb-below-header-display":"","ast-hfb-mobile-header-display":"","site-post-title":"disabled","ast-breadcrumbs-content":"","ast-featured-img":"disabled","footer-sml-layout":"","ast-disable-related-posts":"","theme-transparent-header-meta":"","adv-header-id-meta":"","stick-header-meta":"","header-above-stick-meta":"","header-main-stick-meta":"","header-below-stick-meta":"","astra-migrate-meta-layouts":"set","ast-page-background-enabled":"default","ast-page-background-meta":{"desktop":{"background-color":"","background-image":"","background-repeat":"repeat","background-position":"center center","background-size":"auto","background-attachment":"scroll","background-type":"","background-media":"","overlay-type":"","overlay-color":"","overlay-opacity":"","overlay-gradient":""},"tablet":{"background-color":"","background-image":"","background-repeat":"repeat","background-position":"center center","background-size":"auto","background-attachment":"scroll","background-type":"","background-media":"","overlay-type":"","overlay-color":"","overlay-opacity":"","overlay-gradient":""},"mobile":{"background-color":"","background-image":"","background-repeat":"repeat","background-position":"center center","background-size":"auto","background-attachment":"scroll","background-type":"","background-media":"","overlay-type":"","overlay-color":"","overlay-opacity":"","overlay-gradient":""}},"ast-content-background-meta":{"desktop":{"background-color":"var(--ast-global-color-5)","background-image":"","background-repeat":"repeat","background-position":"center center","background-size":"auto","background-attachment":"scroll","background-type":"","background-media":"","overlay-type":"","overlay-color":"","overlay-opacity":"","overlay-gradient":""},"tablet":{"background-color":"var(--ast-global-color-5)","background-image":"","background-repeat":"repeat","background-position":"center center","background-size":"auto","background-attachment":"scroll","background-type":"","background-media":"","overlay-type":"","overlay-color":"","overlay-opacity":"","overlay-gradient":""},"mobile":{"background-color":"var(--ast-global-color-5)","background-image":"","background-repeat":"repeat","background-position":"center center","background-size":"auto","background-attachment":"scroll","background-type":"","background-media":"","overlay-type":"","overlay-color":"","overlay-opacity":"","overlay-gradient":""}},"footnotes":""},"class_list":["post-9691","page","type-page","status-publish","hentry"],"_links":{"self":[{"href":"https:\/\/www.kdriu.hu\/en\/wp-json\/wp\/v2\/pages\/9691","targetHints":{"allow":["GET"]}}],"collection":[{"href":"https:\/\/www.kdriu.hu\/en\/wp-json\/wp\/v2\/pages"}],"about":[{"href":"https:\/\/www.kdriu.hu\/en\/wp-json\/wp\/v2\/types\/page"}],"author":[{"embeddable":true,"href":"https:\/\/www.kdriu.hu\/en\/wp-json\/wp\/v2\/users\/1"}],"replies":[{"embeddable":true,"href":"https:\/\/www.kdriu.hu\/en\/wp-json\/wp\/v2\/comments?post=9691"}],"version-history":[{"count":31,"href":"https:\/\/www.kdriu.hu\/en\/wp-json\/wp\/v2\/pages\/9691\/revisions"}],"predecessor-version":[{"id":10157,"href":"https:\/\/www.kdriu.hu\/en\/wp-json\/wp\/v2\/pages\/9691\/revisions\/10157"}],"wp:attachment":[{"href":"https:\/\/www.kdriu.hu\/en\/wp-json\/wp\/v2\/media?parent=9691"}],"curies":[{"name":"wp","href":"https:\/\/api.w.org\/{rel}","templated":true}]}}