{"id":9989,"date":"2026-01-28T12:31:44","date_gmt":"2026-01-28T12:31:44","guid":{"rendered":"https:\/\/www.kdriu.hu\/?page_id=9989"},"modified":"2026-01-28T13:35:31","modified_gmt":"2026-01-28T13:35:31","slug":"szivessegbank","status":"publish","type":"page","link":"https:\/\/www.kdriu.hu\/en\/szivessegbank\/","title":{"rendered":"Sz\u00edvess\u00e9gbank"},"content":{"rendered":"<div data-elementor-type=\"wp-page\" data-elementor-id=\"9989\" class=\"elementor elementor-9989\" data-elementor-post-type=\"page\">\n\t\t\t\t\t\t<section class=\"elementor-section elementor-top-section elementor-element elementor-element-3b1b53ba elementor-section-stretched elementor-section-height-min-height elementor-section-boxed elementor-section-height-default elementor-section-items-middle elementor-invisible\" data-id=\"3b1b53ba\" data-element_type=\"section\" data-e-type=\"section\" data-settings=\"{&quot;background_background&quot;:&quot;classic&quot;,&quot;stretch_section&quot;:&quot;section-stretched&quot;,&quot;animation&quot;:&quot;fadeIn&quot;}\">\n\t\t\t\t\t\t\t<div class=\"elementor-background-overlay\"><\/div>\n\t\t\t\t\t\t\t<div class=\"elementor-container elementor-column-gap-no\">\n\t\t\t\t\t<div class=\"elementor-column elementor-col-100 elementor-top-column elementor-element elementor-element-24c4d62c\" data-id=\"24c4d62c\" data-element_type=\"column\" data-e-type=\"column\">\n\t\t\t<div class=\"elementor-widget-wrap elementor-element-populated\">\n\t\t\t\t\t\t<div class=\"elementor-element elementor-element-30a97bee elementor-widget elementor-widget-spacer\" data-id=\"30a97bee\" data-element_type=\"widget\" data-e-type=\"widget\" data-widget_type=\"spacer.default\">\n\t\t\t\t<div class=\"elementor-widget-container\">\n\t\t\t\t\t\t\t<div class=\"elementor-spacer\">\n\t\t\t<div class=\"elementor-spacer-inner\"><\/div>\n\t\t<\/div>\n\t\t\t\t\t\t<\/div>\n\t\t\t\t<\/div>\n\t\t\t\t<div class=\"elementor-element elementor-element-3fd764a7 elementor-widget elementor-widget-heading\" data-id=\"3fd764a7\" data-element_type=\"widget\" data-e-type=\"widget\" data-widget_type=\"heading.default\">\n\t\t\t\t<div class=\"elementor-widget-container\">\n\t\t\t\t\t<h2 class=\"elementor-heading-title elementor-size-default\">K\u00f6z\u00f6ss\u00e9gfejleszt\u00e9si m\u00f3dszertanok hasznos\u00edt\u00e1sa egy innovat\u00edv sz\u00edvess\u00e9gbank applik\u00e1ci\u00f3ban<\/h2>\t\t\t\t<\/div>\n\t\t\t\t<\/div>\n\t\t\t\t\t<\/div>\n\t\t<\/div>\n\t\t\t\t\t<\/div>\n\t\t<\/section>\n\t\t\t\t<section class=\"elementor-section elementor-top-section elementor-element elementor-element-3c1de321 elementor-section-stretched elementor-section-boxed elementor-section-height-default elementor-section-height-default\" data-id=\"3c1de321\" data-element_type=\"section\" data-e-type=\"section\" data-settings=\"{&quot;stretch_section&quot;:&quot;section-stretched&quot;,&quot;background_background&quot;:&quot;classic&quot;}\">\n\t\t\t\t\t\t<div class=\"elementor-container elementor-column-gap-no\">\n\t\t\t\t\t<div class=\"elementor-column elementor-col-100 elementor-top-column elementor-element elementor-element-5a5931e8\" data-id=\"5a5931e8\" data-element_type=\"column\" data-e-type=\"column\">\n\t\t\t<div class=\"elementor-widget-wrap elementor-element-populated\">\n\t\t\t\t\t\t<section class=\"elementor-section elementor-inner-section elementor-element elementor-element-5eb62dff elementor-section-boxed elementor-section-height-default elementor-section-height-default\" data-id=\"5eb62dff\" data-element_type=\"section\" data-e-type=\"section\">\n\t\t\t\t\t\t<div class=\"elementor-container elementor-column-gap-default\">\n\t\t\t\t\t<div class=\"elementor-column elementor-col-100 elementor-inner-column elementor-element elementor-element-a6ceccd\" data-id=\"a6ceccd\" data-element_type=\"column\" data-e-type=\"column\" data-settings=\"{&quot;background_background&quot;:&quot;classic&quot;}\">\n\t\t\t<div class=\"elementor-widget-wrap elementor-element-populated\">\n\t\t\t\t\t\t<div class=\"elementor-element elementor-element-72d12840 elementor-widget elementor-widget-image\" data-id=\"72d12840\" data-element_type=\"widget\" data-e-type=\"widget\" data-widget_type=\"image.default\">\n\t\t\t\t<div class=\"elementor-widget-container\">\n\t\t\t\t\t\t\t\t\t\t\t\t\t\t\t<img decoding=\"async\" width=\"240\" height=\"87\" src=\"https:\/\/www.kdriu.hu\/wp-content\/uploads\/2026\/01\/logo-tinlab-cropped_transp-2.png\" class=\"attachment-medium_large size-medium_large wp-image-9995\" alt=\"\" srcset=\"https:\/\/www.kdriu.hu\/wp-content\/uploads\/2026\/01\/logo-tinlab-cropped_transp-2.png 240w, https:\/\/www.kdriu.hu\/wp-content\/uploads\/2026\/01\/logo-tinlab-cropped_transp-2-18x7.png 18w\" sizes=\"(max-width: 240px) 100vw, 240px\" \/>\t\t\t\t\t\t\t\t\t\t\t\t\t\t\t<\/div>\n\t\t\t\t<\/div>\n\t\t\t\t<div class=\"elementor-element elementor-element-72926fd elementor-widget elementor-widget-image\" data-id=\"72926fd\" data-element_type=\"widget\" data-e-type=\"widget\" data-widget_type=\"image.default\">\n\t\t\t\t<div class=\"elementor-widget-container\">\n\t\t\t\t\t\t\t\t\t\t\t\t\t\t\t<img fetchpriority=\"high\" decoding=\"async\" width=\"768\" height=\"213\" src=\"https:\/\/www.kdriu.hu\/wp-content\/uploads\/2026\/01\/nextgen-768x213.png\" class=\"attachment-medium_large size-medium_large wp-image-9994\" alt=\"\" srcset=\"https:\/\/www.kdriu.hu\/wp-content\/uploads\/2026\/01\/nextgen-768x213.png 768w, https:\/\/www.kdriu.hu\/wp-content\/uploads\/2026\/01\/nextgen-300x83.png 300w, https:\/\/www.kdriu.hu\/wp-content\/uploads\/2026\/01\/nextgen-18x5.png 18w, https:\/\/www.kdriu.hu\/wp-content\/uploads\/2026\/01\/nextgen.png 782w\" sizes=\"(max-width: 768px) 100vw, 768px\" \/>\t\t\t\t\t\t\t\t\t\t\t\t\t\t\t<\/div>\n\t\t\t\t<\/div>\n\t\t\t\t<div class=\"elementor-element elementor-element-a0264cb elementor-widget elementor-widget-image\" data-id=\"a0264cb\" data-element_type=\"widget\" data-e-type=\"widget\" data-widget_type=\"image.default\">\n\t\t\t\t<div class=\"elementor-widget-container\">\n\t\t\t\t\t\t\t\t\t\t\t\t\t\t\t<img decoding=\"async\" width=\"150\" height=\"150\" src=\"https:\/\/www.kdriu.hu\/wp-content\/uploads\/2026\/01\/netfavour_logo_web_2-150x150.png\" class=\"attachment-thumbnail size-thumbnail wp-image-9993\" alt=\"\" srcset=\"https:\/\/www.kdriu.hu\/wp-content\/uploads\/2026\/01\/netfavour_logo_web_2-150x150.png 150w, https:\/\/www.kdriu.hu\/wp-content\/uploads\/2026\/01\/netfavour_logo_web_2-11x12.png 11w\" sizes=\"(max-width: 150px) 100vw, 150px\" \/>\t\t\t\t\t\t\t\t\t\t\t\t\t\t\t<\/div>\n\t\t\t\t<\/div>\n\t\t\t\t<div class=\"elementor-element elementor-element-58c24dd0 elementor-widget elementor-widget-text-editor\" data-id=\"58c24dd0\" data-element_type=\"widget\" data-e-type=\"widget\" data-widget_type=\"text-editor.default\">\n\t\t\t\t<div class=\"elementor-widget-container\">\n\t\t\t\t\t\t\t\t\t<p><b>T\u00e1rsadalmi Innov\u00e1ci\u00f3s Nemzeti Laborat\u00f3rium (TINLAB)<\/b><\/p>\n<p><b>Project ID:<\/b> RRF-2.3.1-21-2022-00013<\/p>\n<p>A KDRI\u00dc Nonprofit Kft. a T\u00e1rsadalmi Innov\u00e1ci\u00f3s Nemzeti Laborat\u00f3rium (TINLAB) projekt keret\u00e9ben egy olyan digit\u00e1lis megold\u00e1st fejlesztett, amely a k\u00f6z\u00f6ss\u00e9gek mindennapi egy\u00fcttm\u0171k\u00f6d\u00e9s\u00e9t er\u0151s\u00edti: ez a <b>Netfavour \u2013 sz\u00edvess\u00e9gbank applik\u00e1ci\u00f3<\/b> k\u00f6z\u00f6ss\u00e9geknek.<\/p>\t\t\t\t\t\t\t\t<\/div>\n\t\t\t\t<\/div>\n\t\t\t\t<div class=\"elementor-element elementor-element-27c5df5 elementor-widget elementor-widget-text-editor\" data-id=\"27c5df5\" data-element_type=\"widget\" data-e-type=\"widget\" data-widget_type=\"text-editor.default\">\n\t\t\t\t<div class=\"elementor-widget-container\">\n\t\t\t\t\t\t\t\t\t<p>A TINLAB c\u00e9lja, hogy defini\u00e1lja \u00e9s n\u00e9pszer\u0171s\u00edtse a t\u00e1rsadalmi innov\u00e1ci\u00f3t, \u00e9s hozz\u00e1j\u00e1ruljon a finansz\u00edroz\u00e1si, jogi \u00e9s szakmai keretrendszerek fejleszt\u00e9s\u00e9hez, tov\u00e1bb\u00e1 t\u00e1mogassa a hazai t\u00e1rsadalmi innov\u00e1ci\u00f3s t\u00f6rekv\u00e9seket \u00e9s er\u0151s\u00edtse azok nemzetk\u00f6zi be\u00e1gyazotts\u00e1g\u00e1t.<\/p>\t\t\t\t\t\t\t\t<\/div>\n\t\t\t\t<\/div>\n\t\t\t\t<div class=\"elementor-element elementor-element-e12123a elementor-widget elementor-widget-text-editor\" data-id=\"e12123a\" data-element_type=\"widget\" data-e-type=\"widget\" data-widget_type=\"text-editor.default\">\n\t\t\t\t<div class=\"elementor-widget-container\">\n\t\t\t\t\t\t\t\t\t<p><span style=\"font-style: inherit; font-weight: inherit;\">A digitaliz\u00e1ci\u00f3 sokszor \u00fagy teremt kapcsolatot, hogy k\u00f6zben l\u00e1thatatlan t\u00e1vols\u00e1got is okozhat a mindennapi emberi kapcsol\u00f3d\u00e1sokban. A Netfavour erre ad gyakorlati v\u00e1laszt: egy olyan sz\u00edvess\u00e9gbank applik\u00e1ci\u00f3, amelyben a k\u00f6z\u00f6ss\u00e9g tagjai egyszer\u0171en tudnak sz\u00edvess\u00e9get felaj\u00e1nlani, k\u00e9rni \u00e9s egym\u00e1snak seg\u00edteni \u2013 \u00e1tl\u00e1that\u00f3, k\u00f6z\u00f6ss\u00e9gre szabhat\u00f3 keretek k\u00f6z\u00f6tt.<\/span><\/p>\n<p>A Netfavour els\u0151dlegesen nagyobb k\u00f6z\u00f6ss\u00e9gek bels\u0151 h\u00e1l\u00f3zatak\u00e9nt m\u0171k\u00f6dik: k\u00f6z\u00f6ss\u00e9genk\u00e9nt testreszabhat\u00f3, \u00e9s t\u00f6bbf\u00e9le k\u00f6rnyezetben bevezethet\u0151 (p\u00e9ld\u00e1ul oktat\u00e1si int\u00e9zm\u00e9nyben, civil szervezeti h\u00e1l\u00f3zatban vagy v\u00e1llalati k\u00f6zegben). A fejleszt\u00e9st m\u00f3dszertani tesztel\u00e9s is t\u00e1mogatja (f\u00f3kuszcsoportos valid\u00e1l\u00e1s), hogy a funkci\u00f3k val\u00f3di k\u00f6z\u00f6ss\u00e9gi ig\u00e9nyekre reag\u00e1ljanak.<\/p>\n<p><span style=\"font-weight: 700;\">Fejleszt\u0151 partner:&nbsp;<\/span>Pressenger Kft.<\/p>\n<p><strong>El\u00e9rhet\u0151s\u00e9g:<\/strong> a Netfavour iOS \u00e9s Android platformon is el\u00e9rhet\u0151 lesz.<\/p>\n<p><strong><span style=\"font-style: inherit;\">K<\/span><span style=\"font-style: inherit;\">inek sz\u00f3l?<\/span><\/strong><\/p>\n<p><span style=\"font-style: inherit; font-weight: inherit;\">Szervezeteknek \u00e9s k\u00f6z\u00f6ss\u00e9geknek, akik szeretn\u00e9k er\u0151s\u00edteni a bels\u0151 kapcsol\u00f3d\u00e1st, \u00e9s egyszer\u0171 eszk\u00f6zt keresnek a k\u00f6lcs\u00f6n\u00f6s seg\u00edts\u00e9gny\u00fajt\u00e1s szervez\u00e9s\u00e9re.<\/span><\/p>\n<p><strong><span style=\"font-style: inherit;\">V\u00e1rhat\u00f3 hat\u00e1s \/ hasznosul\u00e1s<\/span><\/strong><\/p>\n<p><span style=\"font-style: inherit; font-weight: inherit;\">A Netfavour c\u00e9lja, hogy a seg\u00edts\u00e9gk\u00e9r\u00e9s \u00e9s seg\u00edts\u00e9gny\u00fajt\u00e1s term\u00e9szetes, k\u00f6nnyen ind\u00edthat\u00f3 folyamatt\u00e1 v\u00e1ljon k\u00f6z\u00f6ss\u00e9geken bel\u00fcl, \u00e9s ezzel t\u00e1mogassa a bizalom, egy\u00fcttm\u0171k\u00f6d\u00e9s \u00e9s r\u00e9szv\u00e9tel er\u0151s\u00f6d\u00e9s\u00e9t.<\/span><\/p>\t\t\t\t\t\t\t\t<\/div>\n\t\t\t\t<\/div>\n\t\t\t\t<div class=\"elementor-element elementor-element-b67b642 elementor-widget elementor-widget-text-editor\" data-id=\"b67b642\" data-element_type=\"widget\" data-e-type=\"widget\" data-widget_type=\"text-editor.default\">\n\t\t\t\t<div class=\"elementor-widget-container\">\n\t\t\t\t\t\t\t\t\t<p><strong><em>K\u00e9sz\u00fclt az RRF-2.3.1-21-2022-00013 azonos\u00edt\u00f3sz\u00e1m\u00fa &#8222;T\u00e1rsadalmi Innov\u00e1ci\u00f3s Nemzeti Laborat\u00f3rium&#8221; elnevez\u00e9s\u0171 projektben, Magyarorsz\u00e1g Helyre\u00e1ll\u00edt\u00e1si \u00e9s Ellen\u00e1ll\u00f3k\u00e9pess\u00e9gi Terv\u00e9nek keret\u00e9ben, az Eur\u00f3pai Uni\u00f3 Helyre\u00e1ll\u00edt\u00e1si \u00e9s Ellen\u00e1ll\u00f3k\u00e9pess\u00e9gi Eszk\u00f6z\u00e9nek t\u00e1mogat\u00e1s\u00e1val.<\/em><\/strong><\/p>\t\t\t\t\t\t\t\t<\/div>\n\t\t\t\t<\/div>\n\t\t\t\t<div class=\"elementor-element elementor-element-3c95281e elementor-widget elementor-widget-toggle\" data-id=\"3c95281e\" data-element_type=\"widget\" data-e-type=\"widget\" data-widget_type=\"toggle.default\">\n\t\t\t\t<div class=\"elementor-widget-container\">\n\t\t\t\t\t\t\t<div class=\"elementor-toggle\">\n\t\t\t\t\t\t\t<div class=\"elementor-toggle-item\">\n\t\t\t\t\t<div id=\"elementor-tab-title-1011\" class=\"elementor-tab-title\" data-tab=\"1\" role=\"button\" aria-controls=\"elementor-tab-content-1011\" aria-expanded=\"false\">\n\t\t\t\t\t\t\t\t\t\t\t\t<span class=\"elementor-toggle-icon elementor-toggle-icon-left\" aria-hidden=\"true\">\n\t\t\t\t\t\t\t\t\t\t\t\t\t\t\t<span class=\"elementor-toggle-icon-closed\"><i class=\"fas fa-caret-right\"><\/i><\/span>\n\t\t\t\t\t\t\t\t<span class=\"elementor-toggle-icon-opened\"><i class=\"elementor-toggle-icon-opened fas fa-caret-up\"><\/i><\/span>\n\t\t\t\t\t\t\t\t\t\t\t\t\t<\/span>\n\t\t\t\t\t\t\t\t\t\t\t\t<a class=\"elementor-toggle-title\" tabindex=\"0\">More news and posts about the project:<\/a>\n\t\t\t\t\t<\/div>\n\n\t\t\t\t\t<div id=\"elementor-tab-content-1011\" class=\"elementor-tab-content elementor-clearfix\" data-tab=\"1\" role=\"region\" aria-labelledby=\"elementor-tab-title-1011\"><\/div>\n\t\t\t\t<\/div>\n\t\t\t\t\t\t\t\t<\/div>\n\t\t\t\t\t\t<\/div>\n\t\t\t\t<\/div>\n\t\t\t\t\t<\/div>\n\t\t<\/div>\n\t\t\t\t\t<\/div>\n\t\t<\/section>\n\t\t\t\t\t<\/div>\n\t\t<\/div>\n\t\t\t\t\t<\/div>\n\t\t<\/section>\n\t\t\t\t<\/div>","protected":false},"excerpt":{"rendered":"<p>K\u00f6z\u00f6ss\u00e9gfejleszt\u00e9si m\u00f3dszertanok hasznos\u00edt\u00e1sa egy innovat\u00edv sz\u00edvess\u00e9gbank applik\u00e1ci\u00f3ban T\u00e1rsadalmi Innov\u00e1ci\u00f3s Nemzeti Laborat\u00f3rium (TINLAB) Projektazonos\u00edt\u00f3: RRF-2.3.1-21-2022-00013 A KDRI\u00dc Nonprofit Kft. a T\u00e1rsadalmi Innov\u00e1ci\u00f3s Nemzeti Laborat\u00f3rium (TINLAB) projekt keret\u00e9ben egy olyan digit\u00e1lis megold\u00e1st fejlesztett, amely a k\u00f6z\u00f6ss\u00e9gek mindennapi egy\u00fcttm\u0171k\u00f6d\u00e9s\u00e9t er\u0151s\u00edti: ez a Netfavour \u2013 sz\u00edvess\u00e9gbank applik\u00e1ci\u00f3 k\u00f6z\u00f6ss\u00e9geknek. A TINLAB c\u00e9lja, hogy defini\u00e1lja \u00e9s n\u00e9pszer\u0171s\u00edtse a t\u00e1rsadalmi innov\u00e1ci\u00f3t, \u00e9s [&hellip;]<\/p>\n","protected":false},"author":1,"featured_media":0,"parent":0,"menu_order":0,"comment_status":"closed","ping_status":"closed","template":"","meta":{"site-sidebar-layout":"no-sidebar","site-content-layout":"page-builder","ast-site-content-layout":"full-width-container","site-content-style":"default","site-sidebar-style":"default","ast-global-header-display":"","ast-banner-title-visibility":"","ast-main-header-display":"","ast-hfb-above-header-display":"","ast-hfb-below-header-display":"","ast-hfb-mobile-header-display":"","site-post-title":"disabled","ast-breadcrumbs-content":"","ast-featured-img":"disabled","footer-sml-layout":"","ast-disable-related-posts":"","theme-transparent-header-meta":"","adv-header-id-meta":"","stick-header-meta":"","header-above-stick-meta":"","header-main-stick-meta":"","header-below-stick-meta":"","astra-migrate-meta-layouts":"set","ast-page-background-enabled":"default","ast-page-background-meta":{"desktop":{"background-color":"","background-image":"","background-repeat":"repeat","background-position":"center center","background-size":"auto","background-attachment":"scroll","background-type":"","background-media":"","overlay-type":"","overlay-color":"","overlay-opacity":"","overlay-gradient":""},"tablet":{"background-color":"","background-image":"","background-repeat":"repeat","background-position":"center center","background-size":"auto","background-attachment":"scroll","background-type":"","background-media":"","overlay-type":"","overlay-color":"","overlay-opacity":"","overlay-gradient":""},"mobile":{"background-color":"","background-image":"","background-repeat":"repeat","background-position":"center center","background-size":"auto","background-attachment":"scroll","background-type":"","background-media":"","overlay-type":"","overlay-color":"","overlay-opacity":"","overlay-gradient":""}},"ast-content-background-meta":{"desktop":{"background-color":"var(--ast-global-color-5)","background-image":"","background-repeat":"repeat","background-position":"center center","background-size":"auto","background-attachment":"scroll","background-type":"","background-media":"","overlay-type":"","overlay-color":"","overlay-opacity":"","overlay-gradient":""},"tablet":{"background-color":"var(--ast-global-color-5)","background-image":"","background-repeat":"repeat","background-position":"center center","background-size":"auto","background-attachment":"scroll","background-type":"","background-media":"","overlay-type":"","overlay-color":"","overlay-opacity":"","overlay-gradient":""},"mobile":{"background-color":"var(--ast-global-color-5)","background-image":"","background-repeat":"repeat","background-position":"center center","background-size":"auto","background-attachment":"scroll","background-type":"","background-media":"","overlay-type":"","overlay-color":"","overlay-opacity":"","overlay-gradient":""}},"footnotes":""},"class_list":["post-9989","page","type-page","status-publish","hentry"],"_links":{"self":[{"href":"https:\/\/www.kdriu.hu\/en\/wp-json\/wp\/v2\/pages\/9989","targetHints":{"allow":["GET"]}}],"collection":[{"href":"https:\/\/www.kdriu.hu\/en\/wp-json\/wp\/v2\/pages"}],"about":[{"href":"https:\/\/www.kdriu.hu\/en\/wp-json\/wp\/v2\/types\/page"}],"author":[{"embeddable":true,"href":"https:\/\/www.kdriu.hu\/en\/wp-json\/wp\/v2\/users\/1"}],"replies":[{"embeddable":true,"href":"https:\/\/www.kdriu.hu\/en\/wp-json\/wp\/v2\/comments?post=9989"}],"version-history":[{"count":25,"href":"https:\/\/www.kdriu.hu\/en\/wp-json\/wp\/v2\/pages\/9989\/revisions"}],"predecessor-version":[{"id":10020,"href":"https:\/\/www.kdriu.hu\/en\/wp-json\/wp\/v2\/pages\/9989\/revisions\/10020"}],"wp:attachment":[{"href":"https:\/\/www.kdriu.hu\/en\/wp-json\/wp\/v2\/media?parent=9989"}],"curies":[{"name":"wp","href":"https:\/\/api.w.org\/{rel}","templated":true}]}}